{"id":68776,"date":"2025-11-26T13:15:30","date_gmt":"2025-11-26T12:15:30","guid":{"rendered":"https:\/\/eafinia.com\/produkt\/personalized-cosmetic-tabletop\/"},"modified":"2026-01-23T14:51:29","modified_gmt":"2026-01-23T13:51:29","slug":"personalized-cosmetic-tabletop","status":"publish","type":"product","link":"https:\/\/eafinia.com\/fr\/produit\/personalized-cosmetic-tabletop\/","title":{"rendered":"Plateau de table personnalis\u00e9 pour la table cosm\u00e9tique"},"content":{"rendered":"<p data-start=\"101\" data-end=\"247\"><strong data-start=\"101\" data-end=\"172\">*Les cadres ne peuvent \u00eatre achet\u00e9s qu&#8217;avec des plateaux de table.<\/strong><br data-start=\"172\" data-end=\"175\" \/><strong data-start=\"175\" data-end=\"247\">*Les tables cosm\u00e9tiques sont con\u00e7ues pour accueillir un Aspirateur.<\/strong><\/p>\n<p data-start=\"249\" data-end=\"487\">Choisis ton plateau de table parfait pour la table cosm\u00e9tique \u2013 disponible en plusieurs finitions uniques : Cashmere Mat, Andromeda, Ch\u00eane, Rosy et Blanc. Chaque version est con\u00e7ue pour allier esth\u00e9tique, durabilit\u00e9 et confort de travail.<\/p>\n<p data-start=\"489\" data-end=\"728\">Tu peux personnaliser davantage le plateau en s\u00e9lectionnant des passe-c\u00e2bles et des grilles d\u2019a\u00e9ration dans ta couleur pr\u00e9f\u00e9r\u00e9e : or, noir, blanc ou argent \u2013 pour que ta table cosm\u00e9tique s\u2019harmonise parfaitement avec le style de ton salon.<\/p>\n<p data-start=\"730\" data-end=\"1058\">Ajoute un Aspirateur professionnel \u00e0 ton plateau s\u00e9lectionn\u00e9 et choisis l\u2019un des six cadres disponibles (2 pi\u00e8ces) \u2013 chacun en diff\u00e9rentes options de couleur. Compl\u00e8te l\u2019ensemble avec des accessoires pratiques et cr\u00e9e ta propre table cosm\u00e9tique enti\u00e8rement personnalis\u00e9e, alliant confort de travail et apparence impressionnante.<\/p>\n","protected":false},"excerpt":{"rendered":"<p>Accessories<\/p>\n","protected":false},"featured_media":68213,"comment_status":"open","ping_status":"closed","template":"","meta":{"_acf_changed":false,"inline_featured_image":false},"product_brand":[],"product_cat":[749,308,305],"product_tag":[694],"class_list":{"0":"post-68776","1":"product","2":"type-product","3":"status-publish","4":"has-post-thumbnail","6":"product_cat-nouveautes","7":"product_cat-standard-fr","8":"product_cat-tables-de-cosmetique","9":"product_tag-wysylka-stoly-low-fr-30","10":"product_shipping_class-courier-pochlaniacze-zagranica-fr-8","11":"sales-flash-overlay","12":"woocommerce-text-align-left","13":"woocommerce-image-align-center","14":"do-quantity-buttons","16":"first","17":"instock","18":"taxable","19":"shipping-taxable","20":"purchasable","21":"product-type-variable","22":"add-to-wishlist-before_image"},"acf":[],"gallery_images":[68217,68377,68221,68273,68225,68353,68229,68233,68389,68237,68245,68249,68261,68265,68277,68281,68285,68293,68297,68305,68309,68317,68325,68329,68333,68337,68341,68345,68361,68369,68373,68385],"_links":{"self":[{"href":"https:\/\/eafinia.com\/fr\/wp-json\/wp\/v2\/product\/68776","targetHints":{"allow":["GET"]}}],"collection":[{"href":"https:\/\/eafinia.com\/fr\/wp-json\/wp\/v2\/product"}],"about":[{"href":"https:\/\/eafinia.com\/fr\/wp-json\/wp\/v2\/types\/product"}],"replies":[{"embeddable":true,"href":"https:\/\/eafinia.com\/fr\/wp-json\/wp\/v2\/comments?post=68776"}],"wp:featuredmedia":[{"embeddable":true,"href":"https:\/\/eafinia.com\/fr\/wp-json\/wp\/v2\/media\/68213"}],"wp:attachment":[{"href":"https:\/\/eafinia.com\/fr\/wp-json\/wp\/v2\/media?parent=68776"}],"wp:term":[{"taxonomy":"product_brand","embeddable":true,"href":"https:\/\/eafinia.com\/fr\/wp-json\/wp\/v2\/product_brand?post=68776"},{"taxonomy":"product_cat","embeddable":true,"href":"https:\/\/eafinia.com\/fr\/wp-json\/wp\/v2\/product_cat?post=68776"},{"taxonomy":"product_tag","embeddable":true,"href":"https:\/\/eafinia.com\/fr\/wp-json\/wp\/v2\/product_tag?post=68776"}],"curies":[{"name":"wp","href":"https:\/\/api.w.org\/{rel}","templated":true}]}}