{"id":68534,"date":"2025-12-08T15:05:35","date_gmt":"2025-12-08T14:05:35","guid":{"rendered":"https:\/\/eafinia.com\/?post_type=product&#038;p=68534"},"modified":"2026-04-07T11:03:07","modified_gmt":"2026-04-07T09:03:07","slug":"fraiseuse-marathon-3-champion-edition-2026","status":"publish","type":"product","link":"https:\/\/eafinia.com\/fr\/produit\/fraiseuse-marathon-3-champion-edition-2026\/","title":{"rendered":"Fraiseuse Marathon 3 Champion &#8211; \u00c9dition 2026"},"content":{"rendered":"<p data-start=\"2593\" data-end=\"2935\"><strong data-start=\"2621\" data-end=\"2693\">Fraiseuse professionnelle Saeyang Marathon 3 Champion \u2013 \u00c9dition 2026<\/strong> en blanc, con\u00e7ue pour une utilisation dans les salons de beaut\u00e9. Le panneau de commande clair et lisible, ainsi que la manipulation intuitive, en font un excellent choix aussi bien pour les d\u00e9butants que pour les professionnels exp\u00e9riment\u00e9s.<\/p>\n<p data-start=\"2937\" data-end=\"3214\">Elle est \u00e9quip\u00e9e d&#8217;une pi\u00e8ce \u00e0 main tr\u00e8s puissante avec un couple de 2,9 Ncm. La vitesse maximale de rotation est de 30 000 tr\/min. La pi\u00e8ce \u00e0 main est totalement exempte de vibrations, et sa forme ergonomique ainsi que sa l\u00e9g\u00e8ret\u00e9 rendent le travail particuli\u00e8rement agr\u00e9able.<\/p>\n<p data-start=\"3216\" data-end=\"3418\">La pi\u00e8ce \u00e0 main dispose d\u2019un syst\u00e8me de verrouillage TWIST-LOCK, permettant un changement d\u2019embout en un seul geste. Un support suppl\u00e9mentaire pour la pi\u00e8ce \u00e0 main peut \u00e9galement \u00eatre fix\u00e9 \u00e0 l\u2019appareil.<\/p>\n<p data-start=\"3216\" data-end=\"3418\"><strong>La version modernis\u00e9e du mod\u00e8le populaire Saeyang Marathon 3 Champion NEW a re\u00e7u une \u00e9lectronique am\u00e9lior\u00e9e ainsi qu\u2019un nouveau syst\u00e8me de transistors. Les modifications apport\u00e9es ont augment\u00e9 la r\u00e9sistance de l\u2019appareil aux charges et am\u00e9lior\u00e9 sa stabilit\u00e9, ce qui se traduit par un travail plus efficace lors du traitement des cuticules et des ongles.<\/strong><\/p>\n<p data-start=\"3420\" data-end=\"3499\">Le kit comprend \u00e9galement une p\u00e9dale d\u00e9di\u00e9e pour r\u00e9gler la vitesse de rotation.<\/p>\n","protected":false},"excerpt":{"rendered":"<p>Accessoires<\/p>\n","protected":false},"featured_media":68515,"comment_status":"open","ping_status":"closed","template":"","meta":{"_acf_changed":false,"inline_featured_image":false},"product_brand":[],"product_cat":[304],"product_tag":[],"class_list":{"0":"post-68534","1":"product","2":"type-product","3":"status-publish","4":"has-post-thumbnail","6":"product_cat-accessories-fr","7":"product_shipping_class-courier-akcesoria-zagranica-fr","8":"sales-flash-overlay","9":"woocommerce-text-align-left","10":"woocommerce-image-align-center","11":"do-quantity-buttons","13":"first","14":"instock","15":"taxable","16":"shipping-taxable","17":"purchasable","18":"product-type-simple","19":"add-to-wishlist-before_image"},"acf":[],"gallery_images":[68519,68527,68523,68531],"_links":{"self":[{"href":"https:\/\/eafinia.com\/fr\/wp-json\/wp\/v2\/product\/68534","targetHints":{"allow":["GET"]}}],"collection":[{"href":"https:\/\/eafinia.com\/fr\/wp-json\/wp\/v2\/product"}],"about":[{"href":"https:\/\/eafinia.com\/fr\/wp-json\/wp\/v2\/types\/product"}],"replies":[{"embeddable":true,"href":"https:\/\/eafinia.com\/fr\/wp-json\/wp\/v2\/comments?post=68534"}],"wp:featuredmedia":[{"embeddable":true,"href":"https:\/\/eafinia.com\/fr\/wp-json\/wp\/v2\/media\/68515"}],"wp:attachment":[{"href":"https:\/\/eafinia.com\/fr\/wp-json\/wp\/v2\/media?parent=68534"}],"wp:term":[{"taxonomy":"product_brand","embeddable":true,"href":"https:\/\/eafinia.com\/fr\/wp-json\/wp\/v2\/product_brand?post=68534"},{"taxonomy":"product_cat","embeddable":true,"href":"https:\/\/eafinia.com\/fr\/wp-json\/wp\/v2\/product_cat?post=68534"},{"taxonomy":"product_tag","embeddable":true,"href":"https:\/\/eafinia.com\/fr\/wp-json\/wp\/v2\/product_tag?post=68534"}],"curies":[{"name":"wp","href":"https:\/\/api.w.org\/{rel}","templated":true}]}}