{"id":66749,"date":"2025-05-26T12:17:53","date_gmt":"2025-05-26T10:17:53","guid":{"rendered":"https:\/\/eafinia.com\/?post_type=product&#038;p=66749"},"modified":"2026-04-02T11:31:40","modified_gmt":"2026-04-02T09:31:40","slug":"repose-mains-afinia-luna","status":"publish","type":"product","link":"https:\/\/eafinia.com\/fr\/produit\/repose-mains-afinia-luna\/","title":{"rendered":"Repose-mains Afinia Luna"},"content":{"rendered":"<p>Support de main \u00e9l\u00e9gant et fonctionnel, con\u00e7u pour le confort de la styliste et du client. Gr\u00e2ce \u00e0 sa conception ergonomique, il offre un appui confortable pour les mains, facilitant le travail de stylisation des ongles. Fabriqu\u00e9 \u00e0 partir de mat\u00e9riaux durables, r\u00e9sistant \u00e0 l&#8217;ac\u00e9tone, \u00e0 la chaleur et \u00e0 la salet\u00e9, assurant une utilisation durable et un entretien facile. Disponible en couleurs \u00e9l\u00e9gantes : cr\u00e9meux et noir.<\/p>\n","protected":false},"excerpt":{"rendered":"<p>Accessoires<\/p>\n","protected":false},"featured_media":66741,"comment_status":"open","ping_status":"closed","template":"","meta":{"_acf_changed":false,"inline_featured_image":false},"product_brand":[],"product_cat":[304,749],"product_tag":[763],"class_list":{"0":"post-66749","1":"product","2":"type-product","3":"status-publish","4":"has-post-thumbnail","6":"product_cat-accessories-fr","7":"product_cat-nouveautes","8":"product_tag-accessoriesfr","9":"product_shipping_class-courier-akcesoria-zagranica-fr","10":"sales-flash-overlay","11":"woocommerce-text-align-left","12":"woocommerce-image-align-center","13":"do-quantity-buttons","15":"first","16":"instock","17":"taxable","18":"shipping-taxable","19":"purchasable","20":"product-type-variable","21":"add-to-wishlist-before_image"},"acf":[],"gallery_images":[66737,66733,66729,66725,66721,66717,66713,66709,66705,69096,69092],"_links":{"self":[{"href":"https:\/\/eafinia.com\/fr\/wp-json\/wp\/v2\/product\/66749","targetHints":{"allow":["GET"]}}],"collection":[{"href":"https:\/\/eafinia.com\/fr\/wp-json\/wp\/v2\/product"}],"about":[{"href":"https:\/\/eafinia.com\/fr\/wp-json\/wp\/v2\/types\/product"}],"replies":[{"embeddable":true,"href":"https:\/\/eafinia.com\/fr\/wp-json\/wp\/v2\/comments?post=66749"}],"wp:featuredmedia":[{"embeddable":true,"href":"https:\/\/eafinia.com\/fr\/wp-json\/wp\/v2\/media\/66741"}],"wp:attachment":[{"href":"https:\/\/eafinia.com\/fr\/wp-json\/wp\/v2\/media?parent=66749"}],"wp:term":[{"taxonomy":"product_brand","embeddable":true,"href":"https:\/\/eafinia.com\/fr\/wp-json\/wp\/v2\/product_brand?post=66749"},{"taxonomy":"product_cat","embeddable":true,"href":"https:\/\/eafinia.com\/fr\/wp-json\/wp\/v2\/product_cat?post=66749"},{"taxonomy":"product_tag","embeddable":true,"href":"https:\/\/eafinia.com\/fr\/wp-json\/wp\/v2\/product_tag?post=66749"}],"curies":[{"name":"wp","href":"https:\/\/api.w.org\/{rel}","templated":true}]}}