{"id":66602,"date":"2025-05-13T13:50:15","date_gmt":"2025-05-13T11:50:15","guid":{"rendered":"https:\/\/eafinia.com\/?post_type=product&#038;p=66602"},"modified":"2026-03-24T12:58:01","modified_gmt":"2026-03-24T11:58:01","slug":"filtre-a-polyester-ndc-2000","status":"publish","type":"product","link":"https:\/\/eafinia.com\/fr\/produit\/filtre-a-polyester-ndc-2000\/","title":{"rendered":"Filtre \u00e0 polyester NDC 2000"},"content":{"rendered":"<p><strong>Filtre con\u00e7u UNIQUEMENT pour l\u2019Aspirateur Afinia NDC 2000<\/strong><\/p>\n<p>Le filtre utilise un mat\u00e9riau tr\u00e8s efficace \u00e0 base de microfibres de polyester. Le mat\u00e9riau est enti\u00e8rement synth\u00e9tique et emp\u00eache la propagation des micro-organismes sur la surface du filtre.<\/p>\n<p>La fonction principale de ce filtre est de prot\u00e9ger contre les polluants et d\u2019assurer un air propre. Il est capable de purifier de tr\u00e8s grands volumes d\u2019air, en \u00e9liminant la poussi\u00e8re, le pollen, les spores de champignons, la fum\u00e9e, la poussi\u00e8re de quartz provenant de processus technologiques, etc. Les filtres de haute qualit\u00e9 Afinia <strong>\u00e9liminent 99\u00a0% des impuret\u00e9s pr\u00e9sentes dans l\u2019air<\/strong>, assurant un air frais, sans polluants ni allerg\u00e8nes.<\/p>\n<p>Le mat\u00e9riau est \u00e9galement caract\u00e9ris\u00e9 par une tr\u00e8s grande capacit\u00e9 d\u2019absorption des polluants et une faible r\u00e9sistance \u00e0 l\u2019air, ce qui prolonge la dur\u00e9e de vie du filtre. L\u2019un des atouts de ce filtre est sa grande efficacit\u00e9 \u2013 <strong>il capture la majorit\u00e9 des particules de 1 \u00e0 10 microns<\/strong> et poss\u00e8de une classe de filtration ISO ePM10 selon la norme DIN EN ISO 16890.<\/p>\n","protected":false},"excerpt":{"rendered":"<p>Filtre d\u00e9poussi\u00e9reur<\/p>\n","protected":false},"featured_media":66591,"comment_status":"open","ping_status":"closed","template":"","meta":{"_acf_changed":false,"inline_featured_image":false},"product_brand":[],"product_cat":[309,311],"product_tag":[],"class_list":{"0":"post-66602","1":"product","2":"type-product","3":"status-publish","4":"has-post-thumbnail","6":"product_cat-filtres","7":"product_cat-filtres-ndc-2000","8":"product_shipping_class-courier-akcesoria-zagranica-fr","9":"sales-flash-overlay","10":"woocommerce-text-align-left","11":"woocommerce-image-align-center","12":"do-quantity-buttons","14":"first","15":"instock","16":"taxable","17":"shipping-taxable","18":"purchasable","19":"product-type-simple","20":"add-to-wishlist-before_image"},"acf":[],"gallery_images":[66599,66595],"_links":{"self":[{"href":"https:\/\/eafinia.com\/fr\/wp-json\/wp\/v2\/product\/66602","targetHints":{"allow":["GET"]}}],"collection":[{"href":"https:\/\/eafinia.com\/fr\/wp-json\/wp\/v2\/product"}],"about":[{"href":"https:\/\/eafinia.com\/fr\/wp-json\/wp\/v2\/types\/product"}],"replies":[{"embeddable":true,"href":"https:\/\/eafinia.com\/fr\/wp-json\/wp\/v2\/comments?post=66602"}],"wp:featuredmedia":[{"embeddable":true,"href":"https:\/\/eafinia.com\/fr\/wp-json\/wp\/v2\/media\/66591"}],"wp:attachment":[{"href":"https:\/\/eafinia.com\/fr\/wp-json\/wp\/v2\/media?parent=66602"}],"wp:term":[{"taxonomy":"product_brand","embeddable":true,"href":"https:\/\/eafinia.com\/fr\/wp-json\/wp\/v2\/product_brand?post=66602"},{"taxonomy":"product_cat","embeddable":true,"href":"https:\/\/eafinia.com\/fr\/wp-json\/wp\/v2\/product_cat?post=66602"},{"taxonomy":"product_tag","embeddable":true,"href":"https:\/\/eafinia.com\/fr\/wp-json\/wp\/v2\/product_tag?post=66602"}],"curies":[{"name":"wp","href":"https:\/\/api.w.org\/{rel}","templated":true}]}}