{"id":66560,"date":"2025-05-06T13:41:28","date_gmt":"2025-05-06T11:41:28","guid":{"rendered":"https:\/\/eafinia.com\/?post_type=product&#038;p=66560"},"modified":"2026-04-02T14:55:16","modified_gmt":"2026-04-02T12:55:16","slug":"cosmetic-table-afinia-calacatta","status":"publish","type":"product","link":"https:\/\/eafinia.com\/fr\/produit\/cosmetic-table-afinia-calacatta\/","title":{"rendered":"Table Cosm\u00e9tique Afinia Calacatta"},"content":{"rendered":"<p>La <strong>table cosm\u00e9tique Afinia Calacatta<\/strong> allie un design \u00e9l\u00e9gant \u00e0 des solutions pratiques, parfaite pour tout salon de beaut\u00e9 moderne, clinique de m\u00e9decine esth\u00e9tique ou spa. Le plateau, en pierre <strong>Calacatta<\/strong>, pr\u00e9sente un motif marbr\u00e9 raffin\u00e9 qui apporte une touche de luxe et de professionnalisme \u00e0 l\u2019int\u00e9rieur.<\/p>\n","protected":false},"excerpt":{"rendered":"<p>Table cosm\u00e9tique, table de manucure<\/p>\n","protected":false},"featured_media":66546,"comment_status":"open","ping_status":"closed","template":"","meta":{"_acf_changed":false,"inline_featured_image":false},"product_brand":[],"product_cat":[749,308,305],"product_tag":[321,780,713,319,334,317,777],"class_list":{"0":"post-66560","1":"product","2":"type-product","3":"status-publish","4":"has-post-thumbnail","6":"product_cat-nouveautes","7":"product_cat-standard-fr","8":"product_cat-tables-de-cosmetique","9":"product_tag-decoupe-ergonomique-dans-le-plateau-pour-un-travail-confortable-du-styliste","10":"product_tag-number-of-electrical-outlets-4-fr","11":"product_tag-plateau-en-quartz-fritte","12":"product_tag-prises-electriques-integrees","13":"product_tag-table-assemblee-et-prete-a-lemploi","14":"product_tag-ventilation-vers-lexterieur","15":"product_tag-wysylka-stoly-hight-fr-80-15e-dystanse","16":"sales-flash-overlay","17":"woocommerce-text-align-left","18":"woocommerce-image-align-center","19":"do-quantity-buttons","21":"first","22":"outofstock","23":"taxable","24":"shipping-taxable","25":"purchasable","26":"product-type-variable","27":"add-to-wishlist-before_image"},"acf":[],"gallery_images":[66542,66538,66534,67261,67265,66530,66526,66522,66518,66514,66510,66506,66502,66498,66494,66490,66486,66482,66478,66474],"_links":{"self":[{"href":"https:\/\/eafinia.com\/fr\/wp-json\/wp\/v2\/product\/66560","targetHints":{"allow":["GET"]}}],"collection":[{"href":"https:\/\/eafinia.com\/fr\/wp-json\/wp\/v2\/product"}],"about":[{"href":"https:\/\/eafinia.com\/fr\/wp-json\/wp\/v2\/types\/product"}],"replies":[{"embeddable":true,"href":"https:\/\/eafinia.com\/fr\/wp-json\/wp\/v2\/comments?post=66560"}],"wp:featuredmedia":[{"embeddable":true,"href":"https:\/\/eafinia.com\/fr\/wp-json\/wp\/v2\/media\/66546"}],"wp:attachment":[{"href":"https:\/\/eafinia.com\/fr\/wp-json\/wp\/v2\/media?parent=66560"}],"wp:term":[{"taxonomy":"product_brand","embeddable":true,"href":"https:\/\/eafinia.com\/fr\/wp-json\/wp\/v2\/product_brand?post=66560"},{"taxonomy":"product_cat","embeddable":true,"href":"https:\/\/eafinia.com\/fr\/wp-json\/wp\/v2\/product_cat?post=66560"},{"taxonomy":"product_tag","embeddable":true,"href":"https:\/\/eafinia.com\/fr\/wp-json\/wp\/v2\/product_tag?post=66560"}],"curies":[{"name":"wp","href":"https:\/\/api.w.org\/{rel}","templated":true}]}}