{"id":65856,"date":"2025-02-28T11:54:46","date_gmt":"2025-02-28T10:54:46","guid":{"rendered":"https:\/\/eafinia.com\/?post_type=product&#038;p=65856"},"modified":"2026-03-08T23:04:12","modified_gmt":"2026-03-08T22:04:12","slug":"repose-mains-afinia-comfort","status":"publish","type":"product","link":"https:\/\/eafinia.com\/fr\/produit\/repose-mains-afinia-comfort\/","title":{"rendered":"Repose-mains Afinia Comfort"},"content":{"rendered":"<p>Un support \u00e9l\u00e9gant et fonctionnel con\u00e7u pour le confort de la styliste et du client. Gr\u00e2ce \u00e0 son design ergonomique, il offre un soutien confortable de la main, facilitant le travail lors de la mise en beaut\u00e9 des ongles. Fabriqu\u00e9 \u00e0 partir de mat\u00e9riaux durables, il est r\u00e9sistant \u00e0 l\u2019ac\u00e9tone, aux hautes temp\u00e9ratures et aux salissures, garantissant une utilisation longue dur\u00e9e et un entretien facile. Disponible en couleurs \u00e9l\u00e9gantes : cr\u00e9meux et rose.<\/p>\n","protected":false},"excerpt":{"rendered":"<p>Accessoires<\/p>\n","protected":false},"featured_media":65836,"comment_status":"open","ping_status":"closed","template":"","meta":{"_acf_changed":false,"inline_featured_image":false},"product_brand":[],"product_cat":[304,749],"product_tag":[763],"class_list":{"0":"post-65856","1":"product","2":"type-product","3":"status-publish","4":"has-post-thumbnail","6":"product_cat-accessories-fr","7":"product_cat-nouveautes","8":"product_tag-accessoriesfr","9":"product_shipping_class-courier-akcesoria-zagranica-fr","10":"sales-flash-overlay","11":"woocommerce-text-align-left","12":"woocommerce-image-align-center","13":"do-quantity-buttons","15":"first","16":"instock","17":"taxable","18":"shipping-taxable","19":"purchasable","20":"product-type-variable","21":"add-to-wishlist-before_image"},"acf":[],"gallery_images":[65844,65840,65832,65828,65848,65852],"_links":{"self":[{"href":"https:\/\/eafinia.com\/fr\/wp-json\/wp\/v2\/product\/65856","targetHints":{"allow":["GET"]}}],"collection":[{"href":"https:\/\/eafinia.com\/fr\/wp-json\/wp\/v2\/product"}],"about":[{"href":"https:\/\/eafinia.com\/fr\/wp-json\/wp\/v2\/types\/product"}],"replies":[{"embeddable":true,"href":"https:\/\/eafinia.com\/fr\/wp-json\/wp\/v2\/comments?post=65856"}],"wp:featuredmedia":[{"embeddable":true,"href":"https:\/\/eafinia.com\/fr\/wp-json\/wp\/v2\/media\/65836"}],"wp:attachment":[{"href":"https:\/\/eafinia.com\/fr\/wp-json\/wp\/v2\/media?parent=65856"}],"wp:term":[{"taxonomy":"product_brand","embeddable":true,"href":"https:\/\/eafinia.com\/fr\/wp-json\/wp\/v2\/product_brand?post=65856"},{"taxonomy":"product_cat","embeddable":true,"href":"https:\/\/eafinia.com\/fr\/wp-json\/wp\/v2\/product_cat?post=65856"},{"taxonomy":"product_tag","embeddable":true,"href":"https:\/\/eafinia.com\/fr\/wp-json\/wp\/v2\/product_tag?post=65856"}],"curies":[{"name":"wp","href":"https:\/\/api.w.org\/{rel}","templated":true}]}}