{"id":65364,"date":"2025-02-04T11:47:37","date_gmt":"2025-02-04T10:47:37","guid":{"rendered":"https:\/\/eafinia.com\/?post_type=product&#038;p=65364"},"modified":"2025-12-29T14:22:36","modified_gmt":"2025-12-29T13:22:36","slug":"afinia-uniform","status":"publish","type":"product","link":"https:\/\/eafinia.com\/fr\/produit\/afinia-uniform\/","title":{"rendered":"Afinia Uniform"},"content":{"rendered":"<p>Nous vous pr\u00e9sentons notre nouveau tablier \u2013 \u00e9l\u00e9gant et extr\u00eamement pratique, fabriqu\u00e9 en tissu italien de haute qualit\u00e9 \u00e0 base de viscose et de polyester. Gr\u00e2ce \u00e0 ses poches pratiques, vous pourrez facilement ranger pinceaux, limes et autres accessoires indispensables. Sa taille universelle et sa coupe confortable garantissent une libert\u00e9 de mouvement et un grand confort, tandis que la sangle r\u00e9glable au niveau du cou permet un ajustement parfait \u00e0 la silhouette et aux pr\u00e9f\u00e9rences individuelles. Le tissu est agr\u00e9able au toucher, opaque et l\u00e9g\u00e8rement extensible, ce qui permet au tablier de s\u2019adapter parfaitement \u00e0 la morphologie.<\/p>\n","protected":false},"excerpt":{"rendered":"<p>Nous vous pr\u00e9sentons notre nouveau tablier \u2013 \u00e9l\u00e9gant et extr\u00eamement pratique, fabriqu\u00e9 en tissu italien de haute qualit\u00e9 \u00e0 base de viscose et de polyester. Gr\u00e2ce \u00e0 ses poches pratiques, vous pourrez facilement ranger pinceaux, limes et autres accessoires indispensables. Sa taille universelle et sa coupe confortable garantissent une libert\u00e9 de mouvement et un grand &#8230; <a title=\"Afinia Uniform\" class=\"read-more\" href=\"https:\/\/eafinia.com\/fr\/produit\/afinia-uniform\/\" aria-label=\"En savoir plus sur Afinia Uniform\">Lire plus<\/a><\/p>\n","protected":false},"featured_media":65306,"comment_status":"open","ping_status":"closed","template":"","meta":{"_acf_changed":false,"inline_featured_image":false},"product_brand":[],"product_cat":[304,749],"product_tag":[498],"class_list":{"0":"post-65364","1":"product","2":"type-product","3":"status-publish","4":"has-post-thumbnail","6":"product_cat-accessories-fr","7":"product_cat-nouveautes","8":"product_tag-sda-fr-koszt-x1-5","9":"product_shipping_class-courier-akcesoria-zagranica-fr-2","10":"sales-flash-overlay","11":"woocommerce-text-align-left","12":"woocommerce-image-align-center","13":"do-quantity-buttons","15":"first","16":"instock","17":"taxable","18":"shipping-taxable","19":"purchasable","20":"product-type-variable","21":"add-to-wishlist-before_image"},"acf":[],"gallery_images":[65318,65334,65330,65326,65322,65314,65310,65302,65298,65294,65351,65343,65339,65359,65355,65347],"_links":{"self":[{"href":"https:\/\/eafinia.com\/fr\/wp-json\/wp\/v2\/product\/65364","targetHints":{"allow":["GET"]}}],"collection":[{"href":"https:\/\/eafinia.com\/fr\/wp-json\/wp\/v2\/product"}],"about":[{"href":"https:\/\/eafinia.com\/fr\/wp-json\/wp\/v2\/types\/product"}],"replies":[{"embeddable":true,"href":"https:\/\/eafinia.com\/fr\/wp-json\/wp\/v2\/comments?post=65364"}],"wp:featuredmedia":[{"embeddable":true,"href":"https:\/\/eafinia.com\/fr\/wp-json\/wp\/v2\/media\/65306"}],"wp:attachment":[{"href":"https:\/\/eafinia.com\/fr\/wp-json\/wp\/v2\/media?parent=65364"}],"wp:term":[{"taxonomy":"product_brand","embeddable":true,"href":"https:\/\/eafinia.com\/fr\/wp-json\/wp\/v2\/product_brand?post=65364"},{"taxonomy":"product_cat","embeddable":true,"href":"https:\/\/eafinia.com\/fr\/wp-json\/wp\/v2\/product_cat?post=65364"},{"taxonomy":"product_tag","embeddable":true,"href":"https:\/\/eafinia.com\/fr\/wp-json\/wp\/v2\/product_tag?post=65364"}],"curies":[{"name":"wp","href":"https:\/\/api.w.org\/{rel}","templated":true}]}}