{"id":65185,"date":"2025-01-30T13:32:00","date_gmt":"2025-01-30T12:32:00","guid":{"rendered":"https:\/\/eafinia.com\/?post_type=product&#038;p=65185"},"modified":"2026-01-23T14:51:21","modified_gmt":"2026-01-23T13:51:21","slug":"table-cosmetique-afinia-basic-conglomerat-new","status":"publish","type":"product","link":"https:\/\/eafinia.com\/fr\/produit\/table-cosmetique-afinia-basic-conglomerat-new\/","title":{"rendered":"Table Cosm\u00e9tique Afinia Basic &#8211; Conglom\u00e9rat New"},"content":{"rendered":"<p>La table cosm\u00e9tique AFINIA BASIC Conglom\u00e9rat New est une solution fonctionnelle et esth\u00e9tique pour les espaces de beaut\u00e9. Son design simple et universel comprend un grand espace de rangement avec cinq tiroirs. La table est \u00e9quip\u00e9e d&#8217;entretoises carr\u00e9es qui augmentent la stabilit\u00e9 de la structure. Elle dispose d\u2019un plateau durable en conglom\u00e9rat r\u00e9sistant aux rayures, garantissant non seulement une apparence \u00e9l\u00e9gante, mais aussi une utilisation durable.<\/p>\n<p><strong>*La version de 130 cm pr\u00e9sente une texture de conglom\u00e9rat plus marqu\u00e9e et plus dense \u2014 un effet naturel du processus de production qui conf\u00e8re au plateau un caract\u00e8re plus affirm\u00e9.<\/strong><\/p>\n<div class=\"image-conglomerat\" style=\"display: flex; gap: 20px; flex-wrap: wrap;\">\n<div style=\"margin-top: 20px;\"><strong>version 130 cm:<\/strong><a href=\"https:\/\/afinia.pl\/wp-content\/uploads\/2025\/12\/130cm-konglomerat.jpg\" target=\"_blank\" rel=\"noopener\"><br \/>\n<img decoding=\"async\" style=\"max-width: 300px; width: 100%; height: auto; border-radius: 8px; cursor: pointer;\" src=\"https:\/\/afinia.pl\/wp-content\/uploads\/2025\/12\/130cm-konglomerat.jpg\" alt=\"St\u00f3\u0142 130 cm\" \/><br \/>\n<\/a><\/div>\n<div style=\"margin-top: 20px;\">\n<p><strong>version 116 cm:<\/strong><a href=\"https:\/\/afinia.pl\/wp-content\/uploads\/2024\/10\/NOWE-STOLY-KREMOWE-TLO-2-1E-1.jpg\" target=\"_blank\" rel=\"noopener\"><br \/>\n<img decoding=\"async\" style=\"max-width: 300px; width: 100%; height: auto; border-radius: 8px; cursor: pointer;\" src=\"https:\/\/afinia.pl\/wp-content\/uploads\/2024\/10\/NOWE-STOLY-KREMOWE-TLO-2-1E-1.jpg\" alt=\"St\u00f3\u0142 116 cm\" \/><br \/>\n<\/a><\/p>\n<\/div>\n<\/div>\n<p><strong>Nous recommandons d&#8217;utiliser notre protection en silicone Afinia Cover et de nettoyer avec notre produit Afinia Table Cleaner.<\/strong><\/p>\n","protected":false},"excerpt":{"rendered":"<p>Table cosm\u00e9tique, table de manucure<\/p>\n","protected":false},"featured_media":65169,"comment_status":"open","ping_status":"closed","template":"","meta":{"_acf_changed":false,"inline_featured_image":false},"product_brand":[],"product_cat":[305],"product_tag":[321,698,331,319,334,317],"class_list":{"0":"post-65185","1":"product","2":"type-product","3":"status-publish","4":"has-post-thumbnail","6":"product_cat-tables-de-cosmetique","7":"product_tag-decoupe-ergonomique-dans-le-plateau-pour-un-travail-confortable-du-styliste","8":"product_tag-nombre-de-prises-electriques-4","9":"product_tag-plateau-de-table-de-conglomerat","10":"product_tag-prises-electriques-integrees","11":"product_tag-table-assemblee-et-prete-a-lemploi","12":"product_tag-ventilation-vers-lexterieur","13":"product_shipping_class-courier-stoly-kosmetyczne-zagranica-fr-2","14":"sales-flash-overlay","15":"woocommerce-text-align-left","16":"woocommerce-image-align-center","17":"do-quantity-buttons","19":"first","20":"instock","21":"taxable","22":"shipping-taxable","23":"purchasable","24":"product-type-variable","25":"add-to-wishlist-before_image"},"acf":[],"gallery_images":[65173,67946,67942,67938,67934,67985,67106,68500,68496],"_links":{"self":[{"href":"https:\/\/eafinia.com\/fr\/wp-json\/wp\/v2\/product\/65185","targetHints":{"allow":["GET"]}}],"collection":[{"href":"https:\/\/eafinia.com\/fr\/wp-json\/wp\/v2\/product"}],"about":[{"href":"https:\/\/eafinia.com\/fr\/wp-json\/wp\/v2\/types\/product"}],"replies":[{"embeddable":true,"href":"https:\/\/eafinia.com\/fr\/wp-json\/wp\/v2\/comments?post=65185"}],"wp:featuredmedia":[{"embeddable":true,"href":"https:\/\/eafinia.com\/fr\/wp-json\/wp\/v2\/media\/65169"}],"wp:attachment":[{"href":"https:\/\/eafinia.com\/fr\/wp-json\/wp\/v2\/media?parent=65185"}],"wp:term":[{"taxonomy":"product_brand","embeddable":true,"href":"https:\/\/eafinia.com\/fr\/wp-json\/wp\/v2\/product_brand?post=65185"},{"taxonomy":"product_cat","embeddable":true,"href":"https:\/\/eafinia.com\/fr\/wp-json\/wp\/v2\/product_cat?post=65185"},{"taxonomy":"product_tag","embeddable":true,"href":"https:\/\/eafinia.com\/fr\/wp-json\/wp\/v2\/product_tag?post=65185"}],"curies":[{"name":"wp","href":"https:\/\/api.w.org\/{rel}","templated":true}]}}