{"id":63553,"date":"2024-10-21T14:00:06","date_gmt":"2024-10-21T12:00:06","guid":{"rendered":"https:\/\/eafinia.com\/?post_type=product&#038;p=63553"},"modified":"2026-03-26T23:07:22","modified_gmt":"2026-03-26T22:07:22","slug":"afinia-table-cleaner","status":"publish","type":"product","link":"https:\/\/eafinia.com\/fr\/produit\/afinia-table-cleaner\/","title":{"rendered":"Afinia Table Cleaner"},"content":{"rendered":"<p><strong>Spray pour le nettoyage et l&#8217;entretien des meubles cosm\u00e9tiques<\/strong><\/p>\n<p>Produit professionnel con\u00e7u pour le nettoyage et l&#8217;entretien des tables et meubles cosm\u00e9tiques. Nettoie et entretient vos meubles cosm\u00e9tiques de mani\u00e8re compl\u00e8te. Convient pour nettoyer les meubles de cuisine et de salle de bain. Gr\u00e2ce \u00e0 sa formule unique, il \u00e9limine facilement les traces de doigts et la poussi\u00e8re tout en prot\u00e9geant la surface contre leur r\u00e9apparition. Mode d&#8217;emploi : Pulv\u00e9riser directement sur la surface \u00e0 nettoyer \u00e0 une distance de 10 cm. \u00c9taler uniform\u00e9ment avec un chiffon et essuyer. Ne n\u00e9cessite pas de polissage. Sans danger pour toutes les surfaces laqu\u00e9es, quelle que soit leur couleur.<\/p>\n<p><em>*Conforme \u00e0 la norme cosm\u00e9tique ISO 16128<\/em><\/p>\n","protected":false},"excerpt":{"rendered":"<p>Accessories<\/p>\n","protected":false},"featured_media":63545,"comment_status":"open","ping_status":"closed","template":"","meta":{"_acf_changed":false,"inline_featured_image":false},"product_brand":[],"product_cat":[304,749],"product_tag":[763,336,498],"class_list":{"0":"post-63553","1":"product","2":"type-product","3":"status-publish","4":"has-post-thumbnail","6":"product_cat-accessories-fr","7":"product_cat-nouveautes","8":"product_tag-accessoriesfr","9":"product_tag-nouveautes-et-recommandations","10":"product_tag-sda-fr-koszt-x1-5","11":"product_shipping_class-courier-akcesoria-zagranica-fr","12":"sales-flash-overlay","13":"woocommerce-text-align-left","14":"woocommerce-image-align-center","15":"do-quantity-buttons","17":"first","18":"instock","19":"taxable","20":"shipping-taxable","21":"purchasable","22":"product-type-simple","23":"add-to-wishlist-before_image"},"acf":[],"gallery_images":[63569,63681],"_links":{"self":[{"href":"https:\/\/eafinia.com\/fr\/wp-json\/wp\/v2\/product\/63553","targetHints":{"allow":["GET"]}}],"collection":[{"href":"https:\/\/eafinia.com\/fr\/wp-json\/wp\/v2\/product"}],"about":[{"href":"https:\/\/eafinia.com\/fr\/wp-json\/wp\/v2\/types\/product"}],"replies":[{"embeddable":true,"href":"https:\/\/eafinia.com\/fr\/wp-json\/wp\/v2\/comments?post=63553"}],"wp:featuredmedia":[{"embeddable":true,"href":"https:\/\/eafinia.com\/fr\/wp-json\/wp\/v2\/media\/63545"}],"wp:attachment":[{"href":"https:\/\/eafinia.com\/fr\/wp-json\/wp\/v2\/media?parent=63553"}],"wp:term":[{"taxonomy":"product_brand","embeddable":true,"href":"https:\/\/eafinia.com\/fr\/wp-json\/wp\/v2\/product_brand?post=63553"},{"taxonomy":"product_cat","embeddable":true,"href":"https:\/\/eafinia.com\/fr\/wp-json\/wp\/v2\/product_cat?post=63553"},{"taxonomy":"product_tag","embeddable":true,"href":"https:\/\/eafinia.com\/fr\/wp-json\/wp\/v2\/product_tag?post=63553"}],"curies":[{"name":"wp","href":"https:\/\/api.w.org\/{rel}","templated":true}]}}