{"id":62510,"date":"2024-08-30T12:13:40","date_gmt":"2024-08-30T10:13:40","guid":{"rendered":"https:\/\/eafinia.com\/?post_type=product&#038;p=62510"},"modified":"2026-03-17T10:49:48","modified_gmt":"2026-03-17T09:49:48","slug":"table-cosmetique-afinia-basic-new","status":"publish","type":"product","link":"https:\/\/eafinia.com\/fr\/produit\/table-cosmetique-afinia-basic-new\/","title":{"rendered":"Table Cosm\u00e9tique Afinia Basic New"},"content":{"rendered":"<p><strong>La table cosm\u00e9tique AFINIA BASIC NEW<\/strong> est une version r\u00e9vis\u00e9e de notre mod\u00e8le classique, combinant un design simple et moderne avec encore plus de fonctionnalit\u00e9. Elle est \u00e9quip\u00e9e d&#8217;entretoises carr\u00e9es qui donnent \u00e0 l&#8217;ensemble un aspect moderne tout en augmentant la stabilit\u00e9 de la structure. Comme son pr\u00e9d\u00e9cesseur, la table offre un espace de rangement g\u00e9n\u00e9reux sous forme de 5 tiroirs, permettant une organisation pratique des outils et accessoires.<\/p>\n","protected":false},"excerpt":{"rendered":"<p>Table cosm\u00e9tique, table de manucure<\/p>\n","protected":false},"featured_media":64243,"comment_status":"open","ping_status":"closed","template":"","meta":{"_acf_changed":false,"inline_featured_image":false},"product_brand":[],"product_cat":[749,308,305],"product_tag":[321,943,713,319,334,317],"class_list":{"0":"post-62510","1":"product","2":"type-product","3":"status-publish","4":"has-post-thumbnail","6":"product_cat-nouveautes","7":"product_cat-standard-fr","8":"product_cat-tables-de-cosmetique","9":"product_tag-decoupe-ergonomique-dans-le-plateau-pour-un-travail-confortable-du-styliste","10":"product_tag-nombre-de-prises-electriques-5","11":"product_tag-plateau-en-quartz-fritte","12":"product_tag-prises-electriques-integrees","13":"product_tag-table-assemblee-et-prete-a-lemploi","14":"product_tag-ventilation-vers-lexterieur","15":"sales-flash-overlay","16":"woocommerce-text-align-left","17":"woocommerce-image-align-center","18":"do-quantity-buttons","20":"first","21":"instock","22":"taxable","23":"shipping-taxable","24":"purchasable","25":"product-type-variable","26":"add-to-wishlist-before_image"},"acf":[],"gallery_images":[64247,62281,64205,67128,64251,64181,62273,64185,64201,62229,62652,63640,64197,64193,64189,62277,62544],"_links":{"self":[{"href":"https:\/\/eafinia.com\/fr\/wp-json\/wp\/v2\/product\/62510","targetHints":{"allow":["GET"]}}],"collection":[{"href":"https:\/\/eafinia.com\/fr\/wp-json\/wp\/v2\/product"}],"about":[{"href":"https:\/\/eafinia.com\/fr\/wp-json\/wp\/v2\/types\/product"}],"replies":[{"embeddable":true,"href":"https:\/\/eafinia.com\/fr\/wp-json\/wp\/v2\/comments?post=62510"}],"wp:featuredmedia":[{"embeddable":true,"href":"https:\/\/eafinia.com\/fr\/wp-json\/wp\/v2\/media\/64243"}],"wp:attachment":[{"href":"https:\/\/eafinia.com\/fr\/wp-json\/wp\/v2\/media?parent=62510"}],"wp:term":[{"taxonomy":"product_brand","embeddable":true,"href":"https:\/\/eafinia.com\/fr\/wp-json\/wp\/v2\/product_brand?post=62510"},{"taxonomy":"product_cat","embeddable":true,"href":"https:\/\/eafinia.com\/fr\/wp-json\/wp\/v2\/product_cat?post=62510"},{"taxonomy":"product_tag","embeddable":true,"href":"https:\/\/eafinia.com\/fr\/wp-json\/wp\/v2\/product_tag?post=62510"}],"curies":[{"name":"wp","href":"https:\/\/api.w.org\/{rel}","templated":true}]}}