{"id":62443,"date":"2024-09-02T14:14:45","date_gmt":"2024-09-02T12:14:45","guid":{"rendered":"https:\/\/eafinia.com\/?post_type=product&#038;p=62443"},"modified":"2025-09-27T11:51:40","modified_gmt":"2025-09-27T09:51:40","slug":"table-basse-afinia-shell-gold-frittage-de-quartz","status":"publish","type":"product","link":"https:\/\/eafinia.com\/fr\/produit\/table-basse-afinia-shell-gold-frittage-de-quartz\/","title":{"rendered":"Table Basse Afinia Shell Gold \u2013 frittage de quartz"},"content":{"rendered":"<p>La mesa de centro Afinia Shell Gold combina un dise\u00f1o moderno con una durabilidad y elegancia excepcionales. El punto central de este modelo es la impresionante tapa hecha de cuarzo sinterizado, que se caracteriza no solo por su alta resistencia a los ara\u00f1azos y da\u00f1os, sino tambi\u00e9n por su patr\u00f3n \u00fanico, que le da a la mesa un aspecto lujoso.<\/p>\n<p>La base de la mesa est\u00e1 hecha de material acanalado dorado, lo que le confiere un car\u00e1cter moderno y sofisticado.<\/p>\n<p><strong><small>*Exp\u00e9dition en deux colis<\/small><\/strong><\/p>\n","protected":false},"excerpt":{"rendered":"<p>Petites tables<\/p>\n","protected":false},"featured_media":63363,"comment_status":"open","ping_status":"closed","template":"","meta":{"_acf_changed":false,"inline_featured_image":false},"product_brand":[],"product_cat":[304,749,756],"product_tag":[763,336,716,713],"class_list":{"0":"post-62443","1":"product","2":"type-product","3":"status-publish","4":"has-post-thumbnail","6":"product_cat-accessories-fr","7":"product_cat-nouveautes","8":"product_cat-tables-basses","9":"product_tag-accessoriesfr","10":"product_tag-nouveautes-et-recommandations","11":"product_tag-pied-en-metal-rainure","12":"product_tag-plateau-en-quartz-fritte","13":"sales-flash-overlay","14":"woocommerce-text-align-left","15":"woocommerce-image-align-center","16":"do-quantity-buttons","18":"first","19":"instock","20":"taxable","21":"shipping-taxable","22":"purchasable","23":"product-type-variable","24":"add-to-wishlist-before_image"},"acf":[],"gallery_images":[63383,63379,62189,63367,63363,64014],"_links":{"self":[{"href":"https:\/\/eafinia.com\/fr\/wp-json\/wp\/v2\/product\/62443","targetHints":{"allow":["GET"]}}],"collection":[{"href":"https:\/\/eafinia.com\/fr\/wp-json\/wp\/v2\/product"}],"about":[{"href":"https:\/\/eafinia.com\/fr\/wp-json\/wp\/v2\/types\/product"}],"replies":[{"embeddable":true,"href":"https:\/\/eafinia.com\/fr\/wp-json\/wp\/v2\/comments?post=62443"}],"wp:featuredmedia":[{"embeddable":true,"href":"https:\/\/eafinia.com\/fr\/wp-json\/wp\/v2\/media\/63363"}],"wp:attachment":[{"href":"https:\/\/eafinia.com\/fr\/wp-json\/wp\/v2\/media?parent=62443"}],"wp:term":[{"taxonomy":"product_brand","embeddable":true,"href":"https:\/\/eafinia.com\/fr\/wp-json\/wp\/v2\/product_brand?post=62443"},{"taxonomy":"product_cat","embeddable":true,"href":"https:\/\/eafinia.com\/fr\/wp-json\/wp\/v2\/product_cat?post=62443"},{"taxonomy":"product_tag","embeddable":true,"href":"https:\/\/eafinia.com\/fr\/wp-json\/wp\/v2\/product_tag?post=62443"}],"curies":[{"name":"wp","href":"https:\/\/api.w.org\/{rel}","templated":true}]}}