{"id":62440,"date":"2024-08-29T13:48:35","date_gmt":"2024-08-29T11:48:35","guid":{"rendered":"https:\/\/eafinia.com\/?post_type=product&#038;p=62440"},"modified":"2025-04-29T14:56:18","modified_gmt":"2025-04-29T12:56:18","slug":"table-basse-afinia-shell-black-frittage-de-quartz","status":"publish","type":"product","link":"https:\/\/eafinia.com\/fr\/produit\/table-basse-afinia-shell-black-frittage-de-quartz\/","title":{"rendered":"Table Basse Afinia Shell Black \u2013 frittage de quartz"},"content":{"rendered":"<p>La table basse Afinia Shell Black allie design moderne, durabilit\u00e9 exceptionnelle et \u00e9l\u00e9gance. La pi\u00e8ce ma\u00eetresse de ce mod\u00e8le est le plateau impressionnant en quartz fritt\u00e9, qui se distingue non seulement par sa grande r\u00e9sistance aux rayures et aux chocs, mais aussi par son motif unique qui conf\u00e8re \u00e0 la table une apparence luxueuse.<\/p>\n<p>Le cadre de la table est en mat\u00e9riau noir rainur\u00e9, ce qui lui donne un caract\u00e8re moderne et raffin\u00e9. La combinaison de la base sombre avec le plateau clair cr\u00e9e un contraste exceptionnel qui convient parfaitement aux int\u00e9rieurs \u00e9l\u00e9gants.<\/p>\n<p><strong><small>*Exp\u00e9dition en deux colis<\/small><\/strong><\/p>\n","protected":false},"excerpt":{"rendered":"<p>Petites tables<\/p>\n","protected":false},"featured_media":62170,"comment_status":"open","ping_status":"closed","template":"","meta":{"_acf_changed":false,"inline_featured_image":false},"product_brand":[],"product_cat":[304,749,756],"product_tag":[763,336,716,713],"class_list":{"0":"post-62440","1":"product","2":"type-product","3":"status-publish","4":"has-post-thumbnail","6":"product_cat-accessories-fr","7":"product_cat-nouveautes","8":"product_cat-tables-basses","9":"product_tag-accessoriesfr","10":"product_tag-nouveautes-et-recommandations","11":"product_tag-pied-en-metal-rainure","12":"product_tag-plateau-en-quartz-fritte","13":"sales-flash-overlay","14":"woocommerce-text-align-left","15":"woocommerce-image-align-center","16":"do-quantity-buttons","18":"first","19":"instock","20":"taxable","21":"shipping-taxable","22":"purchasable","23":"product-type-variable","24":"add-to-wishlist-before_image"},"acf":[],"gallery_images":[62174,62154,62158,62162,62166,63375,63371],"_links":{"self":[{"href":"https:\/\/eafinia.com\/fr\/wp-json\/wp\/v2\/product\/62440","targetHints":{"allow":["GET"]}}],"collection":[{"href":"https:\/\/eafinia.com\/fr\/wp-json\/wp\/v2\/product"}],"about":[{"href":"https:\/\/eafinia.com\/fr\/wp-json\/wp\/v2\/types\/product"}],"replies":[{"embeddable":true,"href":"https:\/\/eafinia.com\/fr\/wp-json\/wp\/v2\/comments?post=62440"}],"wp:featuredmedia":[{"embeddable":true,"href":"https:\/\/eafinia.com\/fr\/wp-json\/wp\/v2\/media\/62170"}],"wp:attachment":[{"href":"https:\/\/eafinia.com\/fr\/wp-json\/wp\/v2\/media?parent=62440"}],"wp:term":[{"taxonomy":"product_brand","embeddable":true,"href":"https:\/\/eafinia.com\/fr\/wp-json\/wp\/v2\/product_brand?post=62440"},{"taxonomy":"product_cat","embeddable":true,"href":"https:\/\/eafinia.com\/fr\/wp-json\/wp\/v2\/product_cat?post=62440"},{"taxonomy":"product_tag","embeddable":true,"href":"https:\/\/eafinia.com\/fr\/wp-json\/wp\/v2\/product_tag?post=62440"}],"curies":[{"name":"wp","href":"https:\/\/api.w.org\/{rel}","templated":true}]}}