{"id":61745,"date":"2024-07-19T12:05:03","date_gmt":"2024-07-19T10:05:03","guid":{"rendered":"https:\/\/eafinia.com\/?post_type=product&#038;p=61745"},"modified":"2026-01-14T11:20:24","modified_gmt":"2026-01-14T10:20:24","slug":"ensemble-art-deco-black-x-cabinet-de-cosmetique","status":"publish","type":"product","link":"https:\/\/eafinia.com\/fr\/produit\/ensemble-art-deco-black-x-cabinet-de-cosmetique\/","title":{"rendered":"Ensemble Art Deco Black X + Commode de cosm\u00e9tique"},"content":{"rendered":"<p><strong style=\"color: #7b9c78;\">Table cosm\u00e9tique Afinia Art Deco Black X + Aspirateur Afinia NDC 2000<\/strong><\/p>\n<p>Le style Art D\u00e9co vient des ann\u00e9es 1920 et se distingue par une forme \u00e9l\u00e9gante et g\u00e9om\u00e9trique et l\u2019utilisation de mat\u00e9riaux faits \u00e0 la main. Ce n\u2019est pas diff\u00e9rent dans le cas de notre table, o\u00f9 nous avons voulu faire r\u00e9f\u00e9rence \u00e0 l\u2019esth\u00e9tique de cette tendance unique dans le domaine de la conception. La table Afinia Art Deco, outre son design atypique, est \u00e9galement tr\u00e8s pratique et extr\u00eamement facile \u00e0 monter.<\/p>\n<p>Les cadres en m\u00e9tal ne sont pas compl\u00e8tement lisses et uniformes. Des joints soud\u00e9s et de petites irr\u00e9gularit\u00e9s peuvent \u00eatre visibles.<\/p>\n<hr \/>\n<p><strong style=\"color: #7b9c78;\">Commode de cosm\u00e9tique<\/strong><\/p>\n<p>D\u00e9couvrez une mani\u00e8re unique de maintenir l\u2019ordre dans votre collection de cosm\u00e9tiques gr\u00e2ce \u00e0 notre \u00e9l\u00e9gant et fonctionnel commode de cosm\u00e9tique. Parfaitement con\u00e7u pour r\u00e9pondre aux exigences des utilisateurs les plus exigeants, ce commode de cosm\u00e9tique deviendra un \u00e9l\u00e9ment indispensable de votre routine de soins quotidienne.<\/p>\n<hr \/>\n<p><strong style=\"color: #7b9c78;\"><strong>Spray pour le nettoyage et l\u2019entretien des meubles cosm\u00e9tiques<\/strong><\/strong><\/p>\n<p>Produit professionnel con\u00e7u pour le nettoyage et l\u2019entretien des tables et meubles cosm\u00e9tiques. Nettoie et entretient vos meubles cosm\u00e9tiques de mani\u00e8re compl\u00e8te. Convient pour nettoyer les meubles de cuisine et de salle de bain. Gr\u00e2ce \u00e0 sa formule unique, il \u00e9limine facilement les traces de doigts et la poussi\u00e8re tout en prot\u00e9geant la surface contre leur r\u00e9apparition. Mode d\u2019emploi : Pulv\u00e9riser directement sur la surface \u00e0 nettoyer \u00e0 une distance de 10 cm. \u00c9taler uniform\u00e9ment avec un chiffon et essuyer. Ne n\u00e9cessite pas de polissage. Sans danger pour toutes les surfaces laqu\u00e9es, quelle que soit leur couleur.<\/p>\n","protected":false},"excerpt":{"rendered":"<p>Table cosm\u00e9tique, table de manucure<\/p>\n","protected":false},"featured_media":61713,"comment_status":"open","ping_status":"closed","template":"","meta":{"_acf_changed":false,"inline_featured_image":false},"product_brand":[],"product_cat":[521,746],"product_tag":[321,328,694],"class_list":{"0":"post-61745","1":"product","2":"type-product","3":"status-publish","4":"has-post-thumbnail","6":"product_cat-kits","7":"product_cat-promotions","8":"product_tag-decoupe-ergonomique-dans-le-plateau-pour-un-travail-confortable-du-styliste","9":"product_tag-table-pour-un-montage-simple-par-soi-meme","10":"product_tag-wysylka-stoly-low-fr-30","11":"product_shipping_class-courier-stoly-kosmetyczne-zagranica-fr-2","12":"sales-flash-overlay","13":"woocommerce-text-align-left","14":"woocommerce-image-align-center","15":"do-quantity-buttons","17":"first","18":"instock","19":"sale","20":"featured","21":"taxable","22":"shipping-taxable","23":"purchasable","24":"product-type-woosb","25":"add-to-wishlist-before_image"},"acf":[],"gallery_images":[58058,60892,63545,60824],"_links":{"self":[{"href":"https:\/\/eafinia.com\/fr\/wp-json\/wp\/v2\/product\/61745","targetHints":{"allow":["GET"]}}],"collection":[{"href":"https:\/\/eafinia.com\/fr\/wp-json\/wp\/v2\/product"}],"about":[{"href":"https:\/\/eafinia.com\/fr\/wp-json\/wp\/v2\/types\/product"}],"replies":[{"embeddable":true,"href":"https:\/\/eafinia.com\/fr\/wp-json\/wp\/v2\/comments?post=61745"}],"wp:featuredmedia":[{"embeddable":true,"href":"https:\/\/eafinia.com\/fr\/wp-json\/wp\/v2\/media\/61713"}],"wp:attachment":[{"href":"https:\/\/eafinia.com\/fr\/wp-json\/wp\/v2\/media?parent=61745"}],"wp:term":[{"taxonomy":"product_brand","embeddable":true,"href":"https:\/\/eafinia.com\/fr\/wp-json\/wp\/v2\/product_brand?post=61745"},{"taxonomy":"product_cat","embeddable":true,"href":"https:\/\/eafinia.com\/fr\/wp-json\/wp\/v2\/product_cat?post=61745"},{"taxonomy":"product_tag","embeddable":true,"href":"https:\/\/eafinia.com\/fr\/wp-json\/wp\/v2\/product_tag?post=61745"}],"curies":[{"name":"wp","href":"https:\/\/api.w.org\/{rel}","templated":true}]}}