{"id":61091,"date":"2024-07-08T14:29:39","date_gmt":"2024-07-08T12:29:39","guid":{"rendered":"https:\/\/eafinia.com\/?post_type=product&#038;p=61091"},"modified":"2026-01-14T11:20:16","modified_gmt":"2026-01-14T10:20:16","slug":"kit-mobile-afinia-go-wood-ndc-mobile","status":"publish","type":"product","link":"https:\/\/eafinia.com\/fr\/produit\/kit-mobile-afinia-go-wood-ndc-mobile\/","title":{"rendered":"Kit mobile: AFINIA GO Wood + NDC MOBILE+"},"content":{"rendered":"<p><strong style=\"color: #7b9c78;\"><strong>Le Bureau Cosm\u00e9tique Afinia Go + sac de transport d\u00e9di\u00e9 \u2013 Un confort supr\u00eame pour le travail, o\u00f9 que vous soyez !<\/strong><\/strong><\/p>\n<p>Cette table pliable et portable est parfaite pour le travail d&#8217;une styliste qui se d\u00e9place chez le client. Que vous dirigiez un salon de beaut\u00e9 ou que vous soyez une styliste ind\u00e9pendante, vous pouvez maintenant emporter vos comp\u00e9tences partout o\u00f9 vos services sont n\u00e9cessaires.<\/p>\n<p>*Il y a 2 prises de c\u00e2ble blanches sur le comptoir.<\/p>\n<hr \/>\n<p><strong style=\"color: #7b9c78;\"><strong>Aspirateur AFINIA NDC Mobile+<\/strong><br \/>\n<\/strong><\/p>\n<p>L\u2019aspirateur portable, l\u00e9ger et petit a \u00e9t\u00e9 cr\u00e9\u00e9 \u00e0 la demande de nombreuses stylistes d\u2019ongles. L\u2019efficacit\u00e9 de l\u2019appareil est comparable \u00e0 sa version stationnaire. Nous avons utilis\u00e9 dans ce mod\u00e8le les filtres rempla\u00e7ables qui garantissent la r\u00e9tention de la poussi\u00e8re et l\u2019hygi\u00e8ne. Si vous tenez \u00e0 utiliser l\u2019aspirateur sur plusieurs postes de travail ou pouvoir vous d\u00e9placer avec lui, c\u2019est la solution parfaite pour vous.<\/p>\n<hr \/>\n<p><strong style=\"color: #7b9c78;\"><strong>Afinia Cover \u2013 housse en silicone pour NDC Mobile<\/strong><br \/>\n<\/strong><\/p>\n<p>Afinia Cover est une housse en silicone innovante con\u00e7ue pour maintenir l\u2019ordre et la propret\u00e9 dans le salon de beaut\u00e9. Gr\u00e2ce \u00e0 une installation simple et un design esth\u00e9tique, la housse prot\u00e8ge parfaitement la surface de la table cosm\u00e9tique et l\u2019aspirateur, augmentant leur durabilit\u00e9 et leur hygi\u00e8ne. Une housse dure environ 2 mois d\u2019utilisation, offrant une protection durable et une facilit\u00e9 d\u2019entretien.<\/p>\n<p>Taille des housses en silicone pour l\u2019aspirateur NDC Mobile: 470*290 mm<\/p>\n","protected":false},"excerpt":{"rendered":"<p>Kit mobile<\/p>\n","protected":false},"featured_media":57048,"comment_status":"open","ping_status":"closed","template":"","meta":{"_acf_changed":false,"inline_featured_image":false},"product_brand":[],"product_cat":[521,746],"product_tag":[512,336,325,339],"class_list":{"0":"post-61091","1":"product","2":"type-product","3":"status-publish","4":"has-post-thumbnail","6":"product_cat-kits","7":"product_cat-promotions","8":"product_tag-afinia-go-fr","9":"product_tag-nouveautes-et-recommandations","10":"product_tag-plateau-de-table-droit","11":"product_tag-une-table-avec-un-poste-de-travail","12":"product_shipping_class-courier-stoly-kosmetyczne-zagranica-fr-2","13":"sales-flash-overlay","14":"woocommerce-text-align-left","15":"woocommerce-image-align-center","16":"do-quantity-buttons","18":"first","19":"instock","20":"sale","21":"taxable","22":"shipping-taxable","23":"purchasable","24":"product-type-woosb","25":"add-to-wishlist-before_image"},"acf":[],"gallery_images":[57053,57043,56770,56754,56749,56744,56739,58305,58310,63545],"_links":{"self":[{"href":"https:\/\/eafinia.com\/fr\/wp-json\/wp\/v2\/product\/61091","targetHints":{"allow":["GET"]}}],"collection":[{"href":"https:\/\/eafinia.com\/fr\/wp-json\/wp\/v2\/product"}],"about":[{"href":"https:\/\/eafinia.com\/fr\/wp-json\/wp\/v2\/types\/product"}],"replies":[{"embeddable":true,"href":"https:\/\/eafinia.com\/fr\/wp-json\/wp\/v2\/comments?post=61091"}],"wp:featuredmedia":[{"embeddable":true,"href":"https:\/\/eafinia.com\/fr\/wp-json\/wp\/v2\/media\/57048"}],"wp:attachment":[{"href":"https:\/\/eafinia.com\/fr\/wp-json\/wp\/v2\/media?parent=61091"}],"wp:term":[{"taxonomy":"product_brand","embeddable":true,"href":"https:\/\/eafinia.com\/fr\/wp-json\/wp\/v2\/product_brand?post=61091"},{"taxonomy":"product_cat","embeddable":true,"href":"https:\/\/eafinia.com\/fr\/wp-json\/wp\/v2\/product_cat?post=61091"},{"taxonomy":"product_tag","embeddable":true,"href":"https:\/\/eafinia.com\/fr\/wp-json\/wp\/v2\/product_tag?post=61091"}],"curies":[{"name":"wp","href":"https:\/\/api.w.org\/{rel}","templated":true}]}}