{"id":61014,"date":"2024-07-08T11:52:13","date_gmt":"2024-07-08T09:52:13","guid":{"rendered":"https:\/\/eafinia.com\/?post_type=product&#038;p=61014"},"modified":"2026-01-14T11:20:07","modified_gmt":"2026-01-14T10:20:07","slug":"ensemble-prestige","status":"publish","type":"product","link":"https:\/\/eafinia.com\/fr\/produit\/ensemble-prestige\/","title":{"rendered":"Ensemble prestige"},"content":{"rendered":"<p><strong style=\"color: #7b9c78;\">Table cosm\u00e9tique Afinia Prestige + Aspirateur Afinia NDC 1000<\/strong><\/p>\n<p>L\u2019efficacit\u00e9 de l\u2019aspirateur Afinia r\u00e9sulte principalement de la puissance d\u2019aspiration des poussi\u00e8res ; dans le dernier mod\u00e8le de la table, nous avons r\u00e9solu le probl\u00e8me de l\u2019\u00e9va- cuation de l\u2019air, qui se fait avec une grande force une fois que la poussi\u00e8re est retenue dans le filtre ; des canaux d\u2019air sp\u00e9ciaux permettent de minimiser l\u2019effet du \u00ab vent \u00bb et d\u2019\u00e9vacuer l\u2019air \u00e0 l\u2019ext\u00e9rieur de la table. Nous avons \u00e9galement une solution sp\u00e9ciale : un plateau de table amovible qui peut \u00eatre remplac\u00e9 lorsque la surface de votre plateau de table est d\u00e9j\u00e0 us\u00e9 et que vous voulez qu\u2019il brille \u00e0 nouveau.<\/p>\n<hr \/>\n<p><strong style=\"color: #7b9c78;\">Repose-mains Afinia Comfort<\/strong><\/p>\n<p>Un support \u00e9l\u00e9gant et fonctionnel con\u00e7u pour le confort de la styliste et du client. Gr\u00e2ce \u00e0 son design ergonomique, il offre un soutien confortable de la main, facilitant le travail lors de la mise en beaut\u00e9 des ongles. Fabriqu\u00e9 \u00e0 partir de mat\u00e9riaux durables, il est r\u00e9sistant \u00e0 l\u2019ac\u00e9tone, aux hautes temp\u00e9ratures et aux salissures, garantissant une utilisation longue dur\u00e9e et un entretien facile. Disponible en couleurs \u00e9l\u00e9gantes : blanc et rose.<\/p>\n<hr \/>\n<p><strong style=\"color: #7b9c78;\">Afinia Wave lampe cosmetique<\/strong><\/p>\n<p>\u00c9clairez votre studio de beaut\u00e9 pour l\u2019\u00e9t\u00e9 et profitez d\u2019un confort extraordinaire avec la lampe Afinia Wave. Cette lampe offre non seulement une lumi\u00e8re douce et agr\u00e9able pour les yeux, mais vous donne \u00e9galement un contr\u00f4le total sur l\u2019\u00e9clairage. Avec une luminosit\u00e9 et une temp\u00e9rature de couleur r\u00e9glables, vous pouvez personnaliser l\u2019\u00e9clairage selon vos pr\u00e9f\u00e9rences. Son design unique s\u2019int\u00e8gre parfaitement dans les espaces modernes, et l\u2019\u00e9clairage sans ombre \u00e0 180 degr\u00e9s et les ampoules LED de haute qualit\u00e9 garantissent que aucun d\u00e9tail n\u2019\u00e9chappe \u00e0 votre attention. De plus, la lampe Afinia Wave est parfaite pour capturer des photos de vos propres projets, en accentuant chaque d\u00e9tail. Le package comprend \u00e9galement une t\u00e9l\u00e9commande pour un r\u00e9glage pratique de l\u2019\u00e9clairage.<\/p>\n<hr \/>\n<p><strong style=\"color: #7b9c78;\">Afinia Cover \u2013 housse en silicone pour la table cosm\u00e9tique<\/strong><\/p>\n<p>Le prix est pour 1 paquet contenant 5 pi\u00e8ces.<\/p>\n<p>Afinia Cover est une housse en silicone innovante con\u00e7ue pour maintenir l\u2019ordre et la propret\u00e9 dans le salon de beaut\u00e9. Gr\u00e2ce \u00e0 une installation simple et un design esth\u00e9tique, la housse prot\u00e8ge parfaitement la surface de la table cosm\u00e9tique et l\u2019aspirateur, augmentant leur durabilit\u00e9 et leur hygi\u00e8ne. Une housse dure environ 2 mois d\u2019utilisation, offrant une protection durable et une facilit\u00e9 d\u2019entretien.<\/p>\n<p>Taille des housses en silicone pour le plateau: 600*280 mm<\/p>\n<hr \/>\n<p><strong style=\"color: #7b9c78;\">Bougie de massage des mains Afinia Candle<br \/>\n<\/strong><\/p>\n<p>Allumez la bougie et frottez-la dans vos mains lorsqu\u2019elle se transforme en une huile apaisante. Une formule sp\u00e9cialement con\u00e7ue d\u00e9tend et hydrate la peau. Le parfum unique de la bougie remplit sensuellement l\u2019espace.<\/p>\n<hr \/>\n<p><strong style=\"color: #7b9c78;\"><strong>Spray pour le nettoyage et l\u2019entretien des meubles cosm\u00e9tiques<\/strong><\/strong><\/p>\n<p>Produit professionnel con\u00e7u pour le nettoyage et l\u2019entretien des tables et meubles cosm\u00e9tiques. Nettoie et entretient vos meubles cosm\u00e9tiques de mani\u00e8re compl\u00e8te. Convient pour nettoyer les meubles de cuisine et de salle de bain. Gr\u00e2ce \u00e0 sa formule unique, il \u00e9limine facilement les traces de doigts et la poussi\u00e8re tout en prot\u00e9geant la surface contre leur r\u00e9apparition. Mode d\u2019emploi : Pulv\u00e9riser directement sur la surface \u00e0 nettoyer \u00e0 une distance de 10 cm. \u00c9taler uniform\u00e9ment avec un chiffon et essuyer. Ne n\u00e9cessite pas de polissage. Sans danger pour toutes les surfaces laqu\u00e9es, quelle que soit leur couleur.<\/p>\n","protected":false},"excerpt":{"rendered":"<p>Table cosm\u00e9tique, table de manucure<\/p>\n","protected":false},"featured_media":66285,"comment_status":"open","ping_status":"closed","template":"","meta":{"_acf_changed":false,"inline_featured_image":false},"product_brand":[],"product_cat":[521,746],"product_tag":[321,336,322,319,332,334,339,317],"class_list":{"0":"post-61014","1":"product","2":"type-product","3":"status-publish","4":"has-post-thumbnail","6":"product_cat-kits","7":"product_cat-promotions","8":"product_tag-decoupe-ergonomique-dans-le-plateau-pour-un-travail-confortable-du-styliste","9":"product_tag-nouveautes-et-recommandations","10":"product_tag-plateau-de-table-changeable","11":"product_tag-prises-electriques-integrees","12":"product_tag-surface-du-plateau-de-table-recouverte-de-hpl","13":"product_tag-table-assemblee-et-prete-a-lemploi","14":"product_tag-une-table-avec-un-poste-de-travail","15":"product_tag-ventilation-vers-lexterieur","16":"product_shipping_class-courier-stoly-kosmetyczne-zagranica-fr-2","17":"sales-flash-overlay","18":"woocommerce-text-align-left","19":"woocommerce-image-align-center","20":"do-quantity-buttons","22":"first","23":"instock","24":"sale","25":"featured","26":"taxable","27":"shipping-taxable","28":"purchasable","29":"product-type-woosb","30":"add-to-wishlist-before_image"},"acf":[],"gallery_images":[55979,65836,60324,55174,63545,62586],"_links":{"self":[{"href":"https:\/\/eafinia.com\/fr\/wp-json\/wp\/v2\/product\/61014","targetHints":{"allow":["GET"]}}],"collection":[{"href":"https:\/\/eafinia.com\/fr\/wp-json\/wp\/v2\/product"}],"about":[{"href":"https:\/\/eafinia.com\/fr\/wp-json\/wp\/v2\/types\/product"}],"replies":[{"embeddable":true,"href":"https:\/\/eafinia.com\/fr\/wp-json\/wp\/v2\/comments?post=61014"}],"wp:featuredmedia":[{"embeddable":true,"href":"https:\/\/eafinia.com\/fr\/wp-json\/wp\/v2\/media\/66285"}],"wp:attachment":[{"href":"https:\/\/eafinia.com\/fr\/wp-json\/wp\/v2\/media?parent=61014"}],"wp:term":[{"taxonomy":"product_brand","embeddable":true,"href":"https:\/\/eafinia.com\/fr\/wp-json\/wp\/v2\/product_brand?post=61014"},{"taxonomy":"product_cat","embeddable":true,"href":"https:\/\/eafinia.com\/fr\/wp-json\/wp\/v2\/product_cat?post=61014"},{"taxonomy":"product_tag","embeddable":true,"href":"https:\/\/eafinia.com\/fr\/wp-json\/wp\/v2\/product_tag?post=61014"}],"curies":[{"name":"wp","href":"https:\/\/api.w.org\/{rel}","templated":true}]}}