{"id":61012,"date":"2024-07-08T11:39:45","date_gmt":"2024-07-08T09:39:45","guid":{"rendered":"https:\/\/eafinia.com\/?post_type=product&#038;p=61012"},"modified":"2026-01-14T11:20:07","modified_gmt":"2026-01-14T10:20:07","slug":"ensemble-art-deco-gold-w","status":"publish","type":"product","link":"https:\/\/eafinia.com\/fr\/produit\/ensemble-art-deco-gold-w\/","title":{"rendered":"Ensemble Art Deco Gold W"},"content":{"rendered":"<p><strong style=\"color: #7b9c78;\">Table cosm\u00e9tique Afinia Art Deco + Aspirateur Afinia NDC 2000<\/strong><\/p>\n<p>Le style Art D\u00e9co vient des ann\u00e9es 1920 et se distingue par une forme \u00e9l\u00e9gante et g\u00e9om\u00e9trique et l\u2019utilisation de mat\u00e9riaux faits \u00e0 la main. Ce n\u2019est pas diff\u00e9rent dans le cas de notre table, o\u00f9 nous avons voulu faire r\u00e9f\u00e9rence \u00e0 l\u2019esth\u00e9tique de cette tendance unique dans le domaine de la conception. La table Afinia Art Deco, outre son design atypique, est \u00e9galement tr\u00e8s pratique et extr\u00eamement facile \u00e0 monter.<\/p>\n<p>Les cadres en m\u00e9tal ne sont pas compl\u00e8tement lisses et uniformes. Des joints soud\u00e9s et de petites irr\u00e9gularit\u00e9s peuvent \u00eatre visibles.<\/p>\n<hr \/>\n<p><strong style=\"color: #7b9c78;\">Repose-mains Afinia Comfort<br \/>\n<\/strong><\/p>\n<p>Un support \u00e9l\u00e9gant et fonctionnel con\u00e7u pour le confort de la styliste et du client. Gr\u00e2ce \u00e0 son design ergonomique, il offre un soutien confortable de la main, facilitant le travail lors de la mise en beaut\u00e9 des ongles. Fabriqu\u00e9 \u00e0 partir de mat\u00e9riaux durables, il est r\u00e9sistant \u00e0 l\u2019ac\u00e9tone, aux hautes temp\u00e9ratures et aux salissures, garantissant une utilisation longue dur\u00e9e et un entretien facile. Disponible en couleurs \u00e9l\u00e9gantes : blanc et rose.<\/p>\n<hr \/>\n<p><strong style=\"color: #7b9c78;\">Afinia Wave lampe cosmetique<\/strong><\/p>\n<p>\u00c9clairez votre studio de beaut\u00e9 pour l\u2019\u00e9t\u00e9 et profitez d\u2019un confort extraordinaire avec la lampe Afinia Wave. Cette lampe offre non seulement une lumi\u00e8re douce et agr\u00e9able pour les yeux, mais vous donne \u00e9galement un contr\u00f4le total sur l\u2019\u00e9clairage. Avec une luminosit\u00e9 et une temp\u00e9rature de couleur r\u00e9glables, vous pouvez personnaliser l\u2019\u00e9clairage selon vos pr\u00e9f\u00e9rences. Son design unique s\u2019int\u00e8gre parfaitement dans les espaces modernes, et l\u2019\u00e9clairage sans ombre \u00e0 180 degr\u00e9s et les ampoules LED de haute qualit\u00e9 garantissent que aucun d\u00e9tail n\u2019\u00e9chappe \u00e0 votre attention. De plus, la lampe Afinia Wave est parfaite pour capturer des photos de vos propres projets, en accentuant chaque d\u00e9tail. Le package comprend \u00e9galement une t\u00e9l\u00e9commande pour un r\u00e9glage pratique de l\u2019\u00e9clairage.<\/p>\n<hr \/>\n<p><strong style=\"color: #7b9c78;\">Afinia Cover \u2013 housse en silicone pour la table cosm\u00e9tique<\/strong><\/p>\n<p>Le prix est pour 1 paquet contenant 5 pi\u00e8ces.<\/p>\n<p>Afinia Cover est une housse en silicone innovante con\u00e7ue pour maintenir l\u2019ordre et la propret\u00e9 dans le salon de beaut\u00e9. Gr\u00e2ce \u00e0 une installation simple et un design esth\u00e9tique, la housse prot\u00e8ge parfaitement la surface de la table cosm\u00e9tique et l\u2019aspirateur, augmentant leur durabilit\u00e9 et leur hygi\u00e8ne. Une housse dure environ 2 mois d\u2019utilisation, offrant une protection durable et une facilit\u00e9 d\u2019entretien.<\/p>\n<p>Taille des housses en silicone pour le plateau: 600*280 mm<\/p>\n<hr \/>\n<p><strong style=\"color: #7b9c78;\">Bougie de massage des mains Afinia Candle<br \/>\n<\/strong><\/p>\n<p>Allumez la bougie et frottez-la dans vos mains lorsqu\u2019elle se transforme en une huile apaisante. Une formule sp\u00e9cialement con\u00e7ue d\u00e9tend et hydrate la peau. Le parfum unique de la bougie remplit sensuellement l\u2019espace.<\/p>\n<hr \/>\n<p><strong style=\"color: #7b9c78;\"><strong>Spray pour le nettoyage et l\u2019entretien des meubles cosm\u00e9tiques<\/strong><\/strong><\/p>\n<p>Produit professionnel con\u00e7u pour le nettoyage et l\u2019entretien des tables et meubles cosm\u00e9tiques. Nettoie et entretient vos meubles cosm\u00e9tiques de mani\u00e8re compl\u00e8te. Convient pour nettoyer les meubles de cuisine et de salle de bain. Gr\u00e2ce \u00e0 sa formule unique, il \u00e9limine facilement les traces de doigts et la poussi\u00e8re tout en prot\u00e9geant la surface contre leur r\u00e9apparition. Mode d\u2019emploi : Pulv\u00e9riser directement sur la surface \u00e0 nettoyer \u00e0 une distance de 10 cm. \u00c9taler uniform\u00e9ment avec un chiffon et essuyer. Ne n\u00e9cessite pas de polissage. Sans danger pour toutes les surfaces laqu\u00e9es, quelle que soit leur couleur.<\/p>\n","protected":false},"excerpt":{"rendered":"<p>Table cosm\u00e9tique, table de manucure<\/p>\n","protected":false},"featured_media":66301,"comment_status":"open","ping_status":"closed","template":"","meta":{"_acf_changed":false,"inline_featured_image":false},"product_brand":[],"product_cat":[521,746],"product_tag":[321,328,694],"class_list":{"0":"post-61012","1":"product","2":"type-product","3":"status-publish","4":"has-post-thumbnail","6":"product_cat-kits","7":"product_cat-promotions","8":"product_tag-decoupe-ergonomique-dans-le-plateau-pour-un-travail-confortable-du-styliste","9":"product_tag-table-pour-un-montage-simple-par-soi-meme","10":"product_tag-wysylka-stoly-low-fr-30","11":"product_shipping_class-courier-stoly-kosmetyczne-zagranica-fr-2","12":"sales-flash-overlay","13":"woocommerce-text-align-left","14":"woocommerce-image-align-center","15":"do-quantity-buttons","17":"first","18":"instock","19":"sale","20":"featured","21":"taxable","22":"shipping-taxable","23":"purchasable","24":"product-type-woosb","25":"add-to-wishlist-before_image"},"acf":[],"gallery_images":[64871,64859,60324,65836,63545,60824],"_links":{"self":[{"href":"https:\/\/eafinia.com\/fr\/wp-json\/wp\/v2\/product\/61012","targetHints":{"allow":["GET"]}}],"collection":[{"href":"https:\/\/eafinia.com\/fr\/wp-json\/wp\/v2\/product"}],"about":[{"href":"https:\/\/eafinia.com\/fr\/wp-json\/wp\/v2\/types\/product"}],"replies":[{"embeddable":true,"href":"https:\/\/eafinia.com\/fr\/wp-json\/wp\/v2\/comments?post=61012"}],"wp:featuredmedia":[{"embeddable":true,"href":"https:\/\/eafinia.com\/fr\/wp-json\/wp\/v2\/media\/66301"}],"wp:attachment":[{"href":"https:\/\/eafinia.com\/fr\/wp-json\/wp\/v2\/media?parent=61012"}],"wp:term":[{"taxonomy":"product_brand","embeddable":true,"href":"https:\/\/eafinia.com\/fr\/wp-json\/wp\/v2\/product_brand?post=61012"},{"taxonomy":"product_cat","embeddable":true,"href":"https:\/\/eafinia.com\/fr\/wp-json\/wp\/v2\/product_cat?post=61012"},{"taxonomy":"product_tag","embeddable":true,"href":"https:\/\/eafinia.com\/fr\/wp-json\/wp\/v2\/product_tag?post=61012"}],"curies":[{"name":"wp","href":"https:\/\/api.w.org\/{rel}","templated":true}]}}