{"id":58576,"date":"2024-06-03T12:27:57","date_gmt":"2024-06-03T10:27:57","guid":{"rendered":"https:\/\/eafinia.com\/?post_type=product&#038;p=58576"},"modified":"2026-01-14T11:19:59","modified_gmt":"2026-01-14T10:19:59","slug":"cabinet-de-cosmetique","status":"publish","type":"product","link":"https:\/\/eafinia.com\/fr\/produit\/cabinet-de-cosmetique\/","title":{"rendered":"Commode de cosm\u00e9tique"},"content":{"rendered":"<p>D\u00e9couvrez une mani\u00e8re unique de maintenir l&#8217;ordre dans votre collection de cosm\u00e9tiques gr\u00e2ce \u00e0 notre \u00e9l\u00e9gant et fonctionnel commode de cosm\u00e9tique. Parfaitement con\u00e7u pour r\u00e9pondre aux exigences des utilisateurs les plus exigeants, ce commode de cosm\u00e9tique deviendra un \u00e9l\u00e9ment indispensable de votre routine de soins quotidienne.<\/p>\n","protected":false},"excerpt":{"rendered":"<p>TABLES DE COSM\u00c9TIQUE<\/p>\n","protected":false},"featured_media":58558,"comment_status":"open","ping_status":"closed","template":"","meta":{"_acf_changed":false,"inline_featured_image":false},"product_brand":[],"product_cat":[749,564],"product_tag":[],"class_list":{"0":"post-58576","1":"product","2":"type-product","3":"status-publish","4":"has-post-thumbnail","6":"product_cat-nouveautes","7":"product_cat-placards","8":"sales-flash-overlay","9":"woocommerce-text-align-left","10":"woocommerce-image-align-center","11":"do-quantity-buttons","13":"first","14":"instock","15":"sale","16":"taxable","17":"shipping-taxable","18":"purchasable","19":"product-type-variable","20":"add-to-wishlist-before_image"},"acf":[],"gallery_images":[58653,58548,58543,60896,60888,58538,58553,60211],"_links":{"self":[{"href":"https:\/\/eafinia.com\/fr\/wp-json\/wp\/v2\/product\/58576","targetHints":{"allow":["GET"]}}],"collection":[{"href":"https:\/\/eafinia.com\/fr\/wp-json\/wp\/v2\/product"}],"about":[{"href":"https:\/\/eafinia.com\/fr\/wp-json\/wp\/v2\/types\/product"}],"replies":[{"embeddable":true,"href":"https:\/\/eafinia.com\/fr\/wp-json\/wp\/v2\/comments?post=58576"}],"wp:featuredmedia":[{"embeddable":true,"href":"https:\/\/eafinia.com\/fr\/wp-json\/wp\/v2\/media\/58558"}],"wp:attachment":[{"href":"https:\/\/eafinia.com\/fr\/wp-json\/wp\/v2\/media?parent=58576"}],"wp:term":[{"taxonomy":"product_brand","embeddable":true,"href":"https:\/\/eafinia.com\/fr\/wp-json\/wp\/v2\/product_brand?post=58576"},{"taxonomy":"product_cat","embeddable":true,"href":"https:\/\/eafinia.com\/fr\/wp-json\/wp\/v2\/product_cat?post=58576"},{"taxonomy":"product_tag","embeddable":true,"href":"https:\/\/eafinia.com\/fr\/wp-json\/wp\/v2\/product_tag?post=58576"}],"curies":[{"name":"wp","href":"https:\/\/api.w.org\/{rel}","templated":true}]}}