{"id":58323,"date":"2024-05-20T13:12:09","date_gmt":"2024-05-20T11:12:09","guid":{"rendered":"https:\/\/eafinia.com\/?post_type=product&#038;p=58323"},"modified":"2026-04-22T01:43:01","modified_gmt":"2026-04-21T23:43:01","slug":"afinia-cover-housse-en-silicone-pour-la-table-cosmetique","status":"publish","type":"product","link":"https:\/\/eafinia.com\/fr\/produit\/afinia-cover-housse-en-silicone-pour-la-table-cosmetique\/","title":{"rendered":"Afinia Cover &#8211; housse en silicone pour la table cosm\u00e9tique"},"content":{"rendered":"<p>Afinia Cover est une housse en silicone innovante con\u00e7ue pour maintenir l&#8217;ordre et la propret\u00e9 dans le salon de beaut\u00e9. Gr\u00e2ce \u00e0 une installation simple et un design esth\u00e9tique, la housse prot\u00e8ge parfaitement la surface de la table cosm\u00e9tique et l&#8217;aspirateur, augmentant leur durabilit\u00e9 et leur hygi\u00e8ne. Une housse dure environ 2 mois d&#8217;utilisation, offrant une protection durable et une facilit\u00e9 d&#8217;entretien.<\/p>\n<p><strong>Taille des housses en silicone pour le plateau: 600*280 mm<\/strong><\/p>\n","protected":false},"excerpt":{"rendered":"<p>Accessories<\/p>\n","protected":false},"featured_media":60324,"comment_status":"open","ping_status":"closed","template":"","meta":{"_acf_changed":false,"inline_featured_image":false},"product_brand":[],"product_cat":[304,749],"product_tag":[763,336,498],"class_list":{"0":"post-58323","1":"product","2":"type-product","3":"status-publish","4":"has-post-thumbnail","6":"product_cat-accessories-fr","7":"product_cat-nouveautes","8":"product_tag-accessoriesfr","9":"product_tag-nouveautes-et-recommandations","10":"product_tag-sda-fr-koszt-x1-5","11":"product_shipping_class-courier-akcesoria-zagranica-fr","12":"sales-flash-overlay","13":"woocommerce-text-align-left","14":"woocommerce-image-align-center","15":"do-quantity-buttons","17":"first","18":"instock","19":"taxable","20":"shipping-taxable","21":"purchasable","22":"product-type-simple","23":"add-to-wishlist-before_image"},"acf":[],"gallery_images":[60319,60925,60921],"_links":{"self":[{"href":"https:\/\/eafinia.com\/fr\/wp-json\/wp\/v2\/product\/58323","targetHints":{"allow":["GET"]}}],"collection":[{"href":"https:\/\/eafinia.com\/fr\/wp-json\/wp\/v2\/product"}],"about":[{"href":"https:\/\/eafinia.com\/fr\/wp-json\/wp\/v2\/types\/product"}],"replies":[{"embeddable":true,"href":"https:\/\/eafinia.com\/fr\/wp-json\/wp\/v2\/comments?post=58323"}],"wp:featuredmedia":[{"embeddable":true,"href":"https:\/\/eafinia.com\/fr\/wp-json\/wp\/v2\/media\/60324"}],"wp:attachment":[{"href":"https:\/\/eafinia.com\/fr\/wp-json\/wp\/v2\/media?parent=58323"}],"wp:term":[{"taxonomy":"product_brand","embeddable":true,"href":"https:\/\/eafinia.com\/fr\/wp-json\/wp\/v2\/product_brand?post=58323"},{"taxonomy":"product_cat","embeddable":true,"href":"https:\/\/eafinia.com\/fr\/wp-json\/wp\/v2\/product_cat?post=58323"},{"taxonomy":"product_tag","embeddable":true,"href":"https:\/\/eafinia.com\/fr\/wp-json\/wp\/v2\/product_tag?post=58323"}],"curies":[{"name":"wp","href":"https:\/\/api.w.org\/{rel}","templated":true}]}}