{"id":58151,"date":"2024-05-14T10:58:15","date_gmt":"2024-05-14T08:58:15","guid":{"rendered":"https:\/\/eafinia.com\/?post_type=product&#038;p=58151"},"modified":"2025-12-29T14:20:51","modified_gmt":"2025-12-29T13:20:51","slug":"passe-cables-noir-2-pieces","status":"publish","type":"product","link":"https:\/\/eafinia.com\/fr\/produit\/passe-cables-noir-2-pieces\/","title":{"rendered":"Passe-c\u00e2bles noir (2 pi\u00e8ces)"},"content":{"rendered":"<p>C&#8217;est une solution innovante con\u00e7ue pour une gestion \u00e9l\u00e9gante et fonctionnelle des c\u00e2bles dans les salons de beaut\u00e9 professionnels. Ce passe-c\u00e2bles \u00e9l\u00e9gant, fabriqu\u00e9 \u00e0 partir de mat\u00e9riaux de haute qualit\u00e9 et se distinguant par sa finition noir, ne se contente pas d&#8217;ajouter de l&#8217;\u00e9clat et du prestige \u00e0 chaque poste de travail cosm\u00e9tique, mais permet \u00e9galement de maintenir l&#8217;ordre et l&#8217;organisation. Gr\u00e2ce \u00e0 lui, tous les c\u00e2bles n\u00e9cessaires sont esth\u00e9tiquement cach\u00e9s et facilement accessibles, ce qui augmente le confort de travail des sp\u00e9cialistes et am\u00e9liore l&#8217;apparence g\u00e9n\u00e9rale du lieu de travail. C&#8217;est un choix excellent pour les salons qui valorisent le professionnalisme et souhaitent souligner leur unicit\u00e9 et leur attention aux d\u00e9tails.<\/p>\n","protected":false},"excerpt":{"rendered":"<p>C&#8217;est une solution innovante con\u00e7ue pour une gestion \u00e9l\u00e9gante et fonctionnelle des c\u00e2bles dans les salons de beaut\u00e9 professionnels. Ce passe-c\u00e2bles \u00e9l\u00e9gant, fabriqu\u00e9 \u00e0 partir de mat\u00e9riaux de haute qualit\u00e9 et se distinguant par sa finition noir, ne se contente pas d&#8217;ajouter de l&#8217;\u00e9clat et du prestige \u00e0 chaque poste de travail cosm\u00e9tique, mais permet &#8230; <a title=\"Passe-c\u00e2bles noir (2 pi\u00e8ces)\" class=\"read-more\" href=\"https:\/\/eafinia.com\/fr\/produit\/passe-cables-noir-2-pieces\/\" aria-label=\"En savoir plus sur Passe-c\u00e2bles noir (2 pi\u00e8ces)\">Lire plus<\/a><\/p>\n","protected":false},"featured_media":58115,"comment_status":"open","ping_status":"closed","template":"","meta":{"_acf_changed":false,"inline_featured_image":false},"product_brand":[],"product_cat":[304],"product_tag":[763,498],"class_list":{"0":"post-58151","1":"product","2":"type-product","3":"status-publish","4":"has-post-thumbnail","6":"product_cat-accessories-fr","7":"product_tag-accessoriesfr","8":"product_tag-sda-fr-koszt-x1-5","9":"product_shipping_class-courier-akcesoria-zagranica-fr","10":"sales-flash-overlay","11":"woocommerce-text-align-left","12":"woocommerce-image-align-center","13":"do-quantity-buttons","15":"first","16":"instock","17":"taxable","18":"shipping-taxable","19":"purchasable","20":"product-type-simple","21":"add-to-wishlist-before_image"},"acf":[],"gallery_images":[58045,58120,58035],"_links":{"self":[{"href":"https:\/\/eafinia.com\/fr\/wp-json\/wp\/v2\/product\/58151","targetHints":{"allow":["GET"]}}],"collection":[{"href":"https:\/\/eafinia.com\/fr\/wp-json\/wp\/v2\/product"}],"about":[{"href":"https:\/\/eafinia.com\/fr\/wp-json\/wp\/v2\/types\/product"}],"replies":[{"embeddable":true,"href":"https:\/\/eafinia.com\/fr\/wp-json\/wp\/v2\/comments?post=58151"}],"wp:featuredmedia":[{"embeddable":true,"href":"https:\/\/eafinia.com\/fr\/wp-json\/wp\/v2\/media\/58115"}],"wp:attachment":[{"href":"https:\/\/eafinia.com\/fr\/wp-json\/wp\/v2\/media?parent=58151"}],"wp:term":[{"taxonomy":"product_brand","embeddable":true,"href":"https:\/\/eafinia.com\/fr\/wp-json\/wp\/v2\/product_brand?post=58151"},{"taxonomy":"product_cat","embeddable":true,"href":"https:\/\/eafinia.com\/fr\/wp-json\/wp\/v2\/product_cat?post=58151"},{"taxonomy":"product_tag","embeddable":true,"href":"https:\/\/eafinia.com\/fr\/wp-json\/wp\/v2\/product_tag?post=58151"}],"curies":[{"name":"wp","href":"https:\/\/api.w.org\/{rel}","templated":true}]}}