{"id":57338,"date":"2024-03-15T09:51:55","date_gmt":"2024-03-15T08:51:55","guid":{"rendered":"https:\/\/eafinia.com\/?post_type=product&#038;p=57338"},"modified":"2026-02-18T17:28:45","modified_gmt":"2026-02-18T16:28:45","slug":"aspirateur-podiatrique-afinia-ndc-podo","status":"publish","type":"product","link":"https:\/\/eafinia.com\/fr\/produit\/aspirateur-podiatrique-afinia-ndc-podo\/","title":{"rendered":"Aspirateur Podiatrique AFINIA NDC PODO"},"content":{"rendered":"<p>Le collecteur de poussi\u00e8re pour p\u00e9dicure Afinia NDC PODO est un dispositif avanc\u00e9 utilis\u00e9 dans l&#8217;industrie cosm\u00e9tique, \u00e9tant le premier collecteur de poussi\u00e8re au monde pour la podologie. Con\u00e7u sp\u00e9cifiquement pour l&#8217;\u00e9limination efficace de la poussi\u00e8re et des contaminants g\u00e9n\u00e9r\u00e9s lors des travaux sur les ongles des pieds, il assure non seulement la propret\u00e9, mais aussi la sant\u00e9 et le confort de travail tant pour les sp\u00e9cialistes que pour les clients.<\/p>\n","protected":false},"excerpt":{"rendered":"<p>Nail dust collector<\/p>\n","protected":false},"featured_media":57314,"comment_status":"open","ping_status":"closed","template":"","meta":{"_acf_changed":false,"inline_featured_image":false},"product_brand":[],"product_cat":[313,749,529],"product_tag":[],"class_list":{"0":"post-57338","1":"product","2":"type-product","3":"status-publish","4":"has-post-thumbnail","6":"product_cat-aspirateurs","7":"product_cat-nouveautes","8":"product_cat-podologie","9":"product_shipping_class-courier-pochlaniacze-zagranica-fr-2","10":"sales-flash-overlay","11":"woocommerce-text-align-left","12":"woocommerce-image-align-center","13":"do-quantity-buttons","15":"first","16":"instock","17":"sale","18":"taxable","19":"shipping-taxable","20":"purchasable","21":"product-type-variable","22":"add-to-wishlist-before_image"},"acf":[],"gallery_images":[58328,57329,57334,57319,57324,57284,57299,57523,57528,57533,57538,61815,61819,57373,57378,57383,57388],"_links":{"self":[{"href":"https:\/\/eafinia.com\/fr\/wp-json\/wp\/v2\/product\/57338","targetHints":{"allow":["GET"]}}],"collection":[{"href":"https:\/\/eafinia.com\/fr\/wp-json\/wp\/v2\/product"}],"about":[{"href":"https:\/\/eafinia.com\/fr\/wp-json\/wp\/v2\/types\/product"}],"replies":[{"embeddable":true,"href":"https:\/\/eafinia.com\/fr\/wp-json\/wp\/v2\/comments?post=57338"}],"wp:featuredmedia":[{"embeddable":true,"href":"https:\/\/eafinia.com\/fr\/wp-json\/wp\/v2\/media\/57314"}],"wp:attachment":[{"href":"https:\/\/eafinia.com\/fr\/wp-json\/wp\/v2\/media?parent=57338"}],"wp:term":[{"taxonomy":"product_brand","embeddable":true,"href":"https:\/\/eafinia.com\/fr\/wp-json\/wp\/v2\/product_brand?post=57338"},{"taxonomy":"product_cat","embeddable":true,"href":"https:\/\/eafinia.com\/fr\/wp-json\/wp\/v2\/product_cat?post=57338"},{"taxonomy":"product_tag","embeddable":true,"href":"https:\/\/eafinia.com\/fr\/wp-json\/wp\/v2\/product_tag?post=57338"}],"curies":[{"name":"wp","href":"https:\/\/api.w.org\/{rel}","templated":true}]}}