{"id":56521,"date":"2024-01-16T10:21:26","date_gmt":"2024-01-16T09:21:26","guid":{"rendered":"https:\/\/eafinia.com\/?post_type=product&#038;p=56521"},"modified":"2026-03-19T14:54:08","modified_gmt":"2026-03-19T13:54:08","slug":"table-cosmetique-mobile-afinia-go-sac-de-transport-dedie","status":"publish","type":"product","link":"https:\/\/eafinia.com\/fr\/produit\/table-cosmetique-mobile-afinia-go-sac-de-transport-dedie\/","title":{"rendered":"Table Cosm\u00e9tique mobile Afinia Go + sac de transport d\u00e9di\u00e9"},"content":{"rendered":"<p><strong>Le Bureau Cosm\u00e9tique Afinia Go + Sac de Transport D\u00e9di\u00e9 \u2013 Confort Supr\u00eame pour Travailler, O\u00f9 Que Vous Soyez !<\/strong><\/p>\n<p>Cette table pliable et portable est parfaite pour le travail d&#8217;un(e) styliste qui se d\u00e9place chez le client. Que vous g\u00e9riez un salon de beaut\u00e9 ou que vous soyez un(e) styliste ind\u00e9pendant(e), vous pouvez d\u00e9sormais emporter vos comp\u00e9tences partout o\u00f9 vos services sont n\u00e9cessaires.<\/p>\n<p>*Il y a 2 prises de c\u00e2ble blanches sur le comptoir.<br \/>\n*Las bisagras son de color plateado.<\/p>\n","protected":false},"excerpt":{"rendered":"<p>Table de cosm\u00e9tique, Table pour ongles, Table de manucure<\/p>\n","protected":false},"featured_media":62769,"comment_status":"open","ping_status":"closed","template":"","meta":{"_acf_changed":false,"inline_featured_image":false},"product_brand":[],"product_cat":[308,305],"product_tag":[512,336,325,339],"class_list":{"0":"post-56521","1":"product","2":"type-product","3":"status-publish","4":"has-post-thumbnail","6":"product_cat-standard-fr","7":"product_cat-tables-de-cosmetique","8":"product_tag-afinia-go-fr","9":"product_tag-nouveautes-et-recommandations","10":"product_tag-plateau-de-table-droit","11":"product_tag-une-table-avec-un-poste-de-travail","12":"product_shipping_class-courier-stoly-kosmetyczne-zagranica-fr-2","13":"sales-flash-overlay","14":"woocommerce-text-align-left","15":"woocommerce-image-align-center","16":"do-quantity-buttons","18":"first","19":"instock","20":"taxable","21":"shipping-taxable","22":"purchasable","23":"product-type-variable","24":"add-to-wishlist-before_image"},"acf":[],"gallery_images":[62749,58258,62757,62765,62761,62753,62773,66022,56477,56770,56754,56744,56739,56734,63689],"_links":{"self":[{"href":"https:\/\/eafinia.com\/fr\/wp-json\/wp\/v2\/product\/56521","targetHints":{"allow":["GET"]}}],"collection":[{"href":"https:\/\/eafinia.com\/fr\/wp-json\/wp\/v2\/product"}],"about":[{"href":"https:\/\/eafinia.com\/fr\/wp-json\/wp\/v2\/types\/product"}],"replies":[{"embeddable":true,"href":"https:\/\/eafinia.com\/fr\/wp-json\/wp\/v2\/comments?post=56521"}],"wp:featuredmedia":[{"embeddable":true,"href":"https:\/\/eafinia.com\/fr\/wp-json\/wp\/v2\/media\/62769"}],"wp:attachment":[{"href":"https:\/\/eafinia.com\/fr\/wp-json\/wp\/v2\/media?parent=56521"}],"wp:term":[{"taxonomy":"product_brand","embeddable":true,"href":"https:\/\/eafinia.com\/fr\/wp-json\/wp\/v2\/product_brand?post=56521"},{"taxonomy":"product_cat","embeddable":true,"href":"https:\/\/eafinia.com\/fr\/wp-json\/wp\/v2\/product_cat?post=56521"},{"taxonomy":"product_tag","embeddable":true,"href":"https:\/\/eafinia.com\/fr\/wp-json\/wp\/v2\/product_tag?post=56521"}],"curies":[{"name":"wp","href":"https:\/\/api.w.org\/{rel}","templated":true}]}}