{"id":56515,"date":"2024-01-17T11:00:33","date_gmt":"2024-01-17T10:00:33","guid":{"rendered":"https:\/\/eafinia.com\/?post_type=product&#038;p=56515"},"modified":"2026-03-05T18:36:19","modified_gmt":"2026-03-05T17:36:19","slug":"table-cosmetique-mobile-afinia-go-white-sac-de-transport-dedie","status":"publish","type":"product","link":"https:\/\/eafinia.com\/fr\/produit\/table-cosmetique-mobile-afinia-go-white-sac-de-transport-dedie\/","title":{"rendered":"Table Cosm\u00e9tique mobile Afinia Go White + sac de transport d\u00e9di\u00e9"},"content":{"rendered":"<p><strong>Le Bureau Cosm\u00e9tique Afinia Go + sac de transport d\u00e9di\u00e9 \u2013 Un confort supr\u00eame pour le travail, o\u00f9 que vous soyez !<\/strong><\/p>\n<p>Cette table pliable et portable est parfaite pour le travail d&#8217;une styliste qui se d\u00e9place chez le client. Que vous dirigiez un salon de beaut\u00e9 ou que vous soyez une styliste ind\u00e9pendante, vous pouvez maintenant emporter vos comp\u00e9tences partout o\u00f9 vos services sont n\u00e9cessaires.<\/p>\n<p>*Il y a 2 prises de c\u00e2ble blanches sur le comptoir.<\/p>\n<p>*Les charni\u00e8res sont de couleur argent\u00e9e.<\/p>\n","protected":false},"excerpt":{"rendered":"<p>Table de cosm\u00e9tique, Table pour ongles, Table de manucure<\/p>\n","protected":false},"featured_media":62612,"comment_status":"open","ping_status":"closed","template":"","meta":{"_acf_changed":false,"inline_featured_image":false},"product_brand":[],"product_cat":[308,305],"product_tag":[512,336,325,339],"class_list":{"0":"post-56515","1":"product","2":"type-product","3":"status-publish","4":"has-post-thumbnail","6":"product_cat-standard-fr","7":"product_cat-tables-de-cosmetique","8":"product_tag-afinia-go-fr","9":"product_tag-nouveautes-et-recommandations","10":"product_tag-plateau-de-table-droit","11":"product_tag-une-table-avec-un-poste-de-travail","12":"product_shipping_class-courier-stoly-kosmetyczne-zagranica-fr-2","13":"sales-flash-overlay","14":"woocommerce-text-align-left","15":"woocommerce-image-align-center","16":"do-quantity-buttons","18":"first","19":"instock","20":"taxable","21":"shipping-taxable","22":"purchasable","23":"product-type-variable","24":"add-to-wishlist-before_image"},"acf":[],"gallery_images":[58258,56754,56749,56744,56734,56739,56770,62624,62620,62616,62628,66022,63689],"_links":{"self":[{"href":"https:\/\/eafinia.com\/fr\/wp-json\/wp\/v2\/product\/56515","targetHints":{"allow":["GET"]}}],"collection":[{"href":"https:\/\/eafinia.com\/fr\/wp-json\/wp\/v2\/product"}],"about":[{"href":"https:\/\/eafinia.com\/fr\/wp-json\/wp\/v2\/types\/product"}],"replies":[{"embeddable":true,"href":"https:\/\/eafinia.com\/fr\/wp-json\/wp\/v2\/comments?post=56515"}],"wp:featuredmedia":[{"embeddable":true,"href":"https:\/\/eafinia.com\/fr\/wp-json\/wp\/v2\/media\/62612"}],"wp:attachment":[{"href":"https:\/\/eafinia.com\/fr\/wp-json\/wp\/v2\/media?parent=56515"}],"wp:term":[{"taxonomy":"product_brand","embeddable":true,"href":"https:\/\/eafinia.com\/fr\/wp-json\/wp\/v2\/product_brand?post=56515"},{"taxonomy":"product_cat","embeddable":true,"href":"https:\/\/eafinia.com\/fr\/wp-json\/wp\/v2\/product_cat?post=56515"},{"taxonomy":"product_tag","embeddable":true,"href":"https:\/\/eafinia.com\/fr\/wp-json\/wp\/v2\/product_tag?post=56515"}],"curies":[{"name":"wp","href":"https:\/\/api.w.org\/{rel}","templated":true}]}}