{"id":56171,"date":"2025-01-16T15:31:49","date_gmt":"2025-01-16T14:31:49","guid":{"rendered":"https:\/\/eafinia.com\/?post_type=product&#038;p=56171"},"modified":"2026-01-23T14:50:55","modified_gmt":"2026-01-23T13:50:55","slug":"table-cosmetique-afinia-art-deco-black","status":"publish","type":"product","link":"https:\/\/eafinia.com\/fr\/produit\/table-cosmetique-afinia-art-deco-black\/","title":{"rendered":"Table Cosm\u00e9tique Afinia Art Deco Black"},"content":{"rendered":"<p>Le style Art D\u00e9co vient des ann\u00e9es 1920 et se distingue par une forme \u00e9l\u00e9gante et g\u00e9om\u00e9trique et l\u2019utilisation de mat\u00e9riaux faits \u00e0 la main. Ce n\u2019est pas diff\u00e9rent dans le cas de notre table, o\u00f9 nous avons voulu faire r\u00e9f\u00e9rence \u00e0 l\u2019esth\u00e9tique de cette tendance unique dans le domaine de la conception. La table Afinia Art Deco, outre son design atypique, est \u00e9galement tr\u00e8s pratique et extr\u00eamement facile \u00e0 monter.<\/p>\n","protected":false},"excerpt":{"rendered":"<p>Table cosm\u00e9tique, table de manucure<\/p>\n","protected":false},"featured_media":56828,"comment_status":"open","ping_status":"closed","template":"","meta":{"_acf_changed":false,"inline_featured_image":false},"product_brand":[],"product_cat":[308,305],"product_tag":[321,328,694],"class_list":{"0":"post-56171","1":"product","2":"type-product","3":"status-publish","4":"has-post-thumbnail","6":"product_cat-standard-fr","7":"product_cat-tables-de-cosmetique","8":"product_tag-decoupe-ergonomique-dans-le-plateau-pour-un-travail-confortable-du-styliste","9":"product_tag-table-pour-un-montage-simple-par-soi-meme","10":"product_tag-wysylka-stoly-low-fr-30","11":"product_shipping_class-courier-stoly-kosmetyczne-zagranica-fr-2","12":"sales-flash-overlay","13":"woocommerce-text-align-left","14":"woocommerce-image-align-center","15":"do-quantity-buttons","17":"first","18":"instock","19":"featured","20":"taxable","21":"shipping-taxable","22":"purchasable","23":"product-type-variable","24":"add-to-wishlist-before_image"},"acf":[],"gallery_images":[62982,60709,62994,66025,62990,62986,62978,62974,56707,60704,62970],"_links":{"self":[{"href":"https:\/\/eafinia.com\/fr\/wp-json\/wp\/v2\/product\/56171","targetHints":{"allow":["GET"]}}],"collection":[{"href":"https:\/\/eafinia.com\/fr\/wp-json\/wp\/v2\/product"}],"about":[{"href":"https:\/\/eafinia.com\/fr\/wp-json\/wp\/v2\/types\/product"}],"replies":[{"embeddable":true,"href":"https:\/\/eafinia.com\/fr\/wp-json\/wp\/v2\/comments?post=56171"}],"wp:featuredmedia":[{"embeddable":true,"href":"https:\/\/eafinia.com\/fr\/wp-json\/wp\/v2\/media\/56828"}],"wp:attachment":[{"href":"https:\/\/eafinia.com\/fr\/wp-json\/wp\/v2\/media?parent=56171"}],"wp:term":[{"taxonomy":"product_brand","embeddable":true,"href":"https:\/\/eafinia.com\/fr\/wp-json\/wp\/v2\/product_brand?post=56171"},{"taxonomy":"product_cat","embeddable":true,"href":"https:\/\/eafinia.com\/fr\/wp-json\/wp\/v2\/product_cat?post=56171"},{"taxonomy":"product_tag","embeddable":true,"href":"https:\/\/eafinia.com\/fr\/wp-json\/wp\/v2\/product_tag?post=56171"}],"curies":[{"name":"wp","href":"https:\/\/api.w.org\/{rel}","templated":true}]}}