{"id":53361,"date":"2023-06-06T12:43:54","date_gmt":"2023-06-06T10:43:54","guid":{"rendered":"https:\/\/eafinia.com\/?post_type=product&#038;p=53361"},"modified":"2026-04-02T11:31:40","modified_gmt":"2026-04-02T09:31:40","slug":"afinia-wave-lampe-cosmetique","status":"publish","type":"product","link":"https:\/\/eafinia.com\/fr\/produit\/afinia-wave-lampe-cosmetique\/","title":{"rendered":"Afinia Wave lampe cosmetique"},"content":{"rendered":"<p>\u00c9clairez votre studio de beaut\u00e9 pour l&#8217;\u00e9t\u00e9 et profitez d&#8217;un confort extraordinaire avec la lampe Afinia Wave. Cette lampe offre non seulement une lumi\u00e8re douce et agr\u00e9able pour les yeux, mais vous donne \u00e9galement un contr\u00f4le total sur l&#8217;\u00e9clairage. Avec une luminosit\u00e9 et une temp\u00e9rature de couleur r\u00e9glables, vous pouvez personnaliser l&#8217;\u00e9clairage selon vos pr\u00e9f\u00e9rences. Son design unique s&#8217;int\u00e8gre parfaitement dans les espaces modernes, et l&#8217;\u00e9clairage sans ombre \u00e0 180 degr\u00e9s et les ampoules LED de haute qualit\u00e9 garantissent que aucun d\u00e9tail n&#8217;\u00e9chappe \u00e0 votre attention. De plus, la lampe Afinia Wave est parfaite pour capturer des photos de vos propres projets, en accentuant chaque d\u00e9tail. Le package comprend \u00e9galement une t\u00e9l\u00e9commande pour un r\u00e9glage pratique de l&#8217;\u00e9clairage.<\/p>\n","protected":false},"excerpt":{"rendered":"<p>LAMPE COSMETIQUE<\/p>\n","protected":false},"featured_media":55979,"comment_status":"open","ping_status":"closed","template":"","meta":{"_acf_changed":false,"inline_featured_image":false},"product_brand":[],"product_cat":[304],"product_tag":[336],"class_list":{"0":"post-53361","1":"product","2":"type-product","3":"status-publish","4":"has-post-thumbnail","6":"product_cat-accessories-fr","7":"product_tag-nouveautes-et-recommandations","8":"product_shipping_class-courier-akcesoria-zagranica-fr","9":"sales-flash-overlay","10":"woocommerce-text-align-left","11":"woocommerce-image-align-center","12":"do-quantity-buttons","14":"first","15":"instock","16":"taxable","17":"shipping-taxable","18":"purchasable","19":"product-type-simple","20":"add-to-wishlist-before_image"},"acf":[],"gallery_images":[54363,54368,54373,54358],"_links":{"self":[{"href":"https:\/\/eafinia.com\/fr\/wp-json\/wp\/v2\/product\/53361","targetHints":{"allow":["GET"]}}],"collection":[{"href":"https:\/\/eafinia.com\/fr\/wp-json\/wp\/v2\/product"}],"about":[{"href":"https:\/\/eafinia.com\/fr\/wp-json\/wp\/v2\/types\/product"}],"replies":[{"embeddable":true,"href":"https:\/\/eafinia.com\/fr\/wp-json\/wp\/v2\/comments?post=53361"}],"wp:featuredmedia":[{"embeddable":true,"href":"https:\/\/eafinia.com\/fr\/wp-json\/wp\/v2\/media\/55979"}],"wp:attachment":[{"href":"https:\/\/eafinia.com\/fr\/wp-json\/wp\/v2\/media?parent=53361"}],"wp:term":[{"taxonomy":"product_brand","embeddable":true,"href":"https:\/\/eafinia.com\/fr\/wp-json\/wp\/v2\/product_brand?post=53361"},{"taxonomy":"product_cat","embeddable":true,"href":"https:\/\/eafinia.com\/fr\/wp-json\/wp\/v2\/product_cat?post=53361"},{"taxonomy":"product_tag","embeddable":true,"href":"https:\/\/eafinia.com\/fr\/wp-json\/wp\/v2\/product_tag?post=53361"}],"curies":[{"name":"wp","href":"https:\/\/api.w.org\/{rel}","templated":true}]}}