{"id":53160,"date":"2025-01-16T15:32:09","date_gmt":"2025-01-16T14:32:09","guid":{"rendered":"https:\/\/eafinia.com\/?post_type=product&#038;p=53160"},"modified":"2026-04-02T14:57:05","modified_gmt":"2026-04-02T12:57:05","slug":"table-cosmetique-afinia-basic","status":"publish","type":"product","link":"https:\/\/eafinia.com\/fr\/produit\/table-cosmetique-afinia-basic\/","title":{"rendered":"Table Cosm\u00e9tique Afinia Basic"},"content":{"rendered":"<p>Le design simple et universel, \u00e9quip\u00e9 d\u2019un grand espace de rangement sous forme de 4 tiroirs et armoires et d\u2019\u00e9tag\u00e8res pratiques ! De plus, il y a un cordon d\u2019alimentation et un cache-c\u00e2bles. Un lieu de travail enti\u00e8rement fonctionnel est la base du travail d\u2019une styliste \u2013 tout doit \u00eatre parfait.<\/p>\n<p><strong>\u00c0 partir du 18\/06\/2025, la hauteur de la Table cosm\u00e9tique passera de 76 \u00e0 77,5 cm<\/strong><\/p>\n","protected":false},"excerpt":{"rendered":"<p>Table cosm\u00e9tique, table de manucure<\/p>\n","protected":false},"featured_media":64213,"comment_status":"open","ping_status":"closed","template":"","meta":{"_acf_changed":false,"inline_featured_image":false},"product_brand":[],"product_cat":[308],"product_tag":[321,943,319,332,334],"class_list":{"0":"post-53160","1":"product","2":"type-product","3":"status-publish","4":"has-post-thumbnail","6":"product_cat-standard-fr","7":"product_tag-decoupe-ergonomique-dans-le-plateau-pour-un-travail-confortable-du-styliste","8":"product_tag-nombre-de-prises-electriques-5","9":"product_tag-prises-electriques-integrees","10":"product_tag-surface-du-plateau-de-table-recouverte-de-hpl","11":"product_tag-table-assemblee-et-prete-a-lemploi","12":"product_shipping_class-courier-stoly-kosmetyczne-zagranica-fr-2","13":"sales-flash-overlay","14":"woocommerce-text-align-left","15":"woocommerce-image-align-center","16":"do-quantity-buttons","18":"first","19":"instock","20":"featured","21":"taxable","22":"shipping-taxable","23":"purchasable","24":"product-type-variable","25":"add-to-wishlist-before_image"},"acf":[],"gallery_images":[64225,64221,64233,64229,67122],"_links":{"self":[{"href":"https:\/\/eafinia.com\/fr\/wp-json\/wp\/v2\/product\/53160","targetHints":{"allow":["GET"]}}],"collection":[{"href":"https:\/\/eafinia.com\/fr\/wp-json\/wp\/v2\/product"}],"about":[{"href":"https:\/\/eafinia.com\/fr\/wp-json\/wp\/v2\/types\/product"}],"replies":[{"embeddable":true,"href":"https:\/\/eafinia.com\/fr\/wp-json\/wp\/v2\/comments?post=53160"}],"wp:featuredmedia":[{"embeddable":true,"href":"https:\/\/eafinia.com\/fr\/wp-json\/wp\/v2\/media\/64213"}],"wp:attachment":[{"href":"https:\/\/eafinia.com\/fr\/wp-json\/wp\/v2\/media?parent=53160"}],"wp:term":[{"taxonomy":"product_brand","embeddable":true,"href":"https:\/\/eafinia.com\/fr\/wp-json\/wp\/v2\/product_brand?post=53160"},{"taxonomy":"product_cat","embeddable":true,"href":"https:\/\/eafinia.com\/fr\/wp-json\/wp\/v2\/product_cat?post=53160"},{"taxonomy":"product_tag","embeddable":true,"href":"https:\/\/eafinia.com\/fr\/wp-json\/wp\/v2\/product_tag?post=53160"}],"curies":[{"name":"wp","href":"https:\/\/api.w.org\/{rel}","templated":true}]}}