{"id":53146,"date":"2025-01-16T15:32:11","date_gmt":"2025-01-16T14:32:11","guid":{"rendered":"https:\/\/eafinia.com\/?post_type=product&#038;p=53146"},"modified":"2026-02-05T14:20:29","modified_gmt":"2026-02-05T13:20:29","slug":"afinia-basic-table-cosmetique-conglomerat-aspirateur","status":"publish","type":"product","link":"https:\/\/eafinia.com\/fr\/produit\/afinia-basic-table-cosmetique-conglomerat-aspirateur\/","title":{"rendered":"Table Cosm\u00e9tique Afinia Basic &#8211; Conglom\u00e9rat"},"content":{"rendered":"<p>Le design simple et universel, \u00e9quip\u00e9 d\u2019un grand espace de rangement sous forme de 4 tiroirs et armoires et d\u2019\u00e9tag\u00e8res pratiques ! De plus, il y a un cordon d\u2019alimentation et un cache-c\u00e2bles. Un lieu de travail enti\u00e8rement fonctionnel est la base du travail d\u2019une styliste \u2013 tout doit \u00eatre parfait. Le plateau de table est fait d&#8217;un conglom\u00e9rat r\u00e9sistant aux rayures.<\/p>\n<p><strong>*La version de 130 cm pr\u00e9sente une texture de conglom\u00e9rat plus marqu\u00e9e et plus dense \u2014 un effet naturel du processus de production qui conf\u00e8re au plateau un caract\u00e8re plus affirm\u00e9.<\/strong><\/p>\n<div class=\"image-conglomerat\" style=\"display: flex; gap: 20px; flex-wrap: wrap;\">\n<div style=\"margin-top: 20px;\"><strong>version 130 cm:<\/strong><a href=\"https:\/\/afinia.pl\/wp-content\/uploads\/2025\/12\/130cm-konglomerat.jpg\" target=\"_blank\" rel=\"noopener\"><br \/>\n<img decoding=\"async\" style=\"max-width: 300px; width: 100%; height: auto; border-radius: 8px; cursor: pointer;\" src=\"https:\/\/afinia.pl\/wp-content\/uploads\/2025\/12\/130cm-konglomerat.jpg\" alt=\"St\u00f3\u0142 130 cm\" \/><br \/>\n<\/a><\/div>\n<div style=\"margin-top: 20px;\">\n<p><strong>version 116 cm:<\/strong><a href=\"https:\/\/afinia.pl\/wp-content\/uploads\/2024\/10\/NOWE-STOLY-KREMOWE-TLO-2-1E-1.jpg\" target=\"_blank\" rel=\"noopener\"><br \/>\n<img decoding=\"async\" style=\"max-width: 300px; width: 100%; height: auto; border-radius: 8px; cursor: pointer;\" src=\"https:\/\/afinia.pl\/wp-content\/uploads\/2024\/10\/NOWE-STOLY-KREMOWE-TLO-2-1E-1.jpg\" alt=\"St\u00f3\u0142 116 cm\" \/><br \/>\n<\/a><\/p>\n<\/div>\n<\/div>\n<p><strong>\u00c0 partir du 18 juin 2025, la hauteur de la table avec des \u00e9l\u00e9ments argent\u00e9s passera de 76 \u00e0 78,5 cm.<\/strong><\/p>\n","protected":false},"excerpt":{"rendered":"<p>Table cosm\u00e9tique, table de manucure<\/p>\n","protected":false},"featured_media":65691,"comment_status":"open","ping_status":"closed","template":"","meta":{"_acf_changed":false,"inline_featured_image":false},"product_brand":[],"product_cat":[305],"product_tag":[321,698,331,319,334,317],"class_list":{"0":"post-53146","1":"product","2":"type-product","3":"status-publish","4":"has-post-thumbnail","6":"product_cat-tables-de-cosmetique","7":"product_tag-decoupe-ergonomique-dans-le-plateau-pour-un-travail-confortable-du-styliste","8":"product_tag-nombre-de-prises-electriques-4","9":"product_tag-plateau-de-table-de-conglomerat","10":"product_tag-prises-electriques-integrees","11":"product_tag-table-assemblee-et-prete-a-lemploi","12":"product_tag-ventilation-vers-lexterieur","13":"product_shipping_class-courier-stoly-kosmetyczne-zagranica-fr-2","14":"sales-flash-overlay","15":"woocommerce-text-align-left","16":"woocommerce-image-align-center","17":"do-quantity-buttons","19":"first","20":"instock","21":"taxable","22":"shipping-taxable","23":"purchasable","24":"product-type-variable","25":"add-to-wishlist-before_image"},"acf":[],"gallery_images":[65695,65699,65687,65711,65707,61563,65703,67118,67114,68500,68496],"_links":{"self":[{"href":"https:\/\/eafinia.com\/fr\/wp-json\/wp\/v2\/product\/53146","targetHints":{"allow":["GET"]}}],"collection":[{"href":"https:\/\/eafinia.com\/fr\/wp-json\/wp\/v2\/product"}],"about":[{"href":"https:\/\/eafinia.com\/fr\/wp-json\/wp\/v2\/types\/product"}],"replies":[{"embeddable":true,"href":"https:\/\/eafinia.com\/fr\/wp-json\/wp\/v2\/comments?post=53146"}],"wp:featuredmedia":[{"embeddable":true,"href":"https:\/\/eafinia.com\/fr\/wp-json\/wp\/v2\/media\/65691"}],"wp:attachment":[{"href":"https:\/\/eafinia.com\/fr\/wp-json\/wp\/v2\/media?parent=53146"}],"wp:term":[{"taxonomy":"product_brand","embeddable":true,"href":"https:\/\/eafinia.com\/fr\/wp-json\/wp\/v2\/product_brand?post=53146"},{"taxonomy":"product_cat","embeddable":true,"href":"https:\/\/eafinia.com\/fr\/wp-json\/wp\/v2\/product_cat?post=53146"},{"taxonomy":"product_tag","embeddable":true,"href":"https:\/\/eafinia.com\/fr\/wp-json\/wp\/v2\/product_tag?post=53146"}],"curies":[{"name":"wp","href":"https:\/\/api.w.org\/{rel}","templated":true}]}}