{"id":53132,"date":"2025-01-16T15:32:20","date_gmt":"2025-01-16T14:32:20","guid":{"rendered":"https:\/\/eafinia.com\/?post_type=product&#038;p=53132"},"modified":"2026-03-12T14:36:05","modified_gmt":"2026-03-12T13:36:05","slug":"table-cosmetique-afinia-prestige-aspirateur-afinia-ndc-1000","status":"publish","type":"product","link":"https:\/\/eafinia.com\/fr\/produit\/table-cosmetique-afinia-prestige-aspirateur-afinia-ndc-1000\/","title":{"rendered":"Table Cosm\u00e9tique Afinia Prestige + Aspirateur Afinia NDC 1000"},"content":{"rendered":"<p>L\u2019efficacit\u00e9 de l\u2019aspirateur Afinia r\u00e9sulte principalement de la puissance d\u2019aspiration des poussi\u00e8res ; dans le dernier mod\u00e8le de la table, nous avons r\u00e9solu le probl\u00e8me de l\u2019\u00e9va- cuation de l\u2019air, qui se fait avec une grande force une fois que la poussi\u00e8re est retenue dans le filtre ; des canaux d\u2019air sp\u00e9ciaux permettent de minimiser l\u2019effet du \u00ab vent \u00bb et d\u2019\u00e9vacuer l\u2019air \u00e0 l\u2019ext\u00e9rieur de la table. Nous avons \u00e9galement une solution sp\u00e9ciale : un plateau de table amovible qui peut \u00eatre remplac\u00e9 lorsque la surface de votre plateau de table est d\u00e9j\u00e0 us\u00e9 et que vous voulez qu\u2019il brille \u00e0 nouveau.<\/p>\n","protected":false},"excerpt":{"rendered":"<p>Table cosm\u00e9tique, table de manucure<\/p>\n","protected":false},"featured_media":63800,"comment_status":"open","ping_status":"closed","template":"","meta":{"_acf_changed":false,"inline_featured_image":false},"product_brand":[],"product_cat":[308,305],"product_tag":[321,336,322,319,332,334,339,317],"class_list":{"0":"post-53132","1":"product","2":"type-product","3":"status-publish","4":"has-post-thumbnail","6":"product_cat-standard-fr","7":"product_cat-tables-de-cosmetique","8":"product_tag-decoupe-ergonomique-dans-le-plateau-pour-un-travail-confortable-du-styliste","9":"product_tag-nouveautes-et-recommandations","10":"product_tag-plateau-de-table-changeable","11":"product_tag-prises-electriques-integrees","12":"product_tag-surface-du-plateau-de-table-recouverte-de-hpl","13":"product_tag-table-assemblee-et-prete-a-lemploi","14":"product_tag-une-table-avec-un-poste-de-travail","15":"product_tag-ventilation-vers-lexterieur","16":"product_shipping_class-courier-stoly-kosmetyczne-zagranica-fr-2","17":"sales-flash-overlay","18":"woocommerce-text-align-left","19":"woocommerce-image-align-center","20":"do-quantity-buttons","22":"first","23":"instock","24":"featured","25":"taxable","26":"shipping-taxable","27":"purchasable","28":"product-type-variable","29":"add-to-wishlist-before_image"},"acf":[],"gallery_images":[63804,60878,62853,63796,63586,63582,63457,63449,63453,66061,63808,62857,60874,64007,64431,64427],"_links":{"self":[{"href":"https:\/\/eafinia.com\/fr\/wp-json\/wp\/v2\/product\/53132","targetHints":{"allow":["GET"]}}],"collection":[{"href":"https:\/\/eafinia.com\/fr\/wp-json\/wp\/v2\/product"}],"about":[{"href":"https:\/\/eafinia.com\/fr\/wp-json\/wp\/v2\/types\/product"}],"replies":[{"embeddable":true,"href":"https:\/\/eafinia.com\/fr\/wp-json\/wp\/v2\/comments?post=53132"}],"wp:featuredmedia":[{"embeddable":true,"href":"https:\/\/eafinia.com\/fr\/wp-json\/wp\/v2\/media\/63800"}],"wp:attachment":[{"href":"https:\/\/eafinia.com\/fr\/wp-json\/wp\/v2\/media?parent=53132"}],"wp:term":[{"taxonomy":"product_brand","embeddable":true,"href":"https:\/\/eafinia.com\/fr\/wp-json\/wp\/v2\/product_brand?post=53132"},{"taxonomy":"product_cat","embeddable":true,"href":"https:\/\/eafinia.com\/fr\/wp-json\/wp\/v2\/product_cat?post=53132"},{"taxonomy":"product_tag","embeddable":true,"href":"https:\/\/eafinia.com\/fr\/wp-json\/wp\/v2\/product_tag?post=53132"}],"curies":[{"name":"wp","href":"https:\/\/api.w.org\/{rel}","templated":true}]}}