{"id":53094,"date":"2023-05-25T06:59:25","date_gmt":"2023-05-25T04:59:25","guid":{"rendered":"https:\/\/eafinia.com\/?post_type=product&#038;p=53094"},"modified":"2026-01-20T12:02:56","modified_gmt":"2026-01-20T11:02:56","slug":"aspirateur-afinia-ndc-mobile","status":"publish","type":"product","link":"https:\/\/eafinia.com\/fr\/produit\/aspirateur-afinia-ndc-mobile\/","title":{"rendered":"Aspirateur AFINIA NDC Mobile+"},"content":{"rendered":"<p>L\u2019aspirateur portable, l\u00e9ger et petit a \u00e9t\u00e9 cr\u00e9\u00e9 \u00e0 la demande de nombreuses stylistes d\u2019ongles. L\u2019efficacit\u00e9 de l\u2019appareil est comparable \u00e0 sa version stationnaire. Nous avons utilis\u00e9 dans ce mod\u00e8le les filtres rempla\u00e7ables qui garantissent la r\u00e9tention de la poussi\u00e8re et l\u2019hygi\u00e8ne. Si vous tenez \u00e0 utiliser l\u2019aspirateur sur plusieurs postes de travail ou pouvoir vous d\u00e9placer avec lui, c\u2019est la solution parfaite pour vous.<\/p>\n","protected":false},"excerpt":{"rendered":"<p>Mobile Aspirateur<\/p>\n","protected":false},"featured_media":44551,"comment_status":"open","ping_status":"closed","template":"","meta":{"_acf_changed":false,"inline_featured_image":false},"product_brand":[],"product_cat":[313,316],"product_tag":[337],"class_list":{"0":"post-53094","1":"product","2":"type-product","3":"status-publish","4":"has-post-thumbnail","6":"product_cat-aspirateurs","7":"product_cat-ndc-mobile-fr","8":"product_tag-nouveau","9":"product_shipping_class-courier-pochlaniacze-zagranica-fr","10":"sales-flash-overlay","11":"woocommerce-text-align-left","12":"woocommerce-image-align-center","13":"do-quantity-buttons","15":"first","16":"instock","17":"taxable","18":"shipping-taxable","19":"purchasable","20":"product-type-simple","21":"add-to-wishlist-before_image"},"acf":[],"gallery_images":[58214,44553,44545,44555,44547,44377,44379,44381,44383,44385],"_links":{"self":[{"href":"https:\/\/eafinia.com\/fr\/wp-json\/wp\/v2\/product\/53094","targetHints":{"allow":["GET"]}}],"collection":[{"href":"https:\/\/eafinia.com\/fr\/wp-json\/wp\/v2\/product"}],"about":[{"href":"https:\/\/eafinia.com\/fr\/wp-json\/wp\/v2\/types\/product"}],"replies":[{"embeddable":true,"href":"https:\/\/eafinia.com\/fr\/wp-json\/wp\/v2\/comments?post=53094"}],"wp:featuredmedia":[{"embeddable":true,"href":"https:\/\/eafinia.com\/fr\/wp-json\/wp\/v2\/media\/44551"}],"wp:attachment":[{"href":"https:\/\/eafinia.com\/fr\/wp-json\/wp\/v2\/media?parent=53094"}],"wp:term":[{"taxonomy":"product_brand","embeddable":true,"href":"https:\/\/eafinia.com\/fr\/wp-json\/wp\/v2\/product_brand?post=53094"},{"taxonomy":"product_cat","embeddable":true,"href":"https:\/\/eafinia.com\/fr\/wp-json\/wp\/v2\/product_cat?post=53094"},{"taxonomy":"product_tag","embeddable":true,"href":"https:\/\/eafinia.com\/fr\/wp-json\/wp\/v2\/product_tag?post=53094"}],"curies":[{"name":"wp","href":"https:\/\/api.w.org\/{rel}","templated":true}]}}