{"id":53093,"date":"2023-05-24T15:00:15","date_gmt":"2023-05-24T13:00:15","guid":{"rendered":"https:\/\/eafinia.com\/?post_type=product&#038;p=53093"},"modified":"2026-04-07T20:56:17","modified_gmt":"2026-04-07T18:56:17","slug":"aspirateur-afinia-ndc-2000","status":"publish","type":"product","link":"https:\/\/eafinia.com\/fr\/produit\/aspirateur-afinia-ndc-2000\/","title":{"rendered":"Aspirateur AFINIA NDC 2000"},"content":{"rendered":"<p>Afinia NDC 2000 est notre best-seller. Le collecteur se distingue avant tout par sa puissance et son efficacit\u00e9. Des milliers de clients satisfaits et des commentaires positifs confirment notre engagement envers les normes les plus \u00e9lev\u00e9es. La technologie d&#8217;Afinia a rapidement \u00e9t\u00e9 reconnue par les professionnels, b\u00e9n\u00e9ficiant de l&#8217;approbation de l&#8217;industrie.<\/p>\n","protected":false},"excerpt":{"rendered":"<p>Aspirateur<\/p>\n","protected":false},"featured_media":60824,"comment_status":"open","ping_status":"closed","template":"","meta":{"_acf_changed":false,"inline_featured_image":false},"product_brand":[],"product_cat":[313,315],"product_tag":[],"class_list":{"0":"post-53093","1":"product","2":"type-product","3":"status-publish","4":"has-post-thumbnail","6":"product_cat-aspirateurs","7":"product_cat-ndc-2000-fr","8":"product_shipping_class-courier-pochlaniacze-zagranica-fr","9":"sales-flash-overlay","10":"woocommerce-text-align-left","11":"woocommerce-image-align-center","12":"do-quantity-buttons","14":"first","15":"instock","16":"taxable","17":"shipping-taxable","18":"purchasable","19":"product-type-simple","20":"add-to-wishlist-before_image"},"acf":[],"gallery_images":[60339,57942,69027,45144,52635,45146,45147,45148],"_links":{"self":[{"href":"https:\/\/eafinia.com\/fr\/wp-json\/wp\/v2\/product\/53093","targetHints":{"allow":["GET"]}}],"collection":[{"href":"https:\/\/eafinia.com\/fr\/wp-json\/wp\/v2\/product"}],"about":[{"href":"https:\/\/eafinia.com\/fr\/wp-json\/wp\/v2\/types\/product"}],"replies":[{"embeddable":true,"href":"https:\/\/eafinia.com\/fr\/wp-json\/wp\/v2\/comments?post=53093"}],"wp:featuredmedia":[{"embeddable":true,"href":"https:\/\/eafinia.com\/fr\/wp-json\/wp\/v2\/media\/60824"}],"wp:attachment":[{"href":"https:\/\/eafinia.com\/fr\/wp-json\/wp\/v2\/media?parent=53093"}],"wp:term":[{"taxonomy":"product_brand","embeddable":true,"href":"https:\/\/eafinia.com\/fr\/wp-json\/wp\/v2\/product_brand?post=53093"},{"taxonomy":"product_cat","embeddable":true,"href":"https:\/\/eafinia.com\/fr\/wp-json\/wp\/v2\/product_cat?post=53093"},{"taxonomy":"product_tag","embeddable":true,"href":"https:\/\/eafinia.com\/fr\/wp-json\/wp\/v2\/product_tag?post=53093"}],"curies":[{"name":"wp","href":"https:\/\/api.w.org\/{rel}","templated":true}]}}