{"id":53088,"date":"2023-05-24T14:29:39","date_gmt":"2023-05-24T12:29:39","guid":{"rendered":"https:\/\/eafinia.com\/?post_type=product&#038;p=53088"},"modified":"2026-04-03T12:24:11","modified_gmt":"2026-04-03T10:24:11","slug":"filtre-a-charbon-ndc-2000","status":"publish","type":"product","link":"https:\/\/eafinia.com\/fr\/produit\/filtre-a-charbon-ndc-2000\/","title":{"rendered":"Filtre \u00e0 charbon NDC 2000"},"content":{"rendered":"<p>UNIQUEMENT pour une utilisation avec le d\u00e9poussi\u00e9reur Afinia NDC 2000.<br \/>\nAbsorption efficace et meilleure des odeurs d\u00e9sagr\u00e9ables.<br \/>\nLe filtre doit \u00eatre remplac\u00e9 tous les 3 mois.<\/p>\n","protected":false},"excerpt":{"rendered":"<p>Filtre d\u00e9poussi\u00e9reur<\/p>\n","protected":false},"featured_media":45134,"comment_status":"open","ping_status":"closed","template":"","meta":{"_acf_changed":false,"inline_featured_image":false},"product_brand":[],"product_cat":[309,311],"product_tag":[],"class_list":{"0":"post-53088","1":"product","2":"type-product","3":"status-publish","4":"has-post-thumbnail","6":"product_cat-filtres","7":"product_cat-filtres-ndc-2000","8":"product_shipping_class-courier-akcesoria-zagranica-fr","9":"sales-flash-overlay","10":"woocommerce-text-align-left","11":"woocommerce-image-align-center","12":"do-quantity-buttons","14":"first","15":"instock","16":"taxable","17":"shipping-taxable","18":"purchasable","19":"product-type-simple","20":"add-to-wishlist-before_image"},"acf":[],"gallery_images":[60911],"_links":{"self":[{"href":"https:\/\/eafinia.com\/fr\/wp-json\/wp\/v2\/product\/53088","targetHints":{"allow":["GET"]}}],"collection":[{"href":"https:\/\/eafinia.com\/fr\/wp-json\/wp\/v2\/product"}],"about":[{"href":"https:\/\/eafinia.com\/fr\/wp-json\/wp\/v2\/types\/product"}],"replies":[{"embeddable":true,"href":"https:\/\/eafinia.com\/fr\/wp-json\/wp\/v2\/comments?post=53088"}],"wp:featuredmedia":[{"embeddable":true,"href":"https:\/\/eafinia.com\/fr\/wp-json\/wp\/v2\/media\/45134"}],"wp:attachment":[{"href":"https:\/\/eafinia.com\/fr\/wp-json\/wp\/v2\/media?parent=53088"}],"wp:term":[{"taxonomy":"product_brand","embeddable":true,"href":"https:\/\/eafinia.com\/fr\/wp-json\/wp\/v2\/product_brand?post=53088"},{"taxonomy":"product_cat","embeddable":true,"href":"https:\/\/eafinia.com\/fr\/wp-json\/wp\/v2\/product_cat?post=53088"},{"taxonomy":"product_tag","embeddable":true,"href":"https:\/\/eafinia.com\/fr\/wp-json\/wp\/v2\/product_tag?post=53088"}],"curies":[{"name":"wp","href":"https:\/\/api.w.org\/{rel}","templated":true}]}}