{"id":53086,"date":"2023-05-24T11:54:37","date_gmt":"2023-05-24T09:54:37","guid":{"rendered":"https:\/\/eafinia.com\/?post_type=product&#038;p=53086"},"modified":"2026-03-27T13:26:17","modified_gmt":"2026-03-27T12:26:17","slug":"filtre-a-charbon-ndc-1000","status":"publish","type":"product","link":"https:\/\/eafinia.com\/fr\/produit\/filtre-a-charbon-ndc-1000\/","title":{"rendered":"Filtre \u00e0 charbon NDC 1000"},"content":{"rendered":"<p>Convient pour l\u2019aspirateur NDC 1000<br \/>\nLes filtres permettent d\u2019arr\u00eater les poussi\u00e8res nocives et assurent \u00e9galement une absorption efficace et meilleure des odeurs d\u00e9sagr\u00e9ables pendant le travail.<\/p>\n","protected":false},"excerpt":{"rendered":"<p>Filtre d\u00e9poussi\u00e9reur<\/p>\n","protected":false},"featured_media":45130,"comment_status":"open","ping_status":"closed","template":"","meta":{"_acf_changed":false,"inline_featured_image":false},"product_brand":[],"product_cat":[309,310],"product_tag":[],"class_list":{"0":"post-53086","1":"product","2":"type-product","3":"status-publish","4":"has-post-thumbnail","6":"product_cat-filtres","7":"product_cat-filtres-ndc-1000","8":"product_shipping_class-courier-akcesoria-zagranica-fr","9":"sales-flash-overlay","10":"woocommerce-text-align-left","11":"woocommerce-image-align-center","12":"do-quantity-buttons","14":"first","15":"instock","16":"sale","17":"taxable","18":"shipping-taxable","19":"purchasable","20":"product-type-simple","21":"add-to-wishlist-before_image"},"acf":[],"gallery_images":[],"_links":{"self":[{"href":"https:\/\/eafinia.com\/fr\/wp-json\/wp\/v2\/product\/53086","targetHints":{"allow":["GET"]}}],"collection":[{"href":"https:\/\/eafinia.com\/fr\/wp-json\/wp\/v2\/product"}],"about":[{"href":"https:\/\/eafinia.com\/fr\/wp-json\/wp\/v2\/types\/product"}],"replies":[{"embeddable":true,"href":"https:\/\/eafinia.com\/fr\/wp-json\/wp\/v2\/comments?post=53086"}],"wp:featuredmedia":[{"embeddable":true,"href":"https:\/\/eafinia.com\/fr\/wp-json\/wp\/v2\/media\/45130"}],"wp:attachment":[{"href":"https:\/\/eafinia.com\/fr\/wp-json\/wp\/v2\/media?parent=53086"}],"wp:term":[{"taxonomy":"product_brand","embeddable":true,"href":"https:\/\/eafinia.com\/fr\/wp-json\/wp\/v2\/product_brand?post=53086"},{"taxonomy":"product_cat","embeddable":true,"href":"https:\/\/eafinia.com\/fr\/wp-json\/wp\/v2\/product_cat?post=53086"},{"taxonomy":"product_tag","embeddable":true,"href":"https:\/\/eafinia.com\/fr\/wp-json\/wp\/v2\/product_tag?post=53086"}],"curies":[{"name":"wp","href":"https:\/\/api.w.org\/{rel}","templated":true}]}}