{"id":53080,"date":"2023-05-23T15:06:18","date_gmt":"2023-05-23T13:06:18","guid":{"rendered":"https:\/\/eafinia.com\/?post_type=product&#038;p=53080"},"modified":"2025-12-29T14:09:29","modified_gmt":"2025-12-29T13:09:29","slug":"grille-de-ventilation-en-nid-dabeille","status":"publish","type":"product","link":"https:\/\/eafinia.com\/fr\/produit\/grille-de-ventilation-en-nid-dabeille\/","title":{"rendered":"Grille de ventilation en nid d&#8217;abeille"},"content":{"rendered":"<p>Nouvelle conception de la grille 2022 (conception d\u00e9di\u00e9e), de sorte que l&#8217;absorbeur absorbe encore plus de poussi\u00e8re.<\/p>\n","protected":false},"excerpt":{"rendered":"<p>Nouvelle conception de la grille 2022 (conception d\u00e9di\u00e9e), de sorte que l&#8217;absorbeur absorbe encore plus de poussi\u00e8re.<\/p>\n","protected":false},"featured_media":55178,"comment_status":"open","ping_status":"closed","template":"","meta":{"_acf_changed":false,"inline_featured_image":false},"product_brand":[],"product_cat":[304],"product_tag":[763,498],"class_list":{"0":"post-53080","1":"product","2":"type-product","3":"status-publish","4":"has-post-thumbnail","6":"product_cat-accessories-fr","7":"product_tag-accessoriesfr","8":"product_tag-sda-fr-koszt-x1-5","9":"product_shipping_class-courier-akcesoria-zagranica-fr","10":"sales-flash-overlay","11":"woocommerce-text-align-left","12":"woocommerce-image-align-center","13":"do-quantity-buttons","15":"first","16":"instock","17":"taxable","18":"shipping-taxable","19":"purchasable","20":"product-type-simple","21":"add-to-wishlist-before_image"},"acf":[],"gallery_images":[54389,45098,45099,45100],"_links":{"self":[{"href":"https:\/\/eafinia.com\/fr\/wp-json\/wp\/v2\/product\/53080","targetHints":{"allow":["GET"]}}],"collection":[{"href":"https:\/\/eafinia.com\/fr\/wp-json\/wp\/v2\/product"}],"about":[{"href":"https:\/\/eafinia.com\/fr\/wp-json\/wp\/v2\/types\/product"}],"replies":[{"embeddable":true,"href":"https:\/\/eafinia.com\/fr\/wp-json\/wp\/v2\/comments?post=53080"}],"wp:featuredmedia":[{"embeddable":true,"href":"https:\/\/eafinia.com\/fr\/wp-json\/wp\/v2\/media\/55178"}],"wp:attachment":[{"href":"https:\/\/eafinia.com\/fr\/wp-json\/wp\/v2\/media?parent=53080"}],"wp:term":[{"taxonomy":"product_brand","embeddable":true,"href":"https:\/\/eafinia.com\/fr\/wp-json\/wp\/v2\/product_brand?post=53080"},{"taxonomy":"product_cat","embeddable":true,"href":"https:\/\/eafinia.com\/fr\/wp-json\/wp\/v2\/product_cat?post=53080"},{"taxonomy":"product_tag","embeddable":true,"href":"https:\/\/eafinia.com\/fr\/wp-json\/wp\/v2\/product_tag?post=53080"}],"curies":[{"name":"wp","href":"https:\/\/api.w.org\/{rel}","templated":true}]}}