{"id":53074,"date":"2023-05-23T12:18:33","date_gmt":"2023-05-23T10:18:33","guid":{"rendered":"https:\/\/eafinia.com\/?post_type=product&#038;p=53074"},"modified":"2026-04-08T00:57:18","modified_gmt":"2026-04-07T22:57:18","slug":"repose-mains-pour-montage","status":"publish","type":"product","link":"https:\/\/eafinia.com\/fr\/produit\/repose-mains-pour-montage\/","title":{"rendered":"Repose-mains pour montage"},"content":{"rendered":"<p>Un repose-main \u00e9l\u00e9gant blanc mont\u00e9 sur une table cosm\u00e9tique.<\/p>\n","protected":false},"excerpt":{"rendered":"<p>Accessoires<\/p>\n","protected":false},"featured_media":45085,"comment_status":"open","ping_status":"closed","template":"","meta":{"_acf_changed":false,"inline_featured_image":false},"product_brand":[],"product_cat":[304],"product_tag":[763,498],"class_list":{"0":"post-53074","1":"product","2":"type-product","3":"status-publish","4":"has-post-thumbnail","6":"product_cat-accessories-fr","7":"product_tag-accessoriesfr","8":"product_tag-sda-fr-koszt-x1-5","9":"product_shipping_class-courier-akcesoria-zagranica-fr","10":"sales-flash-overlay","11":"woocommerce-text-align-left","12":"woocommerce-image-align-center","13":"do-quantity-buttons","15":"first","16":"instock","17":"taxable","18":"shipping-taxable","19":"purchasable","20":"product-type-variable","21":"add-to-wishlist-before_image"},"acf":[],"gallery_images":[45086],"_links":{"self":[{"href":"https:\/\/eafinia.com\/fr\/wp-json\/wp\/v2\/product\/53074","targetHints":{"allow":["GET"]}}],"collection":[{"href":"https:\/\/eafinia.com\/fr\/wp-json\/wp\/v2\/product"}],"about":[{"href":"https:\/\/eafinia.com\/fr\/wp-json\/wp\/v2\/types\/product"}],"replies":[{"embeddable":true,"href":"https:\/\/eafinia.com\/fr\/wp-json\/wp\/v2\/comments?post=53074"}],"wp:featuredmedia":[{"embeddable":true,"href":"https:\/\/eafinia.com\/fr\/wp-json\/wp\/v2\/media\/45085"}],"wp:attachment":[{"href":"https:\/\/eafinia.com\/fr\/wp-json\/wp\/v2\/media?parent=53074"}],"wp:term":[{"taxonomy":"product_brand","embeddable":true,"href":"https:\/\/eafinia.com\/fr\/wp-json\/wp\/v2\/product_brand?post=53074"},{"taxonomy":"product_cat","embeddable":true,"href":"https:\/\/eafinia.com\/fr\/wp-json\/wp\/v2\/product_cat?post=53074"},{"taxonomy":"product_tag","embeddable":true,"href":"https:\/\/eafinia.com\/fr\/wp-json\/wp\/v2\/product_tag?post=53074"}],"curies":[{"name":"wp","href":"https:\/\/api.w.org\/{rel}","templated":true}]}}