{"id":52937,"date":"2023-05-17T09:00:13","date_gmt":"2023-05-17T07:00:13","guid":{"rendered":"https:\/\/eafinia.com\/?page_id=52937"},"modified":"2023-05-18T10:46:30","modified_gmt":"2023-05-18T08:46:30","slug":"plan-du-showroom","status":"publish","type":"page","link":"https:\/\/eafinia.com\/fr\/plan-du-showroom\/","title":{"rendered":"Plan du showroom"},"content":{"rendered":"<div class=\"gb-container gb-container-5ffaf844\"><div class=\"gb-inside-container\">\n\n<h1 class=\"gb-headline gb-headline-67306bb0 gb-headline-text\">Trouvez votre salon s\u00e9curis\u00e9 \u00e9quip\u00e9 du d\u00e9poussi\u00e9reur Afinia<\/h1>\n\n\n\n<iframe style=\"width: 100%; height: 550px; border: 0;\" src=\"\/wp-content\/uploads\/other\/index.html\"><\/iframe>\n\n<\/div><\/div>","protected":false},"excerpt":{"rendered":"<p>Trouvez votre salon s\u00e9curis\u00e9 \u00e9quip\u00e9 du d\u00e9poussi\u00e9reur Afinia<\/p>\n","protected":false},"author":1,"featured_media":0,"parent":0,"menu_order":0,"comment_status":"closed","ping_status":"closed","template":"","meta":{"_acf_changed":false,"inline_featured_image":false,"footnotes":""},"class_list":["post-52937","page","type-page","status-publish"],"acf":[],"_links":{"self":[{"href":"https:\/\/eafinia.com\/fr\/wp-json\/wp\/v2\/pages\/52937","targetHints":{"allow":["GET"]}}],"collection":[{"href":"https:\/\/eafinia.com\/fr\/wp-json\/wp\/v2\/pages"}],"about":[{"href":"https:\/\/eafinia.com\/fr\/wp-json\/wp\/v2\/types\/page"}],"author":[{"embeddable":true,"href":"https:\/\/eafinia.com\/fr\/wp-json\/wp\/v2\/users\/1"}],"replies":[{"embeddable":true,"href":"https:\/\/eafinia.com\/fr\/wp-json\/wp\/v2\/comments?post=52937"}],"version-history":[{"count":2,"href":"https:\/\/eafinia.com\/fr\/wp-json\/wp\/v2\/pages\/52937\/revisions"}],"predecessor-version":[{"id":52958,"href":"https:\/\/eafinia.com\/fr\/wp-json\/wp\/v2\/pages\/52937\/revisions\/52958"}],"wp:attachment":[{"href":"https:\/\/eafinia.com\/fr\/wp-json\/wp\/v2\/media?parent=52937"}],"curies":[{"name":"wp","href":"https:\/\/api.w.org\/{rel}","templated":true}]}}