{"id":52934,"date":"2023-05-17T08:57:47","date_gmt":"2023-05-17T06:57:47","guid":{"rendered":"https:\/\/eafinia.com\/?page_id=52934"},"modified":"2023-05-31T18:46:48","modified_gmt":"2023-05-31T16:46:48","slug":"gdpr","status":"publish","type":"page","link":"https:\/\/eafinia.com\/fr\/gdpr\/","title":{"rendered":"GDPR"},"content":{"rendered":"<div class=\"gb-container gb-container-fdc07f91\"><div class=\"gb-inside-container\">\n\n<p><br><strong>Informations destin\u00e9es aux clients de Afinia Miros\u0142aw Szmelter \u0141ukasz Bia\u0142ecki Partenariat civil concernant le traitement des donn\u00e9es personnelles<\/strong><\/p>\n\n\n\n<p>Le 25 mai 2018, le R\u00e8glement du Parlement europ\u00e9en et du Conseil (UE) 2016\/679 du 27 avril 2016 relatif \u00e0 la protection des personnes physiques \u00e0 l&#8217;\u00e9gard du traitement des donn\u00e9es \u00e0 caract\u00e8re personnel et \u00e0 la libre circulation de ces donn\u00e9es et abrogeant la directive 95\/46\/CE (R\u00e8glement g\u00e9n\u00e9ral sur la protection des donn\u00e9es), ci-apr\u00e8s d\u00e9nomm\u00e9 le R\u00e8glement.<\/p>\n\n\n\n<p>En relation avec ce qui pr\u00e9c\u00e8de, nous tenons \u00e0 vous informer que, \u00e0 partir du 25 mai 2018, les clients auront les droits suivants li\u00e9s au traitement des donn\u00e9es personnelles par Afinia Miros\u0142aw Szmelter \u0141ukasz Bia\u0142ecki Sp\u00f3\u0142ka Cywilna, ainsi que les informations et r\u00e8gles suivantes li\u00e9es au traitement des donn\u00e9es.<\/p>\n\n\n\n<p>I. Responsable du traitement des donn\u00e9es personnelles Le responsable de vos donn\u00e9es personnelles est Afinia Miros\u0142aw Szmelter \u0141ukasz Bia\u0142ecki Sp\u00f3\u0142ka Cywilna, dont le si\u00e8ge social est situ\u00e9 ul. Konfederacka 4a\/14, \u00e0 Pozna\u0144 (code postal : 60-281), adresse e-mail : <a href=\"mailto:kontakt@afinia.pl\">kontakt@afinia.pl<\/a>.<\/p>\n\n\n\n<p>II. Objectifs du traitement des donn\u00e9es personnelles L&#8217;objectif du traitement de vos donn\u00e9es personnelles par Afinia Miros\u0142aw Szmelter \u0141ukasz Bia\u0142ecki Sp\u00f3\u0142ka Cywilna est l&#8217;envoi d&#8217;offres commerciales, la pr\u00e9paration de devis, la prise de commandes et leur traitement.<\/p>\n\n\n\n<p>III. Informations sur les donn\u00e9es personnelles collect\u00e9es Afinia Miros\u0142aw Szmelter \u0141ukasz Bia\u0142ecki Sp\u00f3\u0142ka Cywilna informe qu&#8217;elle collecte les donn\u00e9es personnelles suivantes : nom, pr\u00e9nom, adresse de livraison, donn\u00e9es n\u00e9cessaires pour \u00e9tablir une facture, num\u00e9ro de t\u00e9l\u00e9phone, adresse e-mail.<\/p>\n\n\n\n<p>IV. Destinataires des donn\u00e9es personnelles Les donn\u00e9es fournies par vous ne seront pas communiqu\u00e9es \u00e0 des tiers. Les destinataires des donn\u00e9es seront des institutions autoris\u00e9es par la loi, des entreprises de transport et des partenaires collaborant \u00e0 l&#8217;ex\u00e9cution de la commande.<\/p>\n\n\n\n<p>Le responsable du traitement des donn\u00e9es n&#8217;a pas l&#8217;intention de transf\u00e9rer des donn\u00e9es personnelles \u00e0 un \u00c9tat tiers ou \u00e0 une organisation internationale.<\/p>\n\n\n\n<p>V. Dur\u00e9e du traitement des donn\u00e9es personnelles Les donn\u00e9es personnelles seront conserv\u00e9es pendant la dur\u00e9e de fonctionnement de l&#8217;entreprise.<\/p>\n\n\n\n<p>VI. Droits des personnes concern\u00e9es En relation avec le traitement de vos donn\u00e9es personnelles par Afinia Miros\u0142aw Szmelter \u0141ukasz Bia\u0142ecki Sp\u00f3\u0142ka Cywilna, vous avez le droit : d&#8217;acc\u00e9der aux donn\u00e9es, de les rectifier, de les supprimer, de limiter leur traitement, de les transf\u00e9rer, de vous opposer \u00e0 leur traitement. Pour exercer ces droits, veuillez envoyer un message \u00e0 l&#8217;adresse e-mail suivante : <a href=\"mailto:kontakt@afinia.pl\">kontakt@afinia.pl<\/a>.<\/p>\n\n\n\n<p>VII. Plainte aupr\u00e8s de l&#8217;autorit\u00e9 de contr\u00f4le Si vous estimez que les dispositions sur la protection des donn\u00e9es ont \u00e9t\u00e9 viol\u00e9es concernant vos donn\u00e9es personnelles, vous avez le droit de d\u00e9poser une plainte aupr\u00e8s de l&#8217;autorit\u00e9 de contr\u00f4le, conform\u00e9ment aux dispositions du R\u00e8glement du Pr\u00e9sident du Bureau de Protection des Donn\u00e9es \u00e0 Caract\u00e8re Personnel.<\/p>\n\n\n\n<p>VIII. Informations sur l&#8217;obligation\/volontariat de fournir des donn\u00e9es personnelles La fourniture de donn\u00e9es est volontaire, mais n\u00e9cessaire pour le traitement et la r\u00e9alisation des demandes\/commandes. Si vous ne fournissez pas les donn\u00e9es mentionn\u00e9es ci-dessus, il ne sera pas possible de r\u00e9aliser les activit\u00e9s mentionn\u00e9es ci-dessus.<\/p>\n\n\n\n<p>IX. Profilage des donn\u00e9es personnelles Les donn\u00e9es que vous fournissez ne feront pas l&#8217;objet de profilage.<\/p>\n\n\n\n<p>X. Source d&#8217;origine des donn\u00e9es Les donn\u00e9es personnelles sont obtenues aupr\u00e8s de la personne concern\u00e9e. Vos donn\u00e9es peuvent \u00e9galement provenir de sources accessibles au public (par exemple, les bases de donn\u00e9es et les registres : REGON, NIP, Cent)<\/p>\n\n<\/div><\/div>","protected":false},"excerpt":{"rendered":"<p>Informations destin\u00e9es aux clients de Afinia Miros\u0142aw Szmelter \u0141ukasz Bia\u0142ecki Partenariat civil concernant le traitement des donn\u00e9es personnelles Le 25 mai 2018, le R\u00e8glement du Parlement europ\u00e9en et du Conseil (UE) 2016\/679 du 27 avril 2016 relatif \u00e0 la protection des personnes physiques \u00e0 l&#8217;\u00e9gard du traitement des donn\u00e9es \u00e0 caract\u00e8re personnel et \u00e0 la &#8230; <a title=\"GDPR\" class=\"read-more\" href=\"https:\/\/eafinia.com\/fr\/gdpr\/\" aria-label=\"En savoir plus sur GDPR\">Lire plus<\/a><\/p>\n","protected":false},"author":1,"featured_media":0,"parent":0,"menu_order":0,"comment_status":"closed","ping_status":"closed","template":"","meta":{"_acf_changed":false,"inline_featured_image":false,"footnotes":""},"class_list":["post-52934","page","type-page","status-publish"],"acf":[],"_links":{"self":[{"href":"https:\/\/eafinia.com\/fr\/wp-json\/wp\/v2\/pages\/52934","targetHints":{"allow":["GET"]}}],"collection":[{"href":"https:\/\/eafinia.com\/fr\/wp-json\/wp\/v2\/pages"}],"about":[{"href":"https:\/\/eafinia.com\/fr\/wp-json\/wp\/v2\/types\/page"}],"author":[{"embeddable":true,"href":"https:\/\/eafinia.com\/fr\/wp-json\/wp\/v2\/users\/1"}],"replies":[{"embeddable":true,"href":"https:\/\/eafinia.com\/fr\/wp-json\/wp\/v2\/comments?post=52934"}],"version-history":[{"count":2,"href":"https:\/\/eafinia.com\/fr\/wp-json\/wp\/v2\/pages\/52934\/revisions"}],"predecessor-version":[{"id":53264,"href":"https:\/\/eafinia.com\/fr\/wp-json\/wp\/v2\/pages\/52934\/revisions\/53264"}],"wp:attachment":[{"href":"https:\/\/eafinia.com\/fr\/wp-json\/wp\/v2\/media?parent=52934"}],"curies":[{"name":"wp","href":"https:\/\/api.w.org\/{rel}","templated":true}]}}