{"id":52931,"date":"2023-05-17T08:45:11","date_gmt":"2023-05-17T06:45:11","guid":{"rendered":"https:\/\/eafinia.com\/?page_id=52931"},"modified":"2023-05-18T18:25:28","modified_gmt":"2023-05-18T16:25:28","slug":"politique-de-confidentialite","status":"publish","type":"page","link":"https:\/\/eafinia.com\/fr\/politique-de-confidentialite\/","title":{"rendered":"Politique de confidentialit\u00e9"},"content":{"rendered":"<div class=\"gb-container gb-container-753dc4ea\"><div class=\"gb-inside-container\">\n\n<p><strong>Partenariat civil concernant le traitement des donn\u00e9es au caract\u00e8re personnel<\/strong><\/p>\n\n\n\n<h2 class=\"wp-block-heading\">Politique de confidentialit\u00e9<\/h2>\n\n\n\n<p>Bienvenue sur le site Web afinia.pl appartenant \u00e0 Afinia Miros\u0142aw Szmelter \u0141ukasz Bia\u0142ecki Sp\u00f3\u0142ka Cywilna (Partenariat). L&#8217;objectif de la politique de confidentialit\u00e9 pr\u00e9sent\u00e9e ici est de d\u00e9crire la mani\u00e8re dont nous collectons, utilisons et partageons les donn\u00e9es que vous pouvez fournir lorsque vous utilisez notre site Web. Veuillez lire l&#8217;int\u00e9gralit\u00e9 de la politique de confidentialit\u00e9 avant d&#8217;utiliser notre site Web et avant de fournir quelconque donn\u00e9e. Afinia Miros\u0142aw Szmelter \u0141ukasz Bia\u0142ecki Sp\u00f3\u0142ka Cywilna informe que toutes les donn\u00e9es re\u00e7ues via le site Web seront utilis\u00e9es avec le consentement pr\u00e9alable de la personne concern\u00e9e dans la mesure sp\u00e9cifi\u00e9e par cette derni\u00e8re.<\/p>\n\n\n\n<h2 class=\"wp-block-heading\">La s\u00e9curit\u00e9<\/h2>\n\n\n\n<p>Nous faisons tout notre possible pour prot\u00e9ger les donn\u00e9es personnelles contre la perte, l&#8217;utilisation abusive, l&#8217;acc\u00e8s non autoris\u00e9, la divulgation, l&#8217;alt\u00e9ration ou la destruction, conform\u00e9ment \u00e0 la l\u00e9gislation applicable. Il est important de se rappeler qu&#8217;aucune transmission d&#8217;informations sur l&#8217;internet n&#8217;est jamais compl\u00e8tement s\u00fbre ou sans erreur. En particulier, une communication envoy\u00e9e vers ou depuis ce site Web par courrier \u00e9lectronique peut ne pas \u00eatre suffisamment s\u00e9curis\u00e9e.<\/p>\n\n\n\n<h2 class=\"wp-block-heading\">Utilisateurs du service<\/h2>\n\n\n\n<p>Afinia Miros\u0142aw Szmelter \u0141ukasz Bia\u0142ecki Sp\u00f3\u0142ka Cywilna souhaite assurer les utilisateurs de son service qu&#8217;elle respecte le droit \u00e0 la vie priv\u00e9e et \u00e0 la protection des donn\u00e9es personnelles. Nous garantissons la protection des donn\u00e9es collect\u00e9es dans le cadre de la coop\u00e9ration avec les utilisateurs de nos services conform\u00e9ment au droit applicable et nous tenons \u00e0 vous rappeler que l&#8217;efficacit\u00e9 de cette protection d\u00e9pend \u00e9galement de vous. N&#8217;oubliez jamais de pr\u00e9server la confidentialit\u00e9 de vos mots de passe et de vos identifiants et d&#8217;utiliser les param\u00e8tres de s\u00e9curit\u00e9 appropri\u00e9s pour les options Internet.<\/p>\n\n\n\n<h2 class=\"wp-block-heading\">Collecte d&#8217;informations<\/h2>\n\n\n\n<p>Les donn\u00e9es personnelles sont prot\u00e9g\u00e9es conform\u00e9ment aux dispositions de la loi sur la protection des donn\u00e9es personnelles du 29 ao\u00fbt 1997. Afinia Miros\u0142aw Szmelter \u0141ukasz Bia\u0142ecki Sp\u00f3\u0142ka Cywilna traite les donn\u00e9es dans le syst\u00e8me informatique uniquement dans la mesure o\u00f9 elles sont conformes aux conditions accept\u00e9es par les utilisateurs du service.<\/p>\n\n\n\n<h2 class=\"wp-block-heading\">Modifications de la politique de confidentialit\u00e9<\/h2>\n\n\n\n<p>Afinia Miros\u0142aw Szmelter \u0141ukasz Bia\u0142ecki Sp\u00f3\u0142ka Cywilna vous tiendra inform\u00e9 des modifications de la politique de confidentialit\u00e9 pouvant r\u00e9sulter de changements dans la l\u00e9gislation polonaise, du d\u00e9veloppement des technologies Internet ou du d\u00e9veloppement et de l&#8217;\u00e9mergence de nouveaux produits et services. La pr\u00e9sente politique de confidentialit\u00e9 a \u00e9t\u00e9 mise \u00e0 jour pour la derni\u00e8re fois le 16.05.2014.<\/p>\n\n\n\n<h2 class=\"wp-block-heading\">Liens vers d&#8217;autres sites Web<\/h2>\n\n\n\n<p>Le site Web d\u2019afinia.pl peut contenir des liens ou des r\u00e9f\u00e9rences \u00e0 d&#8217;autres sites Web qui ne sont pas couverts par la pr\u00e9sente politique de confidentialit\u00e9. Nous vous encourageons \u00e0 lire la politique pertinente pour chaque site Web que vous visitez.<\/p>\n\n\n\n<h2 class=\"wp-block-heading\">Formulaire de contact<\/h2>\n\n\n\n<p>Les utilisateurs du site Web afinia.pl ont la possibilit\u00e9 de poser des questions, de formuler des opinions ou des suggestions et de contacter les employ\u00e9s d&#8217;Afinia Miros\u0142aw Szmelter \u0141ukasz Bia\u0142ecki Sp\u00f3\u0142ka Cywilna. Afinia Miros\u0142aw Szmelter \u0141ukasz Bia\u0142ecki Sp\u00f3\u0142ka Cywilna stocke la correspondance \u00e9lectronique avec les utilisateurs du service afin de r\u00e9pondre aux questions de la meilleure fa\u00e7on possible et le plus rapidement possible. Soucieux de vous fournir un service de qualit\u00e9, nous vous informons de la possibilit\u00e9 de traiter vos questions et suggestions \u00e0 l&#8217;adresse suivante : kontakt@afinia.pl ou via le formulaire.<\/p>\n\n\n\n<h2 class=\"wp-block-heading\">Cookies<\/h2>\n\n\n\n<p>Lorsque vous vous d\u00e9placez sur le site Web, certaines informations anonymes peuvent \u00eatre collect\u00e9es de mani\u00e8re passive de votre part (c&#8217;est-\u00e0-dire sans que vous fournissiez activement ces informations) \u00e0 l&#8217;aide de diverses technologies, telles que les cookies, les balises Web ou les t\u00e9moins Web, ou le suivi du site Web (journaux, journaux de serveur et donn\u00e9es de parcours, le soi-disant &#8220;donn\u00e9es de flux de clics&#8221;). Le navigateur Internet que vous utilisez transmet automatiquement certaines de ces donn\u00e9es anonymes \u00e0 ce site Web, par exemple l&#8217;URL d&#8217;un site Web que vous avez visit\u00e9 pr\u00e9c\u00e9demment ou votre adresse IP et la version du navigateur actuellement utilis\u00e9e sur votre ordinateur. Ce site Web peut \u00e9galement collecter des informations anonymes \u00e0 partir de votre ordinateur par le biais de cookies et de balises Internet ou pixels invisibles. Les m\u00e9canismes de stockage IP, les cookies et autres technologies similaires utilis\u00e9s sur notre site sont destin\u00e9s \u00e0 :<\/p>\n\n\n\n<p>a) le maintien de la session, gr\u00e2ce \u00e0 laquelle le contenu du panier d&#8217;achat ou les informations relatives \u00e0 la connexion sont m\u00e9moris\u00e9s. Gr\u00e2ce \u00e0 cela, vous n&#8217;avez pas besoin de saisir \u00e0 nouveau votre identifiant et votre mot de passe sur chaque page du site Web, et le contenu de votre panier d&#8217;achat de votre visite pr\u00e9c\u00e9dente est disponible chaque fois que vous visitez le site.<\/p>\n\n\n\n<p>b) adapter le site Web &#8211; afin de fournir le meilleur contenu adapt\u00e9 aux int\u00e9r\u00eats du Client.<\/p>\n\n\n\n<p>c) recueillir des statistiques &#8211; pour mieux comprendre comment les utilisateurs utilisent le site, ce qui nous permet d&#8217;en am\u00e9liorer la structure, les m\u00e9canismes et le contenu.<\/p>\n\n\n\n<p>d) reconna\u00eetre l&#8217;appareil de l&#8217;utilisateur &#8211; pour afficher correctement les pages, les mieux adapt\u00e9es \u00e0 l&#8217;appareil.<\/p>\n\n\n\n<p>e) assurer la s\u00e9curit\u00e9, par exemple l&#8217;authentification au niveau du service<\/p>\n\n\n\n<p>f) \u00e0 des fins publicitaires &#8211; pour \u00e9tudier l&#8217;efficacit\u00e9 de notre publicit\u00e9 et mieux la personnaliser et la diriger.<\/p>\n\n\n\n<p>g) am\u00e9liorer le confort d&#8217;utilisation de notre site Web.<\/p>\n\n\n\n<p>Vous pouvez configurer votre navigateur pour qu&#8217;il vous avertisse de l&#8217;envoi d&#8217;un Cookie ou pour qu&#8217;il bloque compl\u00e8tement les cookies, mais dans ce dernier cas, certaines fonctions de ce site Web peuvent ne pas fonctionner. L&#8217;utilisation de notre site Web sans d\u00e9sactiver les cookies dans votre navigateur signifie que des cookies seront stock\u00e9s sur votre appareil.<\/p>\n\n\n\n<h2 class=\"wp-block-heading\">D\u00e9sactivation des cookies dans le navigateur<\/h2>\n\n\n\n<p>Si vous jugez que la pr\u00e9sence de cookies porte atteinte \u00e0 votre vie priv\u00e9e, vous pouvez les d\u00e9sactiver \u00e0 tout moment pour un site Web sp\u00e9cifique ou pour toutes les connexions de votre navigateur en g\u00e9n\u00e9ral.<\/p>\n\n\n\n<h3 class=\"wp-block-heading\">Dans le navigateur Mozilla Firefox<\/h3>\n\n\n\n<p>Dans le menu &#8220;Outils&#8221;, s\u00e9lectionnez &#8220;Options&#8221;, puis l&#8217;onglet &#8220;Confidentialit\u00e9&#8221;. Le navigateur vous offre la possibilit\u00e9 de choisir de ne pas \u00eatre suivi du tout ou de supprimer les cookies individuels de certains sites Web.<\/p>\n\n\n\n<h3 class=\"wp-block-heading\">Dans le navigateur Microsoft Internet Explorer<\/h3>\n\n\n\n<p>Dans le menu &#8220;Outils&#8221;, s\u00e9lectionnez &#8220;Options Internet&#8221;, puis l&#8217;onglet &#8220;Confidentialit\u00e9&#8221;. Vous pouvez utiliser le curseur sp\u00e9cial pour r\u00e9gler le niveau global de confidentialit\u00e9 ou utiliser le bouton &#8220;Sites Web&#8221; pour g\u00e9rer les param\u00e8tres de sites Web individuels.<\/p>\n\n\n\n<h3 class=\"wp-block-heading\">Dans le navigateur Google Chrome<\/h3>\n\n\n\n<p>Dans le menu cach\u00e9 sous les trois tirets horizontaux en haut \u00e0 droite du navigateur, s\u00e9lectionnez &#8220;Outils&#8221;, puis &#8220;Effacer les donn\u00e9es de navigation&#8230;&#8221;. En plus de l&#8217;option permettant d&#8217;effacer les cookies, il existe un lien &#8220;Plus d&#8217;informations&#8221; qui m\u00e8ne \u00e0 une description d\u00e9taill\u00e9e des fonctions de confidentialit\u00e9 du navigateur.<\/p>\n\n\n\n<h3 class=\"wp-block-heading\">Dans le navigateur Opera<\/h3>\n\n\n\n<p>Appuyez sur le bouton &#8220;Opera&#8221; dans le coin sup\u00e9rieur gauche pour ouvrir le menu et s\u00e9lectionnez &#8220;Param\u00e8tres&#8221;, puis &#8220;Effacer l&#8217;historique de navigation&#8230;&#8221;. En plus de l&#8217;option permettant de supprimer les cookies d\u00e9j\u00e0 d\u00e9finis, il existe \u00e9galement un bouton &#8220;G\u00e9rer les cookies&#8230;&#8221;, conduisant \u00e0 des options plus avanc\u00e9es pour les sites individuels.<\/p>\n\n\n\n<h3 class=\"wp-block-heading\">Dans le navigateur Apple Safari<\/h3>\n\n\n\n<p>Dans le menu &#8220;Safari&#8221;, s\u00e9lectionnez &#8220;Pr\u00e9f\u00e9rences&#8221; et ensuite l&#8217;onglet &#8220;Confidentialit\u00e9&#8221;. Vous y trouverez de nombreuses options pour les cookies.<\/p>\n\n\n\n<h3 class=\"wp-block-heading\">Sur les t\u00e9l\u00e9phones portables, les tablettes et autres appareils mobiles<\/h3>\n\n\n\n<p>Chaque mod\u00e8le de t\u00e9l\u00e9phone peut g\u00e9rer cette fonction diff\u00e9remment. Par cons\u00e9quent, nous vous encourageons \u00e0 consulter les options de confidentialit\u00e9 dans la documentation du site Web du fabricant de votre appareil mobile.<\/p>\n\n<\/div><\/div>","protected":false},"excerpt":{"rendered":"<p>Partenariat civil concernant le traitement des donn\u00e9es au caract\u00e8re personnel Politique de confidentialit\u00e9 Bienvenue sur le site Web afinia.pl appartenant \u00e0 Afinia Miros\u0142aw Szmelter \u0141ukasz Bia\u0142ecki Sp\u00f3\u0142ka Cywilna (Partenariat). L&#8217;objectif de la politique de confidentialit\u00e9 pr\u00e9sent\u00e9e ici est de d\u00e9crire la mani\u00e8re dont nous collectons, utilisons et partageons les donn\u00e9es que vous pouvez fournir lorsque &#8230; <a title=\"Politique de confidentialit\u00e9\" class=\"read-more\" href=\"https:\/\/eafinia.com\/fr\/politique-de-confidentialite\/\" aria-label=\"En savoir plus sur Politique de confidentialit\u00e9\">Lire plus<\/a><\/p>\n","protected":false},"author":1,"featured_media":0,"parent":0,"menu_order":0,"comment_status":"closed","ping_status":"open","template":"","meta":{"_acf_changed":false,"inline_featured_image":false,"footnotes":""},"class_list":["post-52931","page","type-page","status-publish"],"acf":[],"_links":{"self":[{"href":"https:\/\/eafinia.com\/fr\/wp-json\/wp\/v2\/pages\/52931","targetHints":{"allow":["GET"]}}],"collection":[{"href":"https:\/\/eafinia.com\/fr\/wp-json\/wp\/v2\/pages"}],"about":[{"href":"https:\/\/eafinia.com\/fr\/wp-json\/wp\/v2\/types\/page"}],"author":[{"embeddable":true,"href":"https:\/\/eafinia.com\/fr\/wp-json\/wp\/v2\/users\/1"}],"replies":[{"embeddable":true,"href":"https:\/\/eafinia.com\/fr\/wp-json\/wp\/v2\/comments?post=52931"}],"version-history":[{"count":2,"href":"https:\/\/eafinia.com\/fr\/wp-json\/wp\/v2\/pages\/52931\/revisions"}],"predecessor-version":[{"id":52969,"href":"https:\/\/eafinia.com\/fr\/wp-json\/wp\/v2\/pages\/52931\/revisions\/52969"}],"wp:attachment":[{"href":"https:\/\/eafinia.com\/fr\/wp-json\/wp\/v2\/media?parent=52931"}],"curies":[{"name":"wp","href":"https:\/\/api.w.org\/{rel}","templated":true}]}}