{"id":52922,"date":"2023-05-17T08:27:35","date_gmt":"2023-05-17T06:27:35","guid":{"rendered":"https:\/\/eafinia.com\/?page_id=52922"},"modified":"2023-05-31T18:40:38","modified_gmt":"2023-05-31T16:40:38","slug":"financement","status":"publish","type":"page","link":"https:\/\/eafinia.com\/fr\/financement\/","title":{"rendered":"Financement"},"content":{"rendered":"<div class=\"gb-container gb-container-de047a2a\"><div class=\"gb-inside-container\">\n<div class=\"gb-container gb-container-e97d2e4c\"><div class=\"gb-inside-container\">\n\n<figure class=\"gb-block-image gb-block-image-85099e1d\"><img loading=\"lazy\" decoding=\"async\" width=\"2560\" height=\"352\" class=\"gb-image gb-image-85099e1d\" src=\"https:\/\/eafinia.com\/wp-content\/uploads\/2022\/11\/FE_POIR_poziom_pl-1_rgb-scaled.jpg\" alt=\"\" title=\"FE_POIR_poziom_pl-1_rgb\" srcset=\"https:\/\/eafinia.com\/wp-content\/uploads\/2022\/11\/FE_POIR_poziom_pl-1_rgb-scaled.jpg 2560w, https:\/\/eafinia.com\/wp-content\/uploads\/2022\/11\/FE_POIR_poziom_pl-1_rgb-scaled-400x55.jpg 400w, https:\/\/eafinia.com\/wp-content\/uploads\/2022\/11\/FE_POIR_poziom_pl-1_rgb-scaled-600x83.jpg 600w, https:\/\/eafinia.com\/wp-content\/uploads\/2022\/11\/FE_POIR_poziom_pl-1_rgb-300x41.jpg 300w, https:\/\/eafinia.com\/wp-content\/uploads\/2022\/11\/FE_POIR_poziom_pl-1_rgb-1024x141.jpg 1024w, https:\/\/eafinia.com\/wp-content\/uploads\/2022\/11\/FE_POIR_poziom_pl-1_rgb-768x106.jpg 768w, https:\/\/eafinia.com\/wp-content\/uploads\/2022\/11\/FE_POIR_poziom_pl-1_rgb-1536x211.jpg 1536w, https:\/\/eafinia.com\/wp-content\/uploads\/2022\/11\/FE_POIR_poziom_pl-1_rgb-2048x282.jpg 2048w\" sizes=\"auto, (max-width: 2560px) 100vw, 2560px\" \/><\/figure>\n\n\n\n<h2 class=\"gb-headline gb-headline-d25688a5 gb-headline-text\">Projet I<\/h2>\n\n\n\n<p>AFINIA Miros\u0142aw Szmelter \u0141ukasz Bia\u0142ecki Sp\u00f3\u0142ka Cywilna met en \u0153uvre un projet cofinanc\u00e9 par les Fonds europ\u00e9ens intitul\u00e9 &#8216;D\u00e9veloppement et mise en \u0153uvre d&#8217;un projet de conception de collecteur de poussi\u00e8re sous-table consid\u00e9rablement am\u00e9lior\u00e9 chez Afinia&#8217;.<\/p>\n\n\n\n<p>L&#8217;objectif du projet est de d\u00e9velopper l&#8217;entreprise en collaborant avec des designers pour cr\u00e9er un nouveau projet de conception de collecteur de poussi\u00e8re sous-table destin\u00e9 aux soins des ongles. Le r\u00e9sultat du projet sera la mise en \u0153uvre d&#8217;un collecteur de poussi\u00e8re consid\u00e9rablement am\u00e9lior\u00e9, dot\u00e9 de fonctionnalit\u00e9s suppl\u00e9mentaires, d&#8217;une forme et d&#8217;une taille modifi\u00e9es, ainsi que d&#8217;une technologie de fabrication diff\u00e9rente.<\/p>\n\n\n\n<p><strong>Financement du projet par l&#8217;UE<\/strong> : 417 115,00 PLN<\/p>\n\n\n\n<p><strong>Valeur brute du projet<\/strong> : 970 101,00 PLN<\/p>\n\n<\/div><\/div>\n\n<div class=\"gb-container gb-container-6f2b452c\"><div class=\"gb-inside-container\">\n\n<figure class=\"gb-block-image gb-block-image-8bb05c99\"><img loading=\"lazy\" decoding=\"async\" width=\"2560\" height=\"352\" class=\"gb-image gb-image-8bb05c99\" src=\"https:\/\/eafinia.com\/wp-content\/uploads\/2022\/11\/FE_POIR_poziom_pl-1_rgb-scaled.jpg\" alt=\"\" title=\"FE_POIR_poziom_pl-1_rgb\" srcset=\"https:\/\/eafinia.com\/wp-content\/uploads\/2022\/11\/FE_POIR_poziom_pl-1_rgb-scaled.jpg 2560w, https:\/\/eafinia.com\/wp-content\/uploads\/2022\/11\/FE_POIR_poziom_pl-1_rgb-scaled-400x55.jpg 400w, https:\/\/eafinia.com\/wp-content\/uploads\/2022\/11\/FE_POIR_poziom_pl-1_rgb-scaled-600x83.jpg 600w, https:\/\/eafinia.com\/wp-content\/uploads\/2022\/11\/FE_POIR_poziom_pl-1_rgb-300x41.jpg 300w, https:\/\/eafinia.com\/wp-content\/uploads\/2022\/11\/FE_POIR_poziom_pl-1_rgb-1024x141.jpg 1024w, https:\/\/eafinia.com\/wp-content\/uploads\/2022\/11\/FE_POIR_poziom_pl-1_rgb-768x106.jpg 768w, https:\/\/eafinia.com\/wp-content\/uploads\/2022\/11\/FE_POIR_poziom_pl-1_rgb-1536x211.jpg 1536w, https:\/\/eafinia.com\/wp-content\/uploads\/2022\/11\/FE_POIR_poziom_pl-1_rgb-2048x282.jpg 2048w\" sizes=\"auto, (max-width: 2560px) 100vw, 2560px\" \/><\/figure>\n\n\n\n<h2 class=\"gb-headline gb-headline-c5616a39 gb-headline-text\">Projet II<\/h2>\n\n\n\n<p>Titre du projet : Promotion du produit de la marque Afinia par le biais de la participation \u00e0 un programme promotionnel de l&#8217;industrie<\/p>\n\n\n\n<p>L&#8217;objet du projet est la participation de l&#8217;entreprise AFINIA \u00e0 un programme promotionnel de l&#8217;industrie des cosm\u00e9tiques afin de promouvoir la marque de l&#8217;\u00e9conomie polonaise ainsi que la marque de produits AFINIA, qui a la possibilit\u00e9 de devenir reconnaissable par les clients \u00e9trangers. La promotion vise le march\u00e9 prometteur de l&#8217;Ukraine.<\/p>\n\n\n\n<p>La port\u00e9e du projet est conforme aux activit\u00e9s promotionnelles d\u00e9finies dans le programme de promotion de l&#8217;industrie des cosm\u00e9tiques. Le demandeur pr\u00e9voit de participer \u00e0 quatre salons professionnels et deux missions \u00e9conomiques.<\/p>\n\n\n\n<p><strong>R\u00e9sultats pr\u00e9vus<\/strong><\/p>\n\n\n\n<p>Les r\u00e9sultats attendus sont la signature de contrats commerciaux \u00e0 l&#8217;\u00e9tranger et une augmentation des revenus issus de la vente du nouveau produit : le collecteur de poussi\u00e8re. Ces r\u00e9sultats seront utilis\u00e9s dans les activit\u00e9s de l&#8217;entreprise AFINIA, ce qui permettra de poursuivre le d\u00e9veloppement de l&#8217;entreprise.<\/p>\n\n\n\n<p><strong>Valeur du projet<\/strong> : 316 000,00 PLN<\/p>\n\n\n\n<p><strong>Contribution des fonds europ\u00e9ens<\/strong> : 268 600,00 PLN<\/p>\n\n<\/div><\/div>\n\n<div class=\"gb-container gb-container-1d8f8083\"><div class=\"gb-inside-container\">\n\n<figure class=\"gb-block-image gb-block-image-409b3721\"><img loading=\"lazy\" decoding=\"async\" width=\"2560\" height=\"352\" class=\"gb-image gb-image-409b3721\" src=\"https:\/\/eafinia.com\/wp-content\/uploads\/2022\/11\/FE_POIR_poziom_pl-1_rgb-scaled.jpg\" alt=\"\" title=\"FE_POIR_poziom_pl-1_rgb\" srcset=\"https:\/\/eafinia.com\/wp-content\/uploads\/2022\/11\/FE_POIR_poziom_pl-1_rgb-scaled.jpg 2560w, https:\/\/eafinia.com\/wp-content\/uploads\/2022\/11\/FE_POIR_poziom_pl-1_rgb-scaled-400x55.jpg 400w, https:\/\/eafinia.com\/wp-content\/uploads\/2022\/11\/FE_POIR_poziom_pl-1_rgb-scaled-600x83.jpg 600w, https:\/\/eafinia.com\/wp-content\/uploads\/2022\/11\/FE_POIR_poziom_pl-1_rgb-300x41.jpg 300w, https:\/\/eafinia.com\/wp-content\/uploads\/2022\/11\/FE_POIR_poziom_pl-1_rgb-1024x141.jpg 1024w, https:\/\/eafinia.com\/wp-content\/uploads\/2022\/11\/FE_POIR_poziom_pl-1_rgb-768x106.jpg 768w, https:\/\/eafinia.com\/wp-content\/uploads\/2022\/11\/FE_POIR_poziom_pl-1_rgb-1536x211.jpg 1536w, https:\/\/eafinia.com\/wp-content\/uploads\/2022\/11\/FE_POIR_poziom_pl-1_rgb-2048x282.jpg 2048w\" sizes=\"auto, (max-width: 2560px) 100vw, 2560px\" \/><\/figure>\n\n\n\n<h2 class=\"gb-headline gb-headline-6851a0ff gb-headline-text\">Projet III<\/h2>\n\n\n\n<p>Titre du projet : Conception et mise en production d&#8217;un nouveau collecteur de poussi\u00e8re pour les soins des pieds<\/p>\n\n\n\n<p>L&#8217;objet du projet est de mener un processus de conception professionnel et de le mettre en \u0153uvre pour la production d&#8217;un nouveau produit &#8211; un collecteur de poussi\u00e8re \u00e0 installer au sol, destin\u00e9 \u00e0 absorber et filtrer la poussi\u00e8re g\u00e9n\u00e9r\u00e9e lors des soins des pieds. Les r\u00e9sultats du projet seront utilis\u00e9s dans les activit\u00e9s du demandeur et permettront le d\u00e9veloppement de l&#8217;entreprise.<\/p>\n\n\n\n<p>Les r\u00e9sultats attendus comprennent la mise en \u0153uvre d&#8217;un projet de conception de nouveau produit, le d\u00e9but d&#8217;une collaboration avec des designers professionnels, ce qui permettra une meilleure utilisation du potentiel de l&#8217;entreprise, l&#8217;enrichissement de son offre et la proposition de nouveaux produits.<\/p>\n\n\n\n<p><strong>Valeur du projet<\/strong> : 1 595 310,00 PLN<\/p>\n\n\n\n<p><strong>Contribution des fonds europ\u00e9ens<\/strong> : 782 450,00 PLN<\/p>\n\n<\/div><\/div>\n<\/div><\/div>","protected":false},"excerpt":{"rendered":"<p>Projet I AFINIA Miros\u0142aw Szmelter \u0141ukasz Bia\u0142ecki Sp\u00f3\u0142ka Cywilna met en \u0153uvre un projet cofinanc\u00e9 par les Fonds europ\u00e9ens intitul\u00e9 &#8216;D\u00e9veloppement et mise en \u0153uvre d&#8217;un projet de conception de collecteur de poussi\u00e8re sous-table consid\u00e9rablement am\u00e9lior\u00e9 chez Afinia&#8217;. L&#8217;objectif du projet est de d\u00e9velopper l&#8217;entreprise en collaborant avec des designers pour cr\u00e9er un nouveau projet &#8230; <a title=\"Financement\" class=\"read-more\" href=\"https:\/\/eafinia.com\/fr\/financement\/\" aria-label=\"En savoir plus sur Financement\">Lire plus<\/a><\/p>\n","protected":false},"author":1,"featured_media":0,"parent":0,"menu_order":0,"comment_status":"closed","ping_status":"closed","template":"","meta":{"_acf_changed":false,"inline_featured_image":false,"footnotes":""},"class_list":["post-52922","page","type-page","status-publish"],"acf":[],"_links":{"self":[{"href":"https:\/\/eafinia.com\/fr\/wp-json\/wp\/v2\/pages\/52922","targetHints":{"allow":["GET"]}}],"collection":[{"href":"https:\/\/eafinia.com\/fr\/wp-json\/wp\/v2\/pages"}],"about":[{"href":"https:\/\/eafinia.com\/fr\/wp-json\/wp\/v2\/types\/page"}],"author":[{"embeddable":true,"href":"https:\/\/eafinia.com\/fr\/wp-json\/wp\/v2\/users\/1"}],"replies":[{"embeddable":true,"href":"https:\/\/eafinia.com\/fr\/wp-json\/wp\/v2\/comments?post=52922"}],"version-history":[{"count":2,"href":"https:\/\/eafinia.com\/fr\/wp-json\/wp\/v2\/pages\/52922\/revisions"}],"predecessor-version":[{"id":53262,"href":"https:\/\/eafinia.com\/fr\/wp-json\/wp\/v2\/pages\/52922\/revisions\/53262"}],"wp:attachment":[{"href":"https:\/\/eafinia.com\/fr\/wp-json\/wp\/v2\/media?parent=52922"}],"curies":[{"name":"wp","href":"https:\/\/api.w.org\/{rel}","templated":true}]}}