{"id":52915,"date":"2023-05-17T00:56:28","date_gmt":"2023-05-16T22:56:28","guid":{"rendered":"https:\/\/eafinia.com\/?page_id=52915"},"modified":"2023-09-04T15:38:41","modified_gmt":"2023-09-04T13:38:41","slug":"pourquoi-afinia","status":"publish","type":"page","link":"https:\/\/eafinia.com\/fr\/pourquoi-afinia\/","title":{"rendered":"Pourquoi Afinia"},"content":{"rendered":"<div class=\"gb-container gb-container-0114c43a\"><div class=\"gb-inside-container\">\n\n<p class=\"gb-headline gb-headline-0172b492 gb-headline-text\">La marque Afinia est l&#8217;un des fabricants principaux de meubles de manucure et d&#8217;aspirateurs de poussi\u00e8re. Nous sommes pr\u00e9sents sur le march\u00e9 depuis 2013, fournissant des \u00e9quipements et des bureaux cosm\u00e9tiques de premi\u00e8re classe \u00e0 des clients du monde entier. Notre si\u00e8ge social est situ\u00e9 en Pologne &#8211; \u00e0 Pozna\u0144. C&#8217;est aussi l\u00e0 que se trouvent nos d\u00e9partements de service \u00e0 la client\u00e8le, de vente et de R&amp;D, o\u00f9 nous d\u00e9veloppons constamment de nouveaux produits en r\u00e9ponse \u00e0 la demande du march\u00e9.<\/p>\n\n<\/div><\/div>\n\n<div class=\"gb-container gb-container-27d9b793 bg-why-leaf\"><div class=\"gb-inside-container\">\n\n<h2 class=\"gb-headline gb-headline-1df5a67b gb-headline-text\">Propre production<\/h2>\n\n<\/div><\/div>\n\n<div class=\"gb-container gb-container-254b5a90\"><div class=\"gb-inside-container\">\n\n<p class=\"gb-headline gb-headline-34cc177f gb-headline-text\">Nous disposons de notre propre hall de production situ\u00e9 en Pologne. Gr\u00e2ce \u00e0 cela, nous avons une influence sur la production et la cr\u00e9ation de nos meubles \u00e0 chaque \u00e9tape. Les tables de manucure doivent \u00eatre fabriqu\u00e9es dans des mat\u00e9riaux r\u00e9sistant aux agents chimiques, ce qui est toujours une priorit\u00e9 lors de la validation des conceptions finales avant leur mise en production. Les produits de haute qualit\u00e9 d&#8217;Afinia sont pr\u00e9sents dans des milliers de salons de manucure en Pologne et \u00e0 l&#8217;\u00e9tranger. Chaque jour, sur les canaux de m\u00e9dias sociaux d&#8217;Afinia, des commentaires favorables sont exprim\u00e9s par de nouveaux clients satisfaits.<\/p>\n\n\n\n<p class=\"gb-headline gb-headline-d3ca365e gb-headline-text\">\u00c0 chaque \u00e9tape de la conception des produits, des sp\u00e9cialistes du domaine sont consult\u00e9s, tant pour les mat\u00e9riaux utilis\u00e9s dans les \u00e9quipements (moteurs, filtres, etc.) que pour les tests des produits finis et leur ergonomie. <\/p>\n\n\n\n<p class=\"gb-headline gb-headline-bb2a8ec1 gb-headline-text\">Notre passion est de proposer des produits non seulement beaux et utilitaires, mais aussi am\u00e9liorant la vie. Lors de la cr\u00e9ation d&#8217;une nouvelle table ou d&#8217;un nouvel aspirateur, nous nous appuyons sur les avis de nos clients, nous tirons des conclusions et nous introduisons des solutions qui r\u00e9pondent aux attentes des stylistes. Nous sommes la premi\u00e8re entreprise polonaise \u00e0 avoir pris soin de la sant\u00e9 de nos clients en proposant l&#8217;aspirateur de poussi\u00e8res Afinia NDC 1000.<\/p>\n\n<\/div><\/div>\n\n<div class=\"gb-container gb-container-e63f02e5\"><div class=\"gb-inside-container\">\n\n<figure class=\"wp-block-embed is-type-video is-provider-youtube wp-block-embed-youtube wp-embed-aspect-16-9 wp-has-aspect-ratio\"><div class=\"wp-block-embed__wrapper\">\n<iframe loading=\"lazy\" title=\"Procesy produkcyjne sto\u0142\u00f3w kosmetycznych AFINIA\" width=\"1200\" height=\"675\" src=\"https:\/\/www.youtube.com\/embed\/b8QQk6j-dAg?feature=oembed\" frameborder=\"0\" allow=\"accelerometer; autoplay; clipboard-write; encrypted-media; gyroscope; picture-in-picture; web-share\" allowfullscreen><\/iframe>\n<\/div><\/figure>\n\n<\/div><\/div>\n\n<div class=\"gb-container gb-container-8d0457f5\"><div class=\"gb-inside-container\">\n<div class=\"gb-grid-wrapper gb-grid-wrapper-5065606b\">\n<div class=\"gb-grid-column gb-grid-column-810d5fda\"><div class=\"gb-container gb-container-810d5fda\"><div class=\"gb-inside-container\">\n<div class=\"gb-container gb-container-025428c9\"><div class=\"gb-inside-container\">\n\n<div class=\"gb-headline gb-headline-9f3a3d7f gb-headline-text\">Prenez soin de votre sant\u00e9 et de celle de vos clients en \u00e9liminant les poussi\u00e8res nocives.<\/div>\n\n<\/div><\/div>\n\n\n<figure class=\"gb-block-image gb-block-image-705cb990\"><img loading=\"lazy\" decoding=\"async\" width=\"978\" height=\"482\" class=\"gb-image gb-image-705cb990\" src=\"https:\/\/eafinia.com\/wp-content\/uploads\/2022\/11\/why_afinia_1.jpg\" alt=\"\" title=\"why_afinia_1\" srcset=\"https:\/\/eafinia.com\/wp-content\/uploads\/2022\/11\/why_afinia_1.jpg 978w, https:\/\/eafinia.com\/wp-content\/uploads\/2022\/11\/why_afinia_1-400x197.jpg 400w, https:\/\/eafinia.com\/wp-content\/uploads\/2022\/11\/why_afinia_1-600x296.jpg 600w, https:\/\/eafinia.com\/wp-content\/uploads\/2022\/11\/why_afinia_1-300x148.jpg 300w, https:\/\/eafinia.com\/wp-content\/uploads\/2022\/11\/why_afinia_1-768x379.jpg 768w\" sizes=\"auto, (max-width: 978px) 100vw, 978px\" \/><\/figure>\n\n<\/div><\/div><\/div>\n\n<div class=\"gb-grid-column gb-grid-column-62ad5933\"><div class=\"gb-container gb-container-62ad5933\"><div class=\"gb-inside-container\">\n\n<p class=\"gb-headline gb-headline-76dbb7f8 gb-headline-text\">Comment y sommes-nous parvenus ? La machine Afinia est \u00e9quip\u00e9e de moteurs japonais fiables qui assurent une extraction puissante des poussi\u00e8res pendant le traitement (270 m\u00b3 par heure de travail). C&#8217;est cette puissance qui distingue notre aspirateur de poussi\u00e8re sur le march\u00e9 et assure son efficacit\u00e9. Un filtre en polyester ou en carbone permet de retenir la poussi\u00e8re et de ne pas la projeter (comme c&#8217;est le cas avec de nombreux autres filtres disponibles). Cet appareil va vraiment r\u00e9soudre et \u00e9liminer votre probl\u00e8me de poussi\u00e8re. Cela est confirm\u00e9 par nos clients satisfaits, les stylistes d&#8217;ongles dans les commentaires favorables volontairement exprim\u00e9s.<\/p>\n\n\n\n<p class=\"gb-headline gb-headline-f38dbb13 gb-headline-text\">Des milliers de salons de manucure nous appr\u00e9cient, ainsi que des stylistes d&#8217;ongles reconnus, tels que Marzena Kanclerska &#8211; propri\u00e9taire des c\u00e9l\u00e8bres salons NailSpa de Varsovie, Paulina Pastuszak, \u00e9ducatrice en stylisme d&#8217;ongles bien connue, ou Pablo Rozz, multiple champion de stylisme d&#8217;ongles en Pologne et \u00e0 l&#8217;\u00e9tranger.<\/p>\n\n\n\n<p class=\"gb-headline gb-headline-a0de2fba gb-headline-text\">Vous prenez soin de vos clients et vous vous efforcez de leur fournir un service de qualit\u00e9 sup\u00e9rieure ? Il ne faut pas oublier l&#8217;aspirateur de poussi\u00e8re Afinia, qui prend soin de votre sant\u00e9 et de celle de vos clients : l&#8217;inhalation de la poussi\u00e8re d&#8217;ongle est nocive pour les poumons, la conjonctive des yeux, provoque souvent des r\u00e9actions allergiques, et la poussi\u00e8re inesth\u00e9tique se d\u00e9pose tout autour pendant la s\u00e9ance.<\/p>\n\n\n\n<p class=\"gb-headline gb-headline-0c615e13 gb-headline-text\">Employez-vous du personnel ? Gr\u00e2ce \u00e0 l&#8217;aspirateur Afinia, vous leur offrirez un poste de travail propre et professionnel tout en prenant soin de leur sant\u00e9.<\/p>\n\n<\/div><\/div><\/div>\n<\/div>\n<\/div><\/div>\n\n<div class=\"gb-container gb-container-f73e71f6\"><div class=\"gb-inside-container\">\n\n<h2 class=\"gb-headline gb-headline-5e3f0ead gb-headline-text\">Qu&#8217;est-ce qui rend notre aspirateur si diff\u00e9rent ?<\/h2>\n\n<\/div><\/div>\n\n<div class=\"gb-container gb-container-91936ff6\"><div class=\"gb-inside-container\">\n<div class=\"gb-grid-wrapper gb-grid-wrapper-1dfa6af1\">\n<div class=\"gb-grid-column gb-grid-column-aaf1013b\"><div class=\"gb-container gb-container-aaf1013b\"><div class=\"gb-inside-container\">\n<div class=\"gb-container gb-container-08d635c7 cw-left-half-border relative\"><div class=\"gb-inside-container\">\n\n<h3 class=\"gb-headline gb-headline-0e41a501 gb-headline-text\">Fonctionnalit\u00e9 et simplicit\u00e9<\/h3>\n\n\n\n<p class=\"gb-headline gb-headline-98cd0600 gb-headline-text\">Le fonctionnement de l&#8217;appareil est pratique pour les stylistes d&#8217;ongles et non invasif pour les clients du salon.<\/p>\n\n<\/div><\/div>\n\n<div class=\"gb-container gb-container-4fd3314a cw-left-half-border relative\"><div class=\"gb-inside-container\">\n\n<h3 class=\"gb-headline gb-headline-a7ec018a gb-headline-text\">Le souci du d\u00e9tail<\/h3>\n\n\n\n<p class=\"gb-headline gb-headline-0e8e7419 gb-headline-text\">Fabrication de haute qualit\u00e9 : molettes et boutons ergonomiques, mat\u00e9riaux r\u00e9sistants aux chocs.<\/p>\n\n<\/div><\/div>\n<\/div><\/div><\/div>\n\n<div class=\"gb-grid-column gb-grid-column-b0980763\"><div class=\"gb-container gb-container-b0980763 cw-left-half-border relative\"><div class=\"gb-inside-container\">\n\n<h3 class=\"gb-headline gb-headline-ca7dd6de gb-headline-text\">Design et esth\u00e9tique<\/h3>\n\n\n\n<p class=\"gb-headline gb-headline-795caaac gb-headline-text\">N&#8217;oubliez pas le c\u00f4t\u00e9 esth\u00e9tique de votre bureau : Afinia est install\u00e9 discr\u00e8tement sous la table et ne prend pas d&#8217;espace pr\u00e9cieux sur le bureau o\u00f9 vous travaillez, seule la grille ronde en acier inoxydable est visible du dessus. Il est possible d&#8217;installer l&#8217;aspirateur sur presque toutes les tables &#8211; Afinia est fix\u00e9e \u00e0 l&#8217;aide de 4 vis sur la face inf\u00e9rieure du plateau de la table et s&#8217;int\u00e8gre parfaitement au design de votre salon.<\/p>\n\n<\/div><\/div><\/div>\n\n<div class=\"gb-grid-column gb-grid-column-ac678025\"><div class=\"gb-container gb-container-ac678025 cw-left-half-border relative\"><div class=\"gb-inside-container\">\n\n<h3 class=\"gb-headline gb-headline-7bc1bbc7 gb-headline-text\">Sourdine<\/h3>\n\n\n\n<p class=\"gb-headline gb-headline-2eb126f3 gb-headline-text\">La derni\u00e8re version de l&#8217;aspirateur Afinia NDC 1000 a \u00e9t\u00e9 con\u00e7ue en collaboration avec un acousticien, qui a rendu l&#8217;appareil aussi silencieux que possible.<\/p>\n\n<\/div><\/div><\/div>\n<\/div>\n<\/div><\/div>\n\n<div class=\"gb-container gb-container-46fca864\"><div class=\"gb-inside-container\">\n\n\n<\/div><\/div>\n\n<div class=\"gb-container gb-container-9f5b6d76\"><div class=\"gb-inside-container\">\n\n<h2 class=\"gb-headline gb-headline-aba8313a gb-headline-text\">D\u00e9couvrez nos produits<\/h2>\n\n<\/div><\/div>\n\n<div class=\"gb-container gb-container-ea0b3979\"><div class=\"gb-inside-container\">\n<div class=\"gb-grid-wrapper gb-grid-wrapper-44621a4d\">\n<div class=\"gb-grid-column gb-grid-column-f47f0ed0\"><div class=\"gb-container gb-container-f47f0ed0\"><a class=\"gb-container-link\" href=\"\/fr\/magasin\/?_kategoria=depoussiereurs\"><\/a><div class=\"gb-inside-container\">\n\n<figure class=\"gb-block-image gb-block-image-ce627c8d\"><img loading=\"lazy\" decoding=\"async\" width=\"1024\" height=\"683\" class=\"gb-image gb-image-ce627c8d\" src=\"https:\/\/eafinia.com\/wp-content\/uploads\/2022\/11\/why_afinia_5-1024x683.jpg\" alt=\"\" title=\"why_afinia_5\" srcset=\"https:\/\/eafinia.com\/wp-content\/uploads\/2022\/11\/why_afinia_5-1024x683.jpg 1024w, https:\/\/eafinia.com\/wp-content\/uploads\/2022\/11\/why_afinia_5-400x267.jpg 400w, https:\/\/eafinia.com\/wp-content\/uploads\/2022\/11\/why_afinia_5-600x400.jpg 600w, https:\/\/eafinia.com\/wp-content\/uploads\/2022\/11\/why_afinia_5-300x200.jpg 300w, https:\/\/eafinia.com\/wp-content\/uploads\/2022\/11\/why_afinia_5-768x512.jpg 768w, https:\/\/eafinia.com\/wp-content\/uploads\/2022\/11\/why_afinia_5.jpg 1200w\" sizes=\"auto, (max-width: 1024px) 100vw, 1024px\" \/><\/figure>\n\n\n\n<h4 class=\"gb-headline gb-headline-aaaf355d gb-headline-text\">D\u00c9POUSSI\u00c9REURS<\/h4>\n\n\n<div class=\"gb-button-wrapper gb-button-wrapper-bda27841\">\n\n<a class=\"gb-button gb-button-f3787a09 gb-button-text\" href=\"\/fr\/magasin\/?_kategoria=depoussiereurs\">Voyez plus &gt;<\/a>\n\n<\/div>\n<\/div><\/div><\/div>\n\n<div class=\"gb-grid-column gb-grid-column-27d8faa9\"><div class=\"gb-container gb-container-27d8faa9\"><a class=\"gb-container-link\" href=\"\/fr\/magasin\/?_kategoria=tables-de-cosmetique\"><\/a><div class=\"gb-inside-container\">\n\n<figure class=\"gb-block-image gb-block-image-7ee8530c\"><img loading=\"lazy\" decoding=\"async\" width=\"1024\" height=\"683\" class=\"gb-image gb-image-7ee8530c\" src=\"https:\/\/eafinia.com\/wp-content\/uploads\/2022\/10\/Art-Deco-Afinia-w-salonie-nr2-1024x683.jpg\" alt=\"\" title=\"Art-Deco-Afinia-w-salonie-nr2\" srcset=\"https:\/\/eafinia.com\/wp-content\/uploads\/2022\/10\/Art-Deco-Afinia-w-salonie-nr2-1024x683.jpg 1024w, https:\/\/eafinia.com\/wp-content\/uploads\/2022\/10\/Art-Deco-Afinia-w-salonie-nr2-400x267.jpg 400w, https:\/\/eafinia.com\/wp-content\/uploads\/2022\/10\/Art-Deco-Afinia-w-salonie-nr2-600x400.jpg 600w, https:\/\/eafinia.com\/wp-content\/uploads\/2022\/10\/Art-Deco-Afinia-w-salonie-nr2-300x200.jpg 300w, https:\/\/eafinia.com\/wp-content\/uploads\/2022\/10\/Art-Deco-Afinia-w-salonie-nr2-768x512.jpg 768w, https:\/\/eafinia.com\/wp-content\/uploads\/2022\/10\/Art-Deco-Afinia-w-salonie-nr2.jpg 1200w\" sizes=\"auto, (max-width: 1024px) 100vw, 1024px\" \/><\/figure>\n\n\n\n<h4 class=\"gb-headline gb-headline-2cebad90 gb-headline-text\">TABLES DE COSM\u00c9TIQUE<\/h4>\n\n\n<div class=\"gb-button-wrapper gb-button-wrapper-08298408\">\n\n<a class=\"gb-button gb-button-34c10612 gb-button-text\" href=\"\/fr\/magasin\/?_kategoria=tables-de-cosmetique\">Voyez plus &gt;<\/a>\n\n<\/div>\n<\/div><\/div><\/div>\n\n<div class=\"gb-grid-column gb-grid-column-2d38252f\"><div class=\"gb-container gb-container-2d38252f\"><a class=\"gb-container-link\" href=\"\/fr\/magasin\/?_kategoria=accessories-fr\"><\/a><div class=\"gb-inside-container\">\n\n<figure class=\"gb-block-image gb-block-image-ef7fe355\"><img loading=\"lazy\" decoding=\"async\" width=\"1200\" height=\"800\" class=\"gb-image gb-image-ef7fe355\" src=\"https:\/\/eafinia.com\/wp-content\/uploads\/2022\/11\/why_afinia_6.jpg\" alt=\"\" title=\"why_afinia_6\" srcset=\"https:\/\/eafinia.com\/wp-content\/uploads\/2022\/11\/why_afinia_6.jpg 1200w, https:\/\/eafinia.com\/wp-content\/uploads\/2022\/11\/why_afinia_6-400x267.jpg 400w, https:\/\/eafinia.com\/wp-content\/uploads\/2022\/11\/why_afinia_6-600x400.jpg 600w, https:\/\/eafinia.com\/wp-content\/uploads\/2022\/11\/why_afinia_6-300x200.jpg 300w, https:\/\/eafinia.com\/wp-content\/uploads\/2022\/11\/why_afinia_6-1024x683.jpg 1024w, https:\/\/eafinia.com\/wp-content\/uploads\/2022\/11\/why_afinia_6-768x512.jpg 768w\" sizes=\"auto, (max-width: 1200px) 100vw, 1200px\" \/><\/figure>\n\n\n\n<h4 class=\"gb-headline gb-headline-dc0f3a0f gb-headline-text\">ACCESSORIES<\/h4>\n\n\n<div class=\"gb-button-wrapper gb-button-wrapper-7b46f137\">\n\n<a class=\"gb-button gb-button-3a95eed7 gb-button-text\" href=\"\/fr\/magasin\/?_kategoria=accessories-fr\">Voyez plus &gt;<\/a>\n\n<\/div>\n<\/div><\/div><\/div>\n<\/div>\n<\/div><\/div>","protected":false},"excerpt":{"rendered":"<p>La marque Afinia est l&#8217;un des fabricants principaux de meubles de manucure et d&#8217;aspirateurs de poussi\u00e8re. Nous sommes pr\u00e9sents sur le march\u00e9 depuis 2013, fournissant des \u00e9quipements et des bureaux cosm\u00e9tiques de premi\u00e8re classe \u00e0 des clients du monde entier. Notre si\u00e8ge social est situ\u00e9 en Pologne &#8211; \u00e0 Pozna\u0144. C&#8217;est aussi l\u00e0 que se &#8230; <a title=\"Pourquoi Afinia\" class=\"read-more\" href=\"https:\/\/eafinia.com\/fr\/pourquoi-afinia\/\" aria-label=\"En savoir plus sur Pourquoi Afinia\">Lire plus<\/a><\/p>\n","protected":false},"author":1,"featured_media":0,"parent":0,"menu_order":0,"comment_status":"closed","ping_status":"closed","template":"","meta":{"_acf_changed":false,"inline_featured_image":false,"footnotes":""},"class_list":["post-52915","page","type-page","status-publish"],"acf":[],"_links":{"self":[{"href":"https:\/\/eafinia.com\/fr\/wp-json\/wp\/v2\/pages\/52915","targetHints":{"allow":["GET"]}}],"collection":[{"href":"https:\/\/eafinia.com\/fr\/wp-json\/wp\/v2\/pages"}],"about":[{"href":"https:\/\/eafinia.com\/fr\/wp-json\/wp\/v2\/types\/page"}],"author":[{"embeddable":true,"href":"https:\/\/eafinia.com\/fr\/wp-json\/wp\/v2\/users\/1"}],"replies":[{"embeddable":true,"href":"https:\/\/eafinia.com\/fr\/wp-json\/wp\/v2\/comments?post=52915"}],"version-history":[{"count":7,"href":"https:\/\/eafinia.com\/fr\/wp-json\/wp\/v2\/pages\/52915\/revisions"}],"predecessor-version":[{"id":54631,"href":"https:\/\/eafinia.com\/fr\/wp-json\/wp\/v2\/pages\/52915\/revisions\/54631"}],"wp:attachment":[{"href":"https:\/\/eafinia.com\/fr\/wp-json\/wp\/v2\/media?parent=52915"}],"curies":[{"name":"wp","href":"https:\/\/api.w.org\/{rel}","templated":true}]}}