{"id":68850,"date":"2025-11-26T13:15:30","date_gmt":"2025-11-26T12:15:30","guid":{"rendered":"https:\/\/eafinia.com\/?post_type=product&#038;p=68850"},"modified":"2026-01-23T15:06:05","modified_gmt":"2026-01-23T14:06:05","slug":"encimera-personalizada-para-la-mesa-de-manicura","status":"publish","type":"product","link":"https:\/\/eafinia.com\/es\/producto\/encimera-personalizada-para-la-mesa-de-manicura\/","title":{"rendered":"Encimera personalizada para la mesa de manicura"},"content":{"rendered":"<p data-start=\"0\" data-end=\"138\"><strong data-start=\"0\" data-end=\"67\">*Los marcos solo pueden adquirirse junto con tableros de mesa.<\/strong><br data-start=\"67\" data-end=\"70\" \/><strong data-start=\"70\" data-end=\"138\">*Las mesas cosm\u00e9ticas est\u00e1n dise\u00f1adas para alojar un aspirador.<\/strong><\/p>\n<p data-start=\"140\" data-end=\"370\">Elige tu tablero de mesa perfecto para la mesa cosm\u00e9tica, disponible en varios acabados \u00fanicos: Cashmere Mate, Andromeda, Roble, Rosy y Blanco. Cada versi\u00f3n est\u00e1 dise\u00f1ada para combinar est\u00e9tica, durabilidad y comodidad de trabajo.<\/p>\n<p data-start=\"372\" data-end=\"595\">Puedes personalizar a\u00fan m\u00e1s el tablero seleccionando pasacables y rejillas de ventilaci\u00f3n en tu color preferido: dorado, negro, blanco o plateado, para que tu mesa cosm\u00e9tica armonice perfectamente con el estilo de tu sal\u00f3n.<\/p>\n<p data-start=\"597\" data-end=\"919\" data-is-last-node=\"\" data-is-only-node=\"\">A\u00f1ade un aspirador profesional al tablero seleccionado y elige uno de los seis marcos disponibles (2 piezas), cada uno en diferentes opciones de color. Completa el conjunto con accesorios pr\u00e1cticos y crea tu propia mesa cosm\u00e9tica totalmente personalizada, que combina comodidad de trabajo con una apariencia impresionante.<\/p>\n","protected":false},"excerpt":{"rendered":"<p>Accessories<\/p>\n","protected":false},"featured_media":68215,"comment_status":"open","ping_status":"closed","template":"","meta":{"_acf_changed":false,"inline_featured_image":false},"product_brand":[],"product_cat":[182,179,751],"product_tag":[],"class_list":{"0":"post-68850","1":"product","2":"type-product","3":"status-publish","4":"has-post-thumbnail","6":"product_cat-estandar","7":"product_cat-mesas-de-manicura","8":"product_cat-novedades","9":"product_shipping_class-courier-pochlaniacze-zagranica-es-5","10":"sales-flash-overlay","11":"woocommerce-text-align-left","12":"woocommerce-image-align-center","13":"do-quantity-buttons","15":"first","16":"instock","17":"taxable","18":"shipping-taxable","19":"purchasable","20":"product-type-variable","21":"add-to-wishlist-before_image"},"acf":[],"gallery_images":[68217,68377,68221,68273,68225,68353,68229,68233,68389,68237,68245,68249,68261,68265,68277,68281,68285,68293,68297,68305,68309,68317,68325,68329,68333,68337,68341,68345,68361,68369,68373,68385],"_links":{"self":[{"href":"https:\/\/eafinia.com\/es\/wp-json\/wp\/v2\/product\/68850","targetHints":{"allow":["GET"]}}],"collection":[{"href":"https:\/\/eafinia.com\/es\/wp-json\/wp\/v2\/product"}],"about":[{"href":"https:\/\/eafinia.com\/es\/wp-json\/wp\/v2\/types\/product"}],"replies":[{"embeddable":true,"href":"https:\/\/eafinia.com\/es\/wp-json\/wp\/v2\/comments?post=68850"}],"wp:featuredmedia":[{"embeddable":true,"href":"https:\/\/eafinia.com\/es\/wp-json\/wp\/v2\/media\/68215"}],"wp:attachment":[{"href":"https:\/\/eafinia.com\/es\/wp-json\/wp\/v2\/media?parent=68850"}],"wp:term":[{"taxonomy":"product_brand","embeddable":true,"href":"https:\/\/eafinia.com\/es\/wp-json\/wp\/v2\/product_brand?post=68850"},{"taxonomy":"product_cat","embeddable":true,"href":"https:\/\/eafinia.com\/es\/wp-json\/wp\/v2\/product_cat?post=68850"},{"taxonomy":"product_tag","embeddable":true,"href":"https:\/\/eafinia.com\/es\/wp-json\/wp\/v2\/product_tag?post=68850"}],"curies":[{"name":"wp","href":"https:\/\/api.w.org\/{rel}","templated":true}]}}