{"id":68536,"date":"2025-12-08T15:27:47","date_gmt":"2025-12-08T14:27:47","guid":{"rendered":"https:\/\/eafinia.com\/?post_type=product&#038;p=68536"},"modified":"2026-04-07T11:01:32","modified_gmt":"2026-04-07T09:01:32","slug":"torno-para-unas-saeyang-marathon-3-champion-edicion-2026","status":"publish","type":"product","link":"https:\/\/eafinia.com\/es\/producto\/torno-para-unas-saeyang-marathon-3-champion-edicion-2026\/","title":{"rendered":"Torno para u\u00f1as Saeyang Marathon 3 Champion &#8211; Edici\u00f3n 2026"},"content":{"rendered":"<p data-start=\"1716\" data-end=\"2044\"><strong data-start=\"1744\" data-end=\"1812\">Fresadora profesional Saeyang Marathon 3 Champion \u2013 Edici\u00f3n 2026<\/strong> en color blanco, dise\u00f1ada para su uso en salones de belleza. El panel de control claro y legible, junto con un manejo intuitivo, la convierte en una excelente opci\u00f3n tanto para principiantes como para profesionales con experiencia.<\/p>\n<p data-start=\"2046\" data-end=\"2303\">Cuenta con una pieza de mano muy potente con un par de 2,9 Ncm. La velocidad m\u00e1xima de rotaci\u00f3n es de 30.000 RPM. La pieza de mano est\u00e1 completamente libre de vibraciones, y su forma ergon\u00f3mica y ligereza hacen que trabajar con ella sea un verdadero placer.<\/p>\n<p data-start=\"2305\" data-end=\"2513\">La pieza de mano tiene un sistema de bloqueo de fresas tipo TWIST-LOCK, que permite cambiar la fresa con un solo movimiento. Tambi\u00e9n se puede acoplar un soporte adicional para la pieza de mano al dispositivo.<\/p>\n<p data-start=\"2305\" data-end=\"2513\"><strong>La versi\u00f3n modernizada del popular modelo Saeyang Marathon 3 Champion NEW ha recibido una electr\u00f3nica mejorada y un nuevo sistema de transistores. Los cambios introducidos han aumentado la resistencia del dispositivo a las cargas y han mejorado su estabilidad, lo que se traduce en un trabajo m\u00e1s eficiente al tratar cut\u00edculas y u\u00f1as.<\/strong><\/p>\n<p data-start=\"2515\" data-end=\"2586\">El set incluye un pedal dedicado para regular la velocidad de rotaci\u00f3n.<\/p>\n","protected":false},"excerpt":{"rendered":"<p>Accesorios<\/p>\n","protected":false},"featured_media":68517,"comment_status":"open","ping_status":"closed","template":"","meta":{"_acf_changed":false,"inline_featured_image":false},"product_brand":[],"product_cat":[170],"product_tag":[],"class_list":{"0":"post-68536","1":"product","2":"type-product","3":"status-publish","4":"has-post-thumbnail","6":"product_cat-accesorios","7":"product_shipping_class-courier-akcesoria-zagranica-esp","8":"sales-flash-overlay","9":"woocommerce-text-align-left","10":"woocommerce-image-align-center","11":"do-quantity-buttons","13":"first","14":"instock","15":"taxable","16":"shipping-taxable","17":"purchasable","18":"product-type-simple","19":"add-to-wishlist-before_image"},"acf":[],"gallery_images":[68521,68525,68529,68533],"_links":{"self":[{"href":"https:\/\/eafinia.com\/es\/wp-json\/wp\/v2\/product\/68536","targetHints":{"allow":["GET"]}}],"collection":[{"href":"https:\/\/eafinia.com\/es\/wp-json\/wp\/v2\/product"}],"about":[{"href":"https:\/\/eafinia.com\/es\/wp-json\/wp\/v2\/types\/product"}],"replies":[{"embeddable":true,"href":"https:\/\/eafinia.com\/es\/wp-json\/wp\/v2\/comments?post=68536"}],"wp:featuredmedia":[{"embeddable":true,"href":"https:\/\/eafinia.com\/es\/wp-json\/wp\/v2\/media\/68517"}],"wp:attachment":[{"href":"https:\/\/eafinia.com\/es\/wp-json\/wp\/v2\/media?parent=68536"}],"wp:term":[{"taxonomy":"product_brand","embeddable":true,"href":"https:\/\/eafinia.com\/es\/wp-json\/wp\/v2\/product_brand?post=68536"},{"taxonomy":"product_cat","embeddable":true,"href":"https:\/\/eafinia.com\/es\/wp-json\/wp\/v2\/product_cat?post=68536"},{"taxonomy":"product_tag","embeddable":true,"href":"https:\/\/eafinia.com\/es\/wp-json\/wp\/v2\/product_tag?post=68536"}],"curies":[{"name":"wp","href":"https:\/\/api.w.org\/{rel}","templated":true}]}}