{"id":66755,"date":"2025-05-26T12:48:29","date_gmt":"2025-05-26T10:48:29","guid":{"rendered":"https:\/\/eafinia.com\/?post_type=product&#038;p=66755"},"modified":"2026-03-28T15:18:42","modified_gmt":"2026-03-28T14:18:42","slug":"reposamanos-afinia-luna","status":"publish","type":"product","link":"https:\/\/eafinia.com\/es\/producto\/reposamanos-afinia-luna\/","title":{"rendered":"Reposamanos Afinia Luna"},"content":{"rendered":"<p>Reposamanos elegante y funcional, dise\u00f1ado para la comodidad tanto de la estilista como del cliente. Su estructura ergon\u00f3mica proporciona un soporte c\u00f3modo para las manos, facilitando el trabajo durante la manicura. Fabricado con materiales duraderos, resistentes a la acetona, altas temperaturas y suciedad, lo que garantiza un uso prolongado y f\u00e1cil limpieza. Disponible en colores elegantes: cremoso y negro.<\/p>\n","protected":false},"excerpt":{"rendered":"<p>Accesorios<\/p>\n","protected":false},"featured_media":66743,"comment_status":"open","ping_status":"closed","template":"","meta":{"_acf_changed":false,"inline_featured_image":false},"product_brand":[],"product_cat":[170,751],"product_tag":[492],"class_list":{"0":"post-66755","1":"product","2":"type-product","3":"status-publish","4":"has-post-thumbnail","6":"product_cat-accesorios","7":"product_cat-novedades","8":"product_tag-sda-es-koszt-x2","9":"product_shipping_class-courier-akcesoria-zagranica-esp","10":"sales-flash-overlay","11":"woocommerce-text-align-left","12":"woocommerce-image-align-center","13":"do-quantity-buttons","15":"first","16":"instock","17":"taxable","18":"shipping-taxable","19":"purchasable","20":"product-type-variable","21":"add-to-wishlist-before_image"},"acf":[],"gallery_images":[66739,66735,66731,66727,66723,66719,66715,66711,66707,69090,69094],"_links":{"self":[{"href":"https:\/\/eafinia.com\/es\/wp-json\/wp\/v2\/product\/66755","targetHints":{"allow":["GET"]}}],"collection":[{"href":"https:\/\/eafinia.com\/es\/wp-json\/wp\/v2\/product"}],"about":[{"href":"https:\/\/eafinia.com\/es\/wp-json\/wp\/v2\/types\/product"}],"replies":[{"embeddable":true,"href":"https:\/\/eafinia.com\/es\/wp-json\/wp\/v2\/comments?post=66755"}],"wp:featuredmedia":[{"embeddable":true,"href":"https:\/\/eafinia.com\/es\/wp-json\/wp\/v2\/media\/66743"}],"wp:attachment":[{"href":"https:\/\/eafinia.com\/es\/wp-json\/wp\/v2\/media?parent=66755"}],"wp:term":[{"taxonomy":"product_brand","embeddable":true,"href":"https:\/\/eafinia.com\/es\/wp-json\/wp\/v2\/product_brand?post=66755"},{"taxonomy":"product_cat","embeddable":true,"href":"https:\/\/eafinia.com\/es\/wp-json\/wp\/v2\/product_cat?post=66755"},{"taxonomy":"product_tag","embeddable":true,"href":"https:\/\/eafinia.com\/es\/wp-json\/wp\/v2\/product_tag?post=66755"}],"curies":[{"name":"wp","href":"https:\/\/api.w.org\/{rel}","templated":true}]}}