{"id":66604,"date":"2025-05-13T15:23:58","date_gmt":"2025-05-13T13:23:58","guid":{"rendered":"https:\/\/eafinia.com\/?post_type=product&#038;p=66604"},"modified":"2026-03-24T12:59:23","modified_gmt":"2026-03-24T11:59:23","slug":"filtro-de-poliester-ndc-2000","status":"publish","type":"product","link":"https:\/\/eafinia.com\/es\/producto\/filtro-de-poliester-ndc-2000\/","title":{"rendered":"Filtro de poli\u00e9ster NDC 2000"},"content":{"rendered":"<p><strong>Filtro dise\u00f1ado SOLO para el Aspirador de Polvo para U\u00f1as Afinia NDC 2000<\/strong><\/p>\n<p>El filtro utiliza un material altamente eficaz a base de microfibras de poli\u00e9ster. El material es completamente sint\u00e9tico y evita la propagaci\u00f3n de microorganismos en la superficie del filtro.<\/p>\n<p>La funci\u00f3n principal de este filtro es proteger contra la contaminaci\u00f3n y garantizar aire limpio. El filtro puede purificar grandes vol\u00famenes de aire, eliminando polvo, polen de plantas, esporas de hongos, humo, polvo de cuarzo de procesos tecnol\u00f3gicos, etc. Los filtros de alta calidad Afinia <strong>eliminan el 99% de las impurezas del aire<\/strong>, proporcionando aire fresco, libre de contaminantes y al\u00e9rgenos.<\/p>\n<p>El material tambi\u00e9n se caracteriza por una alt\u00edsima capacidad de absorci\u00f3n de contaminantes y una baja resistencia al flujo de aire, lo que contribuye a una larga vida \u00fatil del filtro. Otra ventaja del filtro es su alta eficacia: <strong>captura la mayor\u00eda de las part\u00edculas de entre 1 y 10 micras<\/strong> y tiene una clase de filtraci\u00f3n ISO ePM10 seg\u00fan la norma DIN EN ISO 16890.<\/p>\n","protected":false},"excerpt":{"rendered":"<p>Filtros<\/p>\n","protected":false},"featured_media":66593,"comment_status":"open","ping_status":"closed","template":"","meta":{"_acf_changed":false,"inline_featured_image":false},"product_brand":[],"product_cat":[171,173],"product_tag":[],"class_list":{"0":"post-66604","1":"product","2":"type-product","3":"status-publish","4":"has-post-thumbnail","6":"product_cat-filtros","7":"product_cat-filtros-ndc-2000","8":"product_shipping_class-courier-akcesoria-zagranica-esp","9":"sales-flash-overlay","10":"woocommerce-text-align-left","11":"woocommerce-image-align-center","12":"do-quantity-buttons","14":"first","15":"instock","16":"taxable","17":"shipping-taxable","18":"purchasable","19":"product-type-simple","20":"add-to-wishlist-before_image"},"acf":[],"gallery_images":[66601,66597],"_links":{"self":[{"href":"https:\/\/eafinia.com\/es\/wp-json\/wp\/v2\/product\/66604","targetHints":{"allow":["GET"]}}],"collection":[{"href":"https:\/\/eafinia.com\/es\/wp-json\/wp\/v2\/product"}],"about":[{"href":"https:\/\/eafinia.com\/es\/wp-json\/wp\/v2\/types\/product"}],"replies":[{"embeddable":true,"href":"https:\/\/eafinia.com\/es\/wp-json\/wp\/v2\/comments?post=66604"}],"wp:featuredmedia":[{"embeddable":true,"href":"https:\/\/eafinia.com\/es\/wp-json\/wp\/v2\/media\/66593"}],"wp:attachment":[{"href":"https:\/\/eafinia.com\/es\/wp-json\/wp\/v2\/media?parent=66604"}],"wp:term":[{"taxonomy":"product_brand","embeddable":true,"href":"https:\/\/eafinia.com\/es\/wp-json\/wp\/v2\/product_brand?post=66604"},{"taxonomy":"product_cat","embeddable":true,"href":"https:\/\/eafinia.com\/es\/wp-json\/wp\/v2\/product_cat?post=66604"},{"taxonomy":"product_tag","embeddable":true,"href":"https:\/\/eafinia.com\/es\/wp-json\/wp\/v2\/product_tag?post=66604"}],"curies":[{"name":"wp","href":"https:\/\/api.w.org\/{rel}","templated":true}]}}