{"id":66564,"date":"2025-05-06T13:41:28","date_gmt":"2025-05-06T11:41:28","guid":{"rendered":"https:\/\/eafinia.com\/?post_type=product&#038;p=66564"},"modified":"2026-04-02T15:03:23","modified_gmt":"2026-04-02T13:03:23","slug":"cosmetic-table-afinia-calacatta","status":"publish","type":"product","link":"https:\/\/eafinia.com\/es\/producto\/cosmetic-table-afinia-calacatta\/","title":{"rendered":"Mesa de manicura Afinia Calacatta"},"content":{"rendered":"<p><strong>La mesa de manicura Afinia Calacatta<\/strong> combina un dise\u00f1o elegante con soluciones pr\u00e1cticas, ideal para cualquier sal\u00f3n de belleza moderno, cl\u00ednica de medicina est\u00e9tica o spa. La encimera, hecha de piedra <strong>Calacatta<\/strong>, presenta un refinado patr\u00f3n de m\u00e1rmol que aporta un toque de lujo y profesionalismo al interior.<\/p>\n","protected":false},"excerpt":{"rendered":"<p>Table cosm\u00e9tique, table de manucure<\/p>\n","protected":false},"featured_media":66548,"comment_status":"open","ping_status":"closed","template":"","meta":{"_acf_changed":false,"inline_featured_image":false},"product_brand":[],"product_cat":[182,179,751],"product_tag":[712,199,782,203,775,194,205],"class_list":{"0":"post-66564","1":"product","2":"type-product","3":"status-publish","4":"has-post-thumbnail","6":"product_cat-estandar","7":"product_cat-mesas-de-manicura","8":"product_cat-novedades","9":"product_tag-encimera-hecha-de-cuarzo-sinterizado","10":"product_tag-mesa-montada-y-lista-para-usar","11":"product_tag-number-of-electrical-outlets-4-es","12":"product_tag-recorte-ergonomico-en-el-tablero-para-que-la-estilista-trabaje-comodamente","13":"product_tag-stoly-esp-dystanse-15-euro","14":"product_tag-tomas-de-corriente-integradas","15":"product_tag-ventilacion-al-exterior","16":"sales-flash-overlay","17":"woocommerce-text-align-left","18":"woocommerce-image-align-center","19":"do-quantity-buttons","21":"first","22":"outofstock","23":"taxable","24":"shipping-taxable","25":"purchasable","26":"product-type-variable","27":"add-to-wishlist-before_image"},"acf":[],"gallery_images":[66544,66540,66536,67263,67259,66532,66528,66524,66520,66516,66512,66508,66504,66500,66496,66492,66488,66484,66480,66476],"_links":{"self":[{"href":"https:\/\/eafinia.com\/es\/wp-json\/wp\/v2\/product\/66564","targetHints":{"allow":["GET"]}}],"collection":[{"href":"https:\/\/eafinia.com\/es\/wp-json\/wp\/v2\/product"}],"about":[{"href":"https:\/\/eafinia.com\/es\/wp-json\/wp\/v2\/types\/product"}],"replies":[{"embeddable":true,"href":"https:\/\/eafinia.com\/es\/wp-json\/wp\/v2\/comments?post=66564"}],"wp:featuredmedia":[{"embeddable":true,"href":"https:\/\/eafinia.com\/es\/wp-json\/wp\/v2\/media\/66548"}],"wp:attachment":[{"href":"https:\/\/eafinia.com\/es\/wp-json\/wp\/v2\/media?parent=66564"}],"wp:term":[{"taxonomy":"product_brand","embeddable":true,"href":"https:\/\/eafinia.com\/es\/wp-json\/wp\/v2\/product_brand?post=66564"},{"taxonomy":"product_cat","embeddable":true,"href":"https:\/\/eafinia.com\/es\/wp-json\/wp\/v2\/product_cat?post=66564"},{"taxonomy":"product_tag","embeddable":true,"href":"https:\/\/eafinia.com\/es\/wp-json\/wp\/v2\/product_tag?post=66564"}],"curies":[{"name":"wp","href":"https:\/\/api.w.org\/{rel}","templated":true}]}}