{"id":66208,"date":"2025-03-28T13:06:42","date_gmt":"2025-03-28T12:06:42","guid":{"rendered":"https:\/\/eafinia.com\/?post_type=product&#038;p=66208"},"modified":"2026-01-23T15:05:56","modified_gmt":"2026-01-23T14:05:56","slug":"mesa-de-manicura-afinia-art-deco-white","status":"publish","type":"product","link":"https:\/\/eafinia.com\/es\/producto\/mesa-de-manicura-afinia-art-deco-white\/","title":{"rendered":"Mesa de manicura Afinia Art Deco White"},"content":{"rendered":"<p>El estilo Art D\u00e9co se remonta a la d\u00e9cada de los a\u00f1os 20 del siglo pasado y se distingue por su forma elegante y geom\u00e9trica y el uso de materiales hechos a mano. Lo mismo ocurre con nuestra mesa, con la que hemos querido referirnos a la est\u00e9tica de esa singular tendencia en el \u00e1mbito del dise\u00f1o. Adem\u00e1s de su inusual dise\u00f1o, la mesa Afinia Art Deco es tambi\u00e9n muy pr\u00e1ctica y extremadamente f\u00e1cil de montar.<\/p>\n","protected":false},"excerpt":{"rendered":"<p>Mesa cosm\u00e9tica, escritorio cosm\u00e9tico, mesa de manicura.<\/p>\n","protected":false},"featured_media":67064,"comment_status":"open","ping_status":"closed","template":"","meta":{"_acf_changed":false,"inline_featured_image":false},"product_brand":[],"product_cat":[182,179,751],"product_tag":[695,202,208,203],"class_list":{"0":"post-66208","1":"product","2":"type-product","3":"status-publish","4":"has-post-thumbnail","6":"product_cat-estandar","7":"product_cat-mesas-de-manicura","8":"product_cat-novedades","9":"product_tag-loft-i-art-deco-esp","10":"product_tag-mesa-de-automontaje-sencillo","11":"product_tag-nuevo","12":"product_tag-recorte-ergonomico-en-el-tablero-para-que-la-estilista-trabaje-comodamente","13":"product_shipping_class-courier-stoly-zagranica-esp","14":"sales-flash-overlay","15":"woocommerce-text-align-left","16":"woocommerce-image-align-center","17":"do-quantity-buttons","19":"first","20":"instock","21":"taxable","22":"shipping-taxable","23":"purchasable","24":"product-type-variable","25":"add-to-wishlist-before_image"},"acf":[],"gallery_images":[67068,66181,67084,67080,66028,67076,67072],"_links":{"self":[{"href":"https:\/\/eafinia.com\/es\/wp-json\/wp\/v2\/product\/66208","targetHints":{"allow":["GET"]}}],"collection":[{"href":"https:\/\/eafinia.com\/es\/wp-json\/wp\/v2\/product"}],"about":[{"href":"https:\/\/eafinia.com\/es\/wp-json\/wp\/v2\/types\/product"}],"replies":[{"embeddable":true,"href":"https:\/\/eafinia.com\/es\/wp-json\/wp\/v2\/comments?post=66208"}],"wp:featuredmedia":[{"embeddable":true,"href":"https:\/\/eafinia.com\/es\/wp-json\/wp\/v2\/media\/67064"}],"wp:attachment":[{"href":"https:\/\/eafinia.com\/es\/wp-json\/wp\/v2\/media?parent=66208"}],"wp:term":[{"taxonomy":"product_brand","embeddable":true,"href":"https:\/\/eafinia.com\/es\/wp-json\/wp\/v2\/product_brand?post=66208"},{"taxonomy":"product_cat","embeddable":true,"href":"https:\/\/eafinia.com\/es\/wp-json\/wp\/v2\/product_cat?post=66208"},{"taxonomy":"product_tag","embeddable":true,"href":"https:\/\/eafinia.com\/es\/wp-json\/wp\/v2\/product_tag?post=66208"}],"curies":[{"name":"wp","href":"https:\/\/api.w.org\/{rel}","templated":true}]}}