{"id":65862,"date":"2025-02-28T12:35:17","date_gmt":"2025-02-28T11:35:17","guid":{"rendered":"https:\/\/eafinia.com\/?post_type=product&#038;p=65862"},"modified":"2026-01-20T12:43:46","modified_gmt":"2026-01-20T11:43:46","slug":"reposamanos-afinia-comfort","status":"publish","type":"product","link":"https:\/\/eafinia.com\/es\/producto\/reposamanos-afinia-comfort\/","title":{"rendered":"Reposamanos Afinia Comfort"},"content":{"rendered":"<p>Un soporte elegante y funcional dise\u00f1ado para la comodidad de la estilista y el cliente. Su dise\u00f1o ergon\u00f3mico proporciona un apoyo c\u00f3modo para las manos, facilitando el trabajo durante la manicura. Fabricado con materiales duraderos, es resistente a la acetona, altas temperaturas y suciedad, lo que garantiza un uso prolongado y f\u00e1cil mantenimiento. Disponible en colores elegantes: cremoso y rosa.<\/p>\n","protected":false},"excerpt":{"rendered":"<p>Accesorios<\/p>\n","protected":false},"featured_media":65838,"comment_status":"open","ping_status":"closed","template":"","meta":{"_acf_changed":false,"inline_featured_image":false},"product_brand":[],"product_cat":[170,751],"product_tag":[492],"class_list":{"0":"post-65862","1":"product","2":"type-product","3":"status-publish","4":"has-post-thumbnail","6":"product_cat-accesorios","7":"product_cat-novedades","8":"product_tag-sda-es-koszt-x2","9":"product_shipping_class-courier-akcesoria-zagranica-esp","10":"sales-flash-overlay","11":"woocommerce-text-align-left","12":"woocommerce-image-align-center","13":"do-quantity-buttons","15":"first","16":"instock","17":"taxable","18":"shipping-taxable","19":"purchasable","20":"product-type-variable","21":"add-to-wishlist-before_image"},"acf":[],"gallery_images":[65846,65842,65834,65830,65854,65850],"_links":{"self":[{"href":"https:\/\/eafinia.com\/es\/wp-json\/wp\/v2\/product\/65862","targetHints":{"allow":["GET"]}}],"collection":[{"href":"https:\/\/eafinia.com\/es\/wp-json\/wp\/v2\/product"}],"about":[{"href":"https:\/\/eafinia.com\/es\/wp-json\/wp\/v2\/types\/product"}],"replies":[{"embeddable":true,"href":"https:\/\/eafinia.com\/es\/wp-json\/wp\/v2\/comments?post=65862"}],"wp:featuredmedia":[{"embeddable":true,"href":"https:\/\/eafinia.com\/es\/wp-json\/wp\/v2\/media\/65838"}],"wp:attachment":[{"href":"https:\/\/eafinia.com\/es\/wp-json\/wp\/v2\/media?parent=65862"}],"wp:term":[{"taxonomy":"product_brand","embeddable":true,"href":"https:\/\/eafinia.com\/es\/wp-json\/wp\/v2\/product_brand?post=65862"},{"taxonomy":"product_cat","embeddable":true,"href":"https:\/\/eafinia.com\/es\/wp-json\/wp\/v2\/product_cat?post=65862"},{"taxonomy":"product_tag","embeddable":true,"href":"https:\/\/eafinia.com\/es\/wp-json\/wp\/v2\/product_tag?post=65862"}],"curies":[{"name":"wp","href":"https:\/\/api.w.org\/{rel}","templated":true}]}}