{"id":65372,"date":"2025-02-04T11:47:37","date_gmt":"2025-02-04T10:47:37","guid":{"rendered":"https:\/\/eafinia.com\/?post_type=product&#038;p=65372"},"modified":"2025-09-04T11:08:36","modified_gmt":"2025-09-04T09:08:36","slug":"afinia-uniform","status":"publish","type":"product","link":"https:\/\/eafinia.com\/es\/producto\/afinia-uniform\/","title":{"rendered":"Afinia Uniform"},"content":{"rendered":"<p>Les presentamos nuestro nuevo delantal: elegante y sumamente pr\u00e1ctico, confeccionado con un tejido italiano de alta calidad a base de viscosa y poli\u00e9ster. Gracias a sus pr\u00e1cticos bolsillos, podr\u00e1s guardar f\u00e1cilmente pinceles, limas y otros accesorios esenciales. Su talla universal y su c\u00f3modo dise\u00f1o garantizan libertad de movimiento y comodidad, mientras que la correa ajustable en el cuello permite un ajuste perfecto a la silueta y a las preferencias individuales. El material es suave al tacto, no transparenta y es ligeramente el\u00e1stico, lo que permite que el delantal se adapte perfectamente a la figura.<\/p>\n","protected":false},"excerpt":{"rendered":"<p>Les presentamos nuestro nuevo delantal: elegante y sumamente pr\u00e1ctico, confeccionado con un tejido italiano de alta calidad a base de viscosa y poli\u00e9ster. Gracias a sus pr\u00e1cticos bolsillos, podr\u00e1s guardar f\u00e1cilmente pinceles, limas y otros accesorios esenciales. Su talla universal y su c\u00f3modo dise\u00f1o garantizan libertad de movimiento y comodidad, mientras que la correa ajustable &#8230; <a title=\"Afinia Uniform\" class=\"read-more\" href=\"https:\/\/eafinia.com\/es\/producto\/afinia-uniform\/\" aria-label=\"Leer m\u00e1s sobre Afinia Uniform\">Leer m\u00e1s<\/a><\/p>\n","protected":false},"featured_media":65308,"comment_status":"open","ping_status":"closed","template":"","meta":{"_acf_changed":false,"inline_featured_image":false},"product_brand":[],"product_cat":[170,751],"product_tag":[493],"class_list":{"0":"post-65372","1":"product","2":"type-product","3":"status-publish","4":"has-post-thumbnail","6":"product_cat-accesorios","7":"product_cat-novedades","8":"product_tag-sda-es","9":"product_shipping_class-courier-akcesoria-zagranica-es","10":"sales-flash-overlay","11":"woocommerce-text-align-left","12":"woocommerce-image-align-center","13":"do-quantity-buttons","15":"first","16":"instock","17":"taxable","18":"shipping-taxable","19":"purchasable","20":"product-type-variable","21":"add-to-wishlist-before_image"},"acf":[],"gallery_images":[65320,65336,65332,65328,65324,65316,65312,65304,65300,65296,65353,65345,65341,65361,65357,65349],"_links":{"self":[{"href":"https:\/\/eafinia.com\/es\/wp-json\/wp\/v2\/product\/65372","targetHints":{"allow":["GET"]}}],"collection":[{"href":"https:\/\/eafinia.com\/es\/wp-json\/wp\/v2\/product"}],"about":[{"href":"https:\/\/eafinia.com\/es\/wp-json\/wp\/v2\/types\/product"}],"replies":[{"embeddable":true,"href":"https:\/\/eafinia.com\/es\/wp-json\/wp\/v2\/comments?post=65372"}],"wp:featuredmedia":[{"embeddable":true,"href":"https:\/\/eafinia.com\/es\/wp-json\/wp\/v2\/media\/65308"}],"wp:attachment":[{"href":"https:\/\/eafinia.com\/es\/wp-json\/wp\/v2\/media?parent=65372"}],"wp:term":[{"taxonomy":"product_brand","embeddable":true,"href":"https:\/\/eafinia.com\/es\/wp-json\/wp\/v2\/product_brand?post=65372"},{"taxonomy":"product_cat","embeddable":true,"href":"https:\/\/eafinia.com\/es\/wp-json\/wp\/v2\/product_cat?post=65372"},{"taxonomy":"product_tag","embeddable":true,"href":"https:\/\/eafinia.com\/es\/wp-json\/wp\/v2\/product_tag?post=65372"}],"curies":[{"name":"wp","href":"https:\/\/api.w.org\/{rel}","templated":true}]}}