{"id":65224,"date":"2025-01-30T13:54:29","date_gmt":"2025-01-30T12:54:29","guid":{"rendered":"https:\/\/eafinia.com\/?post_type=product&#038;p=65224"},"modified":"2026-01-23T15:05:56","modified_gmt":"2026-01-23T14:05:56","slug":"mesa-de-manicura-afinia-basic-konglomerado-new","status":"publish","type":"product","link":"https:\/\/eafinia.com\/es\/producto\/mesa-de-manicura-afinia-basic-konglomerado-new\/","title":{"rendered":"Mesa de manicura Afinia Basic Konglomerado New"},"content":{"rendered":"<p>La mesa de manicura AFINIA BASIC Conglomerado New es una soluci\u00f3n funcional y est\u00e9tica para espacios de belleza. Su dise\u00f1o simple y universal cuenta con un amplio espacio de almacenamiento con cinco cajones. La mesa incluye separadores cuadrados que aumentan la estabilidad de la estructura. Ofrece una superficie duradera hecha de conglomerado resistente a los ara\u00f1azos, lo que garantiza no solo una apariencia elegante, sino tambi\u00e9n una larga vida \u00fatil.<\/p>\n<p><strong>*La versi\u00f3n de 130 cm presenta una textura de conglomerado m\u00e1s marcada y densa; es un efecto natural del proceso de producci\u00f3n que le da a la encimera un car\u00e1cter m\u00e1s distintivo.<\/strong><\/p>\n<div class=\"image-conglomerat\" style=\"display: flex; gap: 20px; flex-wrap: wrap;\">\n<div style=\"margin-top: 20px;\"><strong>versi\u00f3n 130 cm:<\/strong><a href=\"https:\/\/afinia.pl\/wp-content\/uploads\/2025\/12\/130cm-konglomerat.jpg\" target=\"_blank\" rel=\"noopener\"><br \/>\n<img decoding=\"async\" style=\"max-width: 300px; width: 100%; height: auto; border-radius: 8px; cursor: pointer;\" src=\"https:\/\/afinia.pl\/wp-content\/uploads\/2025\/12\/130cm-konglomerat.jpg\" alt=\"St\u00f3\u0142 130 cm\" \/><br \/>\n<\/a><\/div>\n<div style=\"margin-top: 20px;\">\n<p><strong>versi\u00f3n 116 cm:<\/strong><a href=\"https:\/\/afinia.pl\/wp-content\/uploads\/2024\/10\/NOWE-STOLY-KREMOWE-TLO-2-1E-1.jpg\" target=\"_blank\" rel=\"noopener\"><br \/>\n<img decoding=\"async\" style=\"max-width: 300px; width: 100%; height: auto; border-radius: 8px; cursor: pointer;\" src=\"https:\/\/afinia.pl\/wp-content\/uploads\/2024\/10\/NOWE-STOLY-KREMOWE-TLO-2-1E-1.jpg\" alt=\"St\u00f3\u0142 116 cm\" \/><br \/>\n<\/a><\/p>\n<\/div>\n<\/div>\n<p><strong>Recomendamos el uso de nuestra funda de silicona Afinia Cover y la limpieza con nuestro Afinia Table Cleaner.<\/strong><\/p>\n","protected":false},"excerpt":{"rendered":"<p>Mesa cosm\u00e9tica, escritorio cosm\u00e9tico, mesa de manicura<\/p>\n","protected":false},"featured_media":65171,"comment_status":"open","ping_status":"closed","template":"","meta":{"_acf_changed":false,"inline_featured_image":false},"product_brand":[],"product_cat":[182,179],"product_tag":[210,199,700,203,775,194,205],"class_list":{"0":"post-65224","1":"product","2":"type-product","3":"status-publish","4":"has-post-thumbnail","6":"product_cat-estandar","7":"product_cat-mesas-de-manicura","8":"product_tag-encimera-de-conglomerado","9":"product_tag-mesa-montada-y-lista-para-usar","10":"product_tag-numero-de-enchufes-electricos-4","11":"product_tag-recorte-ergonomico-en-el-tablero-para-que-la-estilista-trabaje-comodamente","12":"product_tag-stoly-esp-dystanse-15-euro","13":"product_tag-tomas-de-corriente-integradas","14":"product_tag-ventilacion-al-exterior","15":"product_shipping_class-courier-stoly-zagranica-esp-es","16":"sales-flash-overlay","17":"woocommerce-text-align-left","18":"woocommerce-image-align-center","19":"do-quantity-buttons","21":"first","22":"instock","23":"taxable","24":"shipping-taxable","25":"purchasable","26":"product-type-variable","27":"add-to-wishlist-before_image"},"acf":[],"gallery_images":[65175,67932,67936,67940,67944,67987,67108,68502,68498],"_links":{"self":[{"href":"https:\/\/eafinia.com\/es\/wp-json\/wp\/v2\/product\/65224","targetHints":{"allow":["GET"]}}],"collection":[{"href":"https:\/\/eafinia.com\/es\/wp-json\/wp\/v2\/product"}],"about":[{"href":"https:\/\/eafinia.com\/es\/wp-json\/wp\/v2\/types\/product"}],"replies":[{"embeddable":true,"href":"https:\/\/eafinia.com\/es\/wp-json\/wp\/v2\/comments?post=65224"}],"wp:featuredmedia":[{"embeddable":true,"href":"https:\/\/eafinia.com\/es\/wp-json\/wp\/v2\/media\/65171"}],"wp:attachment":[{"href":"https:\/\/eafinia.com\/es\/wp-json\/wp\/v2\/media?parent=65224"}],"wp:term":[{"taxonomy":"product_brand","embeddable":true,"href":"https:\/\/eafinia.com\/es\/wp-json\/wp\/v2\/product_brand?post=65224"},{"taxonomy":"product_cat","embeddable":true,"href":"https:\/\/eafinia.com\/es\/wp-json\/wp\/v2\/product_cat?post=65224"},{"taxonomy":"product_tag","embeddable":true,"href":"https:\/\/eafinia.com\/es\/wp-json\/wp\/v2\/product_tag?post=65224"}],"curies":[{"name":"wp","href":"https:\/\/api.w.org\/{rel}","templated":true}]}}