{"id":63554,"date":"2024-10-21T14:03:09","date_gmt":"2024-10-21T12:03:09","guid":{"rendered":"https:\/\/eafinia.com\/?post_type=product&#038;p=63554"},"modified":"2025-01-08T10:30:01","modified_gmt":"2025-01-08T09:30:01","slug":"afinia-table-cleaner","status":"publish","type":"product","link":"https:\/\/eafinia.com\/es\/producto\/afinia-table-cleaner\/","title":{"rendered":"Afinia Table Cleaner"},"content":{"rendered":"<p><strong>Spray para la limpieza y el cuidado de muebles cosm\u00e9ticos<\/strong><\/p>\n<p>Producto profesional dise\u00f1ado para limpiar y mantener mesas y muebles cosm\u00e9ticos. Limpia y cuida tus muebles cosm\u00e9ticos de manera integral. Adecuado para la limpieza de muebles de cocina y ba\u00f1o. Gracias a su f\u00f3rmula \u00fanica, elimina f\u00e1cilmente las huellas dactilares y el polvo, protegiendo al mismo tiempo la superficie de su reaparici\u00f3n. Modo de empleo: Pulverizar directamente sobre la superficie a limpiar desde una distancia de 10 cm. Extender uniformemente con un pa\u00f1o y secar. No requiere pulido. Seguro para todas las superficies lacadas, independientemente del color.<\/p>\n<p><em>*De acuerdo con la norma cosm\u00e9tica ISO 16128<\/em><\/p>\n","protected":false},"excerpt":{"rendered":"<p>Accesorios<\/p>\n","protected":false},"featured_media":63546,"comment_status":"open","ping_status":"closed","template":"","meta":{"_acf_changed":false,"inline_featured_image":false},"product_brand":[],"product_cat":[170,751],"product_tag":[208,492],"class_list":{"0":"post-63554","1":"product","2":"type-product","3":"status-publish","4":"has-post-thumbnail","6":"product_cat-accesorios","7":"product_cat-novedades","8":"product_tag-nuevo","9":"product_tag-sda-es-koszt-x2","10":"product_shipping_class-courier-akcesoria-zagranica-esp","11":"sales-flash-overlay","12":"woocommerce-text-align-left","13":"woocommerce-image-align-center","14":"do-quantity-buttons","16":"first","17":"instock","18":"taxable","19":"shipping-taxable","20":"purchasable","21":"product-type-simple","22":"add-to-wishlist-before_image"},"acf":[],"gallery_images":[63570,63679],"_links":{"self":[{"href":"https:\/\/eafinia.com\/es\/wp-json\/wp\/v2\/product\/63554","targetHints":{"allow":["GET"]}}],"collection":[{"href":"https:\/\/eafinia.com\/es\/wp-json\/wp\/v2\/product"}],"about":[{"href":"https:\/\/eafinia.com\/es\/wp-json\/wp\/v2\/types\/product"}],"replies":[{"embeddable":true,"href":"https:\/\/eafinia.com\/es\/wp-json\/wp\/v2\/comments?post=63554"}],"wp:featuredmedia":[{"embeddable":true,"href":"https:\/\/eafinia.com\/es\/wp-json\/wp\/v2\/media\/63546"}],"wp:attachment":[{"href":"https:\/\/eafinia.com\/es\/wp-json\/wp\/v2\/media?parent=63554"}],"wp:term":[{"taxonomy":"product_brand","embeddable":true,"href":"https:\/\/eafinia.com\/es\/wp-json\/wp\/v2\/product_brand?post=63554"},{"taxonomy":"product_cat","embeddable":true,"href":"https:\/\/eafinia.com\/es\/wp-json\/wp\/v2\/product_cat?post=63554"},{"taxonomy":"product_tag","embeddable":true,"href":"https:\/\/eafinia.com\/es\/wp-json\/wp\/v2\/product_tag?post=63554"}],"curies":[{"name":"wp","href":"https:\/\/api.w.org\/{rel}","templated":true}]}}