{"id":62524,"date":"2024-08-30T12:13:40","date_gmt":"2024-08-30T10:13:40","guid":{"rendered":"https:\/\/eafinia.com\/?post_type=product&#038;p=62524"},"modified":"2026-03-17T11:09:26","modified_gmt":"2026-03-17T10:09:26","slug":"mesa-de-manicura-afinia-basic","status":"publish","type":"product","link":"https:\/\/eafinia.com\/es\/producto\/mesa-de-manicura-afinia-basic\/","title":{"rendered":"Mesa de manicura Afinia Basic New"},"content":{"rendered":"<p><strong>La mesa de manicura AFINIA BASIC NEW<\/strong> es una versi\u00f3n actualizada de nuestro modelo cl\u00e1sico, que combina un dise\u00f1o simple y moderno con a\u00fan m\u00e1s funcionalidad. Est\u00e1 equipada con separadores cuadrados que le dan a toda la estructura un aspecto moderno y al mismo tiempo aumentan la estabilidad de la construcci\u00f3n. Al igual que su predecesora, la mesa ofrece un amplio espacio de almacenamiento en forma de 5 cajones, lo que permite una organizaci\u00f3n conveniente de herramientas y accesorios.<\/p>\n","protected":false},"excerpt":{"rendered":"<p>Mesa cosm\u00e9tica, escritorio cosm\u00e9tico, mesa de manicura<\/p>\n","protected":false},"featured_media":64241,"comment_status":"open","ping_status":"closed","template":"","meta":{"_acf_changed":false,"inline_featured_image":false},"product_brand":[],"product_cat":[182,179,751],"product_tag":[712,199,945,203,775,194,205],"class_list":{"0":"post-62524","1":"product","2":"type-product","3":"status-publish","4":"has-post-thumbnail","6":"product_cat-estandar","7":"product_cat-mesas-de-manicura","8":"product_cat-novedades","9":"product_tag-encimera-hecha-de-cuarzo-sinterizado","10":"product_tag-mesa-montada-y-lista-para-usar","11":"product_tag-numero-de-enchufes-electricos-5","12":"product_tag-recorte-ergonomico-en-el-tablero-para-que-la-estilista-trabaje-comodamente","13":"product_tag-stoly-esp-dystanse-15-euro","14":"product_tag-tomas-de-corriente-integradas","15":"product_tag-ventilacion-al-exterior","16":"sales-flash-overlay","17":"woocommerce-text-align-left","18":"woocommerce-image-align-center","19":"do-quantity-buttons","21":"first","22":"instock","23":"taxable","24":"shipping-taxable","25":"purchasable","26":"product-type-variable","27":"add-to-wishlist-before_image"},"acf":[],"gallery_images":[64245,62282,64206,64249,67126,64182,62274,64186,64202,62230,62653,63641,64198,64194,64190,62278,62545],"_links":{"self":[{"href":"https:\/\/eafinia.com\/es\/wp-json\/wp\/v2\/product\/62524","targetHints":{"allow":["GET"]}}],"collection":[{"href":"https:\/\/eafinia.com\/es\/wp-json\/wp\/v2\/product"}],"about":[{"href":"https:\/\/eafinia.com\/es\/wp-json\/wp\/v2\/types\/product"}],"replies":[{"embeddable":true,"href":"https:\/\/eafinia.com\/es\/wp-json\/wp\/v2\/comments?post=62524"}],"wp:featuredmedia":[{"embeddable":true,"href":"https:\/\/eafinia.com\/es\/wp-json\/wp\/v2\/media\/64241"}],"wp:attachment":[{"href":"https:\/\/eafinia.com\/es\/wp-json\/wp\/v2\/media?parent=62524"}],"wp:term":[{"taxonomy":"product_brand","embeddable":true,"href":"https:\/\/eafinia.com\/es\/wp-json\/wp\/v2\/product_brand?post=62524"},{"taxonomy":"product_cat","embeddable":true,"href":"https:\/\/eafinia.com\/es\/wp-json\/wp\/v2\/product_cat?post=62524"},{"taxonomy":"product_tag","embeddable":true,"href":"https:\/\/eafinia.com\/es\/wp-json\/wp\/v2\/product_tag?post=62524"}],"curies":[{"name":"wp","href":"https:\/\/api.w.org\/{rel}","templated":true}]}}