{"id":61746,"date":"2024-07-19T12:09:02","date_gmt":"2024-07-19T10:09:02","guid":{"rendered":"https:\/\/eafinia.com\/?post_type=product&#038;p=61746"},"modified":"2026-01-14T11:35:28","modified_gmt":"2026-01-14T10:35:28","slug":"conjunto-art-deco-gold-cabina-de-cosmetica-afinia","status":"publish","type":"product","link":"https:\/\/eafinia.com\/es\/producto\/conjunto-art-deco-gold-cabina-de-cosmetica-afinia\/","title":{"rendered":"Conjunto Art Deco Gold + Cabina de cosm\u00e9tica Afinia"},"content":{"rendered":"<p><strong style=\"color: #7b9c78;\">Mesa de manicura Afinia Art Deco Gold<\/strong><\/p>\n<p>El estilo Art D\u00e9co se remonta a la d\u00e9cada de los a\u00f1os 20 del siglo pasado y se distingue por su forma elegante y geom\u00e9trica y el uso de materiales hechos a mano. Lo mismo ocurre con nuestra mesa, con la que hemos querido referirnos a la est\u00e9tica de esa singular tendencia en el \u00e1mbito del dise\u00f1o. Adem\u00e1s de su inusual dise\u00f1o, la mesa Afinia Art Deco es tambi\u00e9n muy pr\u00e1ctica y extremadamente f\u00e1cil de montar.<\/p>\n<hr \/>\n<p><strong style=\"color: #7b9c78;\">Aspirador de Polvo para U\u00f1as Afinia NDC 2000<\/strong><\/p>\n<p>Aspiradores de Polvo para U\u00f1as Afinia NDC 2000 es nuestro \u00e9xito de ventas. El aspirador se distingue sobre todo por su potencia y eficacia. Miles de clientes satisfechos y comentarios positivos confirman nuestro compromiso con los m\u00e1s altos est\u00e1ndares. La tecnolog\u00eda de Afinia ha sido r\u00e1pidamente reconocida por los profesionales, gozando d 9 a\u00f1os e la aprobaci\u00f3n del sector.<\/p>\n<hr \/>\n<p><strong style=\"color: #7b9c78;\">Cabina de cosm\u00e9tica Afinia<\/strong><\/p>\n<p>Descubre una forma \u00fanica de mantener tu colecci\u00f3n de cosm\u00e9ticos organizada con nuestro elegante y funcional armario de cosm\u00e9ticos. Dise\u00f1ado perfectamente para satisfacer las demandas de los usuarios m\u00e1s exigentes, el armario de cosm\u00e9ticos se convertir\u00e1 en un elemento indispensable en tu rutina diaria de cuidado personal.<\/p>\n<hr \/>\n<p><strong style=\"color: #7b9c78;\"><strong>Spray para la limpieza y el cuidado de muebles cosm\u00e9ticos<\/strong><\/strong><\/p>\n<p>Producto profesional dise\u00f1ado para limpiar y mantener mesas y muebles cosm\u00e9ticos. Limpia y cuida tus muebles cosm\u00e9ticos de manera integral. Adecuado para la limpieza de muebles de cocina y ba\u00f1o. Gracias a su f\u00f3rmula \u00fanica, elimina f\u00e1cilmente las huellas dactilares y el polvo, protegiendo al mismo tiempo la superficie de su reaparici\u00f3n. Modo de empleo: Pulverizar directamente sobre la superficie a limpiar desde una distancia de 10 cm. Extender uniformemente con un pa\u00f1o y secar. No requiere pulido. Seguro para todas las superficies lacadas, independientemente del color.<\/p>\n","protected":false},"excerpt":{"rendered":"<p>Mesa cosm\u00e9tica, escritorio cosm\u00e9tico, mesa de manicura.<\/p>\n","protected":false},"featured_media":61711,"comment_status":"open","ping_status":"closed","template":"","meta":{"_acf_changed":false,"inline_featured_image":false},"product_brand":[],"product_cat":[523,748],"product_tag":[202,208,203],"class_list":{"0":"post-61746","1":"product","2":"type-product","3":"status-publish","4":"has-post-thumbnail","6":"product_cat-conjuntos","7":"product_cat-promociones","8":"product_tag-mesa-de-automontaje-sencillo","9":"product_tag-nuevo","10":"product_tag-recorte-ergonomico-en-el-tablero-para-que-la-estilista-trabaje-comodamente","11":"product_shipping_class-courier-stoly-zagranica-esp","12":"sales-flash-overlay","13":"woocommerce-text-align-left","14":"woocommerce-image-align-center","15":"do-quantity-buttons","17":"first","18":"instock","19":"sale","20":"taxable","21":"shipping-taxable","22":"purchasable","23":"product-type-woosb","24":"add-to-wishlist-before_image"},"acf":[],"gallery_images":[57576,60895,60825,63546],"_links":{"self":[{"href":"https:\/\/eafinia.com\/es\/wp-json\/wp\/v2\/product\/61746","targetHints":{"allow":["GET"]}}],"collection":[{"href":"https:\/\/eafinia.com\/es\/wp-json\/wp\/v2\/product"}],"about":[{"href":"https:\/\/eafinia.com\/es\/wp-json\/wp\/v2\/types\/product"}],"replies":[{"embeddable":true,"href":"https:\/\/eafinia.com\/es\/wp-json\/wp\/v2\/comments?post=61746"}],"wp:featuredmedia":[{"embeddable":true,"href":"https:\/\/eafinia.com\/es\/wp-json\/wp\/v2\/media\/61711"}],"wp:attachment":[{"href":"https:\/\/eafinia.com\/es\/wp-json\/wp\/v2\/media?parent=61746"}],"wp:term":[{"taxonomy":"product_brand","embeddable":true,"href":"https:\/\/eafinia.com\/es\/wp-json\/wp\/v2\/product_brand?post=61746"},{"taxonomy":"product_cat","embeddable":true,"href":"https:\/\/eafinia.com\/es\/wp-json\/wp\/v2\/product_cat?post=61746"},{"taxonomy":"product_tag","embeddable":true,"href":"https:\/\/eafinia.com\/es\/wp-json\/wp\/v2\/product_tag?post=61746"}],"curies":[{"name":"wp","href":"https:\/\/api.w.org\/{rel}","templated":true}]}}